{"id":3995,"date":"2025-09-25T09:44:44","date_gmt":"2025-09-25T07:44:44","guid":{"rendered":"https:\/\/rrunning.tribalt.agency\/?post_type=product&#038;p=3995"},"modified":"2025-09-25T09:48:14","modified_gmt":"2025-09-25T07:48:14","slug":"roadmachine-three","status":"publish","type":"product","link":"https:\/\/rrunning.tribalt.agency\/?product=roadmachine-three","title":{"rendered":"ROADMACHINE THREE"},"content":{"rendered":"<p><strong>Taille : 54 (M)<\/strong><\/p>\n<div class=\"specs__section\">\n<div class=\"specs__info\">\n<div class=\"specs__section\">\n<div class=\"specs__info\">\n<div class=\"specs__section\">\n<div class=\"specs__info\">\n<p>Endurance sans limites. Le Roadmachine 01 THREE red\u00e9finit les performances d'endurance en alliant vitesse, confort et polyvalence. Fabriqu\u00e9 en carbone 01 premium, il b\u00e9n\u00e9ficie d'une int\u00e9gration avanc\u00e9e, avec passage de c\u00e2bles interne, rangement dans le tube diagonal et \u00e9clairage arri\u00e8re int\u00e9gr\u00e9 pour plus de s\u00e9curit\u00e9.<\/p>\n<div class=\"specs__section\">\n<h4 class=\"specs__section-title\">Kit cadre<\/h4>\n<div class=\"specs__info\">\n<p><b>Cadre:<\/b><br \/>\nRoadmachine 01 Premium Carbon with Tuned Compliance Concept Endurance | ICS Technology Stealth Cable Routing | Integrated Downtube Storage | Stealth Dropout Design | 12 x 142mm Thru-Axle<\/p>\n<p><b>Fourche:<\/b><br \/>\nRoadmachine 01 Premium Carbon with Tuned Compliance Concept Endurance | ICS Technology stealth cable routing | Flat Mount Disc | 12 x 100mm Thru-Axle | 50mm offset (Size 47-51) 45mm offset (Size 54-61)<\/p>\n<p>&nbsp;<\/p>\n<\/div>\n<\/div>\n<div class=\"specs__section\">\n<h4 class=\"specs__section-title\">Cockpit<\/h4>\n<div class=\"specs__info\">\n<p><b>Potence:<\/b><br \/>\nBMC ICS2 | Integrated Cockpit System Technology<\/p>\n<p><b>Cintre:<\/b><br \/>\nEaston EC70 SL Carbon | 125mm drop, 80mm reach, 4\u00b0 flare<\/p>\n<p>&nbsp;<\/p>\n<\/div>\n<\/div>\n<div class=\"specs__section\">\n<h4 class=\"specs__section-title\">Seat<\/h4>\n<div class=\"specs__info\">\n<p><b>Tige de Selle:<\/b><br \/>\nRoadmachine 01 Premium Carbon D-Shaped Seatpost | 15mm Offset | D-Fender Compatible<\/p>\n<p><b>Selle:<\/b><br \/>\nSelle Italia Novus Boost Evo Superflow | TI316 Rail | 145mm<\/p>\n<p>&nbsp;<\/p>\n<\/div>\n<\/div>\n<div class=\"specs__section\">\n<h4 class=\"specs__section-title\">Transmission<\/h4>\n<div class=\"specs__info\">\n<p><b>P\u00e9dalier:<\/b><br \/>\nSRAM Force AXS (FC-FRC-P-E1)<\/p>\n<p><b>Plateaux:<\/b><br \/>\n46-33T<\/p>\n<p><b>Capteur de puissance :<\/b><br \/>\nSRAM Force AXS Power Meter | Single Side (FC-FRC-P-E1)<\/p>\n<p><b>Cassette:<\/b><br \/>\nSRAM Force (CS-XG-1270-E1)<\/p>\n<p><b>Taille de cassette:<\/b><br \/>\n10-36T<\/p>\n<p><b>Cha\u00eene:<\/b><br \/>\nSRAM Force (CN-FRC-E1)<\/p>\n<p><b>D\u00e9railleur Avant:<\/b><br \/>\nSRAM Force AXS (FD-FRC-E-E1)<\/p>\n<p><b>D\u00e9railleur Arri\u00e8re:<\/b><br \/>\nSRAM Force AXS (RD-FRC-E-E1)<\/p>\n<p><b>Leviers de Vitesses:<\/b><br \/>\nSRAM Force AXS (ED-FRC-E1)<\/p>\n<p><b>Vitesses:<\/b><br \/>\n2 x 12<\/p>\n<p><b>Bo\u00eetier de p\u00e9dalier:<\/b><br \/>\nSRAM Press Fit DUB<\/p>\n<p>&nbsp;<\/p>\n<\/div>\n<\/div>\n<div class=\"specs__section\">\n<h4 class=\"specs__section-title\">Freins<\/h4>\n<div class=\"specs__info\">\n<p><b>Leviers de Frein \/ \u00c9triers:<\/b><br \/>\nSRAM Force AXS (ED-FRC-E1)<\/p>\n<p><b>Disques:<\/b><br \/>\nSRAM Centerline X | Centerlock<\/p>\n<p><b>Largeur de Pedalier:<\/b><br \/>\n160 \/ 160mm<\/p>\n<p>&nbsp;<\/p>\n<\/div>\n<\/div>\n<div class=\"specs__section\">\n<h4 class=\"specs__section-title\">Roues<\/h4>\n<div class=\"specs__info\">\n<p><b>Jantes:<\/b><br \/>\nCRD-321 Carbon | Tubeless Ready | 35mm [or] CRD-321 SL Carbon | Tubeless Ready | 35mm [or] CE 40 SL Carbon | Tubeless Ready | 40mm<\/p>\n<p><b>Moyeux:<\/b><br \/>\nCRD-321: TXC-712 &amp; TXC-1425 Centerlock [or] CRD-321 SL: TXC-812 &amp; TXC-2406 Center Lock [or] CE 40 SL: TXC-812 &amp; TXC-2406 Centerlock<\/p>\n<p><b>Pneus:<\/b><br \/>\nVittoria Corsa N.EXT | Tubeless | 32mm<\/p>\n<p><b>Information Tubeless:<\/b><br \/>\nTubeless Rim | Tubeless Tires<\/p>\n<\/div>\n<\/div>\n<div class=\"specs__section\">\n<h4 class=\"specs__section-title\">Accessoires<\/h4>\n<div class=\"specs__info\">\n<p><b>Contenu inclu dans la boite:<\/b><br \/>\nIntegrated Rear Light 25 | Roadmachine Bottle Cages | Storage Pouch<\/p>\n<\/div>\n<\/div>\n<div class=\"specs__section\">\n<h4 class=\"specs__section-title\">Informations suppl\u00e9mentaires<\/h4>\n<div class=\"specs__info\">\n<p><b>Espace pour les pneus:<\/b><br \/>\njusqu'\u00e0 \"40mm mesur\u00e9\" (d\u00e9gagement kit cadre) mais limit\u00e9 \u00e0 \"36mm mesur\u00e9\" par le d\u00e9railleur avant<\/p>\n<p><b>Poids sans P\u00e9dales:<\/b><br \/>\n7.95kg | Size 54 with all accessories<\/p>\n<p><b>Classification ASTM:<\/b><br \/>\nLevel 2<\/p>\n<p><b>Limite de poids du syst\u00e8me:<\/b><br \/>\n110kg<\/p>\n<\/div>\n<\/div>\n<\/div>\n<\/div>\n<\/div>\n<\/div>\n<\/div>\n<\/div>\n","protected":false},"excerpt":{"rendered":"<p>Taille : 54 (M) Endurance sans limites. Le Roadmachine 01 THREE red\u00e9finit les performances d'endurance en alliant vitesse, confort et polyvalence. Fabriqu\u00e9 en carbone 01 premium, il b\u00e9n\u00e9ficie d'une int\u00e9gration avanc\u00e9e, avec passage de c\u00e2bles interne, rangement dans le tube diagonal et \u00e9clairage arri\u00e8re int\u00e9gr\u00e9 pour plus de s\u00e9curit\u00e9. Kit cadre Cadre: Roadmachine 01 Premium [&hellip;]<\/p>\n","protected":false},"featured_media":3996,"template":"","meta":[],"pwb-brand":[165],"product_brand":[],"product_cat":[69],"product_tag":[],"class_list":{"0":"post-3995","1":"product","2":"type-product","3":"status-publish","4":"has-post-thumbnail","6":"pwb-brand-bmc","7":"product_cat-velo-de-route","9":"first","10":"instock","11":"shipping-taxable","12":"purchasable","13":"product-type-simple"},"brands":[{"id":165,"name":"BMC","slug":"bmc"}],"_links":{"self":[{"href":"https:\/\/rrunning.tribalt.agency\/index.php?rest_route=\/wp\/v2\/product\/3995","targetHints":{"allow":["GET"]}}],"collection":[{"href":"https:\/\/rrunning.tribalt.agency\/index.php?rest_route=\/wp\/v2\/product"}],"about":[{"href":"https:\/\/rrunning.tribalt.agency\/index.php?rest_route=\/wp\/v2\/types\/product"}],"wp:featuredmedia":[{"embeddable":true,"href":"https:\/\/rrunning.tribalt.agency\/index.php?rest_route=\/wp\/v2\/media\/3996"}],"wp:attachment":[{"href":"https:\/\/rrunning.tribalt.agency\/index.php?rest_route=%2Fwp%2Fv2%2Fmedia&parent=3995"}],"wp:term":[{"taxonomy":"pwb-brand","embeddable":true,"href":"https:\/\/rrunning.tribalt.agency\/index.php?rest_route=%2Fwp%2Fv2%2Fpwb-brand&post=3995"},{"taxonomy":"product_brand","embeddable":true,"href":"https:\/\/rrunning.tribalt.agency\/index.php?rest_route=%2Fwp%2Fv2%2Fproduct_brand&post=3995"},{"taxonomy":"product_cat","embeddable":true,"href":"https:\/\/rrunning.tribalt.agency\/index.php?rest_route=%2Fwp%2Fv2%2Fproduct_cat&post=3995"},{"taxonomy":"product_tag","embeddable":true,"href":"https:\/\/rrunning.tribalt.agency\/index.php?rest_route=%2Fwp%2Fv2%2Fproduct_tag&post=3995"}],"curies":[{"name":"wp","href":"https:\/\/api.w.org\/{rel}","templated":true}]}}