{"id":3990,"date":"2025-09-25T09:40:54","date_gmt":"2025-09-25T07:40:54","guid":{"rendered":"https:\/\/rrunning.tribalt.agency\/?post_type=product&#038;p=3990"},"modified":"2025-09-25T09:44:19","modified_gmt":"2025-09-25T07:44:19","slug":"teammachine-slr-one","status":"publish","type":"product","link":"https:\/\/rrunning.tribalt.agency\/?product=teammachine-slr-one","title":{"rendered":"TEAMMACHINE SLR ONE"},"content":{"rendered":"<p><strong>Taille : 54 (M)<\/strong><\/p>\n<div class=\"specs__section\">\n<div class=\"specs__info\">\n<div class=\"specs__section\">\n<div class=\"specs__info\">\n<p>Con\u00e7u pour la performance, d\u00e9couvrez le Teammachine SLR. Fruit de plus d'une d\u00e9cennie de d\u00e9veloppement continu, fabriqu\u00e9 en carbone haute qualit\u00e9 avec conception int\u00e9grant le confort du TCC Race et dot\u00e9 d'une tige de selle en carbone D-Shape, il offre les sensations de pilotage l\u00e9gendaires de BMC\u00a0: rapidit\u00e9, r\u00e9activit\u00e9 et confort. \u00c9quip\u00e9 de la toute nouvelle transmission SRAM Force AXS, d'un capteur de puissance, de notre cockpit monobloc haut de gamme ICS Carbon Evo et de roues en carbone, il est con\u00e7u pour les cyclistes exigeants. Ce v\u00e9lo \u00e9tablit la norme en comp\u00e9tition sur route.<\/p>\n<div class=\"specs__section\">\n<h4 class=\"specs__section-title\">Kit cadre<\/h4>\n<div class=\"specs__info\">\n<p><b>Cadre:<\/b><br \/>\nTeammachine SLR Carbon with Aerocore Design | ICS Technology Stealth Cable Routing | Stealth Dropout Design | TCC Race compliance level | Flat Mount Disc | 12 x 142mm Thru-Axle | Optimized for Aerocore Bottle Cages<\/p>\n<p><b>Fourche:<\/b><br \/>\nTeammachine SLR Carbon | ICS Technology Stealth Cable Routing | TCC Race Compliance Level | Stealth Dropout Design | Flat Mount Disc | 12 x 100mm Thru-Axle | 48mm offset Size 47-51 | 43mm offset Size 54-61<\/p>\n<p>&nbsp;<\/p>\n<\/div>\n<\/div>\n<div class=\"specs__section\">\n<h4 class=\"specs__section-title\">Cockpit<\/h4>\n<div class=\"specs__info\">\n<p><b>Cintre:<\/b><br \/>\nICS Carbon Evo | One Piece Full Carbon Cockpit | 127mm drop, 70mm reach, 8\u00b0 flare<\/p>\n<p>&nbsp;<\/p>\n<\/div>\n<\/div>\n<div class=\"specs__section\">\n<h4 class=\"specs__section-title\">Seat<\/h4>\n<div class=\"specs__info\">\n<p><b>Tige de Selle:<\/b><br \/>\nTeammachine SLR Carbon D-Shaped Seatpost | 15mm Offset<\/p>\n<p><b>Selle:<\/b><br \/>\nFizik Argo Vento R5 | 140mm<\/p>\n<p>&nbsp;<\/p>\n<\/div>\n<\/div>\n<div class=\"specs__section\">\n<h4 class=\"specs__section-title\">Transmission<\/h4>\n<div class=\"specs__info\">\n<p><b>P\u00e9dalier:<\/b><br \/>\nSRAM Force AXS (FC-FRC-P-E1)<\/p>\n<p><b>Plateaux:<\/b><br \/>\n48-35T<\/p>\n<p><b>Capteur de puissance :<\/b><br \/>\nSRAM Force AXS Power Meter | Single Side (FC-FRC-P-E1)<\/p>\n<p><b>Cassette:<\/b><br \/>\nSRAM Force (CS-XG-1270-E1)<\/p>\n<p><b>Taille de cassette:<\/b><br \/>\n10-33T<\/p>\n<p><b>Cha\u00eene:<\/b><br \/>\nSRAM Force (CN-FRC-E1)<\/p>\n<p><b>D\u00e9railleur Avant:<\/b><br \/>\nSRAM Force AXS (FD-FRC-E-E1)<\/p>\n<p><b>D\u00e9railleur Arri\u00e8re:<\/b><br \/>\nSRAM Force AXS (RD-FRC-E-E1)<\/p>\n<p><b>Leviers de Vitesses:<\/b><br \/>\nSRAM Force AXS (ED-FRC-E1)<\/p>\n<p><b>Vitesses:<\/b><br \/>\n2 x 12<\/p>\n<p><b>Bo\u00eetier de p\u00e9dalier:<\/b><br \/>\nSRAM Press Fit DUB<\/p>\n<p>&nbsp;<\/p>\n<\/div>\n<\/div>\n<div class=\"specs__section\">\n<h4 class=\"specs__section-title\">Freins<\/h4>\n<div class=\"specs__info\">\n<p><b>Leviers de Frein \/ \u00c9triers:<\/b><br \/>\nSRAM Force AXS (ED-FRC-E1)<\/p>\n<p><b>Disques:<\/b><br \/>\nSRAM Centerline X | Centerlock<\/p>\n<p><b>Largeur de Pedalier:<\/b><br \/>\n160 \/ 160mm<\/p>\n<p>&nbsp;<\/p>\n<\/div>\n<\/div>\n<div class=\"specs__section\">\n<h4 class=\"specs__section-title\">Roues<\/h4>\n<div class=\"specs__info\">\n<p><b>Jantes:<\/b><br \/>\nCRD-351 Carbon | Tubeless Ready | 35mm [or] CRD-351 SL Carbon | Tubeless Ready | 35mm [or] CR 40 Carbon | Tubeless Ready | 40mm<\/p>\n<p><b>Moyeux:<\/b><br \/>\nCRD-351: TXC-712 &amp; TXC-142S Centerlock [or] CRD-351 SL: TXC-812 &amp; TXC-240A Center Lock [or] CR 40: TXC-812 &amp; TXC-2406 Center Lock<\/p>\n<p><b>Pneus:<\/b><br \/>\nPirelli P Zero Road TLR | Tubeless | 26mm<\/p>\n<p><b>Information Tubeless:<\/b><br \/>\nTubeless Rim | Tubeless Tires<\/p>\n<p>&nbsp;<\/p>\n<\/div>\n<\/div>\n<div class=\"specs__section\">\n<h4 class=\"specs__section-title\">Informations suppl\u00e9mentaires<\/h4>\n<div class=\"specs__info\">\n<p><b>Espace pour les pneus:<\/b><br \/>\n30mm measured tire<\/p>\n<p><b>Poids sans P\u00e9dales:<\/b><br \/>\n7.7kg | Size 54 with all accessories<\/p>\n<p><b>Classification ASTM:<\/b><br \/>\nLevel 1<\/p>\n<p><b>Limite de poids du syst\u00e8me:<\/b><br \/>\n110kg<\/p>\n<\/div>\n<\/div>\n<\/div>\n<\/div>\n<\/div>\n<\/div>\n","protected":false},"excerpt":{"rendered":"<p>Taille : 54 (M) Con\u00e7u pour la performance, d\u00e9couvrez le Teammachine SLR. Fruit de plus d'une d\u00e9cennie de d\u00e9veloppement continu, fabriqu\u00e9 en carbone haute qualit\u00e9 avec conception int\u00e9grant le confort du TCC Race et dot\u00e9 d'une tige de selle en carbone D-Shape, il offre les sensations de pilotage l\u00e9gendaires de BMC\u00a0: rapidit\u00e9, r\u00e9activit\u00e9 et confort. [&hellip;]<\/p>\n","protected":false},"featured_media":3991,"template":"","meta":[],"pwb-brand":[165],"product_brand":[],"product_cat":[69],"product_tag":[],"class_list":{"0":"post-3990","1":"product","2":"type-product","3":"status-publish","4":"has-post-thumbnail","6":"pwb-brand-bmc","7":"product_cat-velo-de-route","9":"first","10":"instock","11":"shipping-taxable","12":"purchasable","13":"product-type-simple"},"brands":[{"id":165,"name":"BMC","slug":"bmc"}],"_links":{"self":[{"href":"https:\/\/rrunning.tribalt.agency\/index.php?rest_route=\/wp\/v2\/product\/3990","targetHints":{"allow":["GET"]}}],"collection":[{"href":"https:\/\/rrunning.tribalt.agency\/index.php?rest_route=\/wp\/v2\/product"}],"about":[{"href":"https:\/\/rrunning.tribalt.agency\/index.php?rest_route=\/wp\/v2\/types\/product"}],"wp:featuredmedia":[{"embeddable":true,"href":"https:\/\/rrunning.tribalt.agency\/index.php?rest_route=\/wp\/v2\/media\/3991"}],"wp:attachment":[{"href":"https:\/\/rrunning.tribalt.agency\/index.php?rest_route=%2Fwp%2Fv2%2Fmedia&parent=3990"}],"wp:term":[{"taxonomy":"pwb-brand","embeddable":true,"href":"https:\/\/rrunning.tribalt.agency\/index.php?rest_route=%2Fwp%2Fv2%2Fpwb-brand&post=3990"},{"taxonomy":"product_brand","embeddable":true,"href":"https:\/\/rrunning.tribalt.agency\/index.php?rest_route=%2Fwp%2Fv2%2Fproduct_brand&post=3990"},{"taxonomy":"product_cat","embeddable":true,"href":"https:\/\/rrunning.tribalt.agency\/index.php?rest_route=%2Fwp%2Fv2%2Fproduct_cat&post=3990"},{"taxonomy":"product_tag","embeddable":true,"href":"https:\/\/rrunning.tribalt.agency\/index.php?rest_route=%2Fwp%2Fv2%2Fproduct_tag&post=3990"}],"curies":[{"name":"wp","href":"https:\/\/api.w.org\/{rel}","templated":true}]}}