{"id":3985,"date":"2025-09-25T09:35:31","date_gmt":"2025-09-25T07:35:31","guid":{"rendered":"https:\/\/rrunning.tribalt.agency\/?post_type=product&#038;p=3985"},"modified":"2025-09-25T09:39:40","modified_gmt":"2025-09-25T07:39:40","slug":"roadmachine-two","status":"publish","type":"product","link":"https:\/\/rrunning.tribalt.agency\/?product=roadmachine-two","title":{"rendered":"ROADMACHINE TWO"},"content":{"rendered":"<p><strong>Taille : 51 (S)<\/strong><\/p>\n<div class=\"specs__section\">\n<div class=\"specs__info\">\n<p>Roulez vite, roulez longtemps. Con\u00e7u pour rouler plus loin, plus vite et avec moins d'effort, le Roadmachine 01 AMP perp\u00e9tue l'h\u00e9ritage Roadmachine avec des innovations avanc\u00e9es en mati\u00e8re de v\u00e9lo \u00e9lectrique de route. \u00c9quip\u00e9 du tout nouveau moteur TQ-HPR60, l\u00e9ger et silencieux, enti\u00e8rement int\u00e9gr\u00e9 \u00e0 notre cadre en carbone premium, il offre une assistance silencieuse, fluide et naturelle sans compromettre les sensations de conduite. Notre g\u00e9om\u00e9trie Roadmachine 01 vous place dans une position l\u00e9g\u00e8rement plus droite pour vous permettre de p\u00e9daler plus longtemps et avec plus de dynamisme. \u00c9quip\u00e9 d'une transmission SHIMANO 105 Di2 monovitesse, de manivelles Praxis, de jantes alliage AR 27 et d'une potence ICS RSM01 avec c\u00e2ble int\u00e9gr\u00e9, c'est le compagnon id\u00e9al des cyclistes en qu\u00eate d'endurance et d'un soutien accru.<\/p>\n<div class=\"specs__section\">\n<h4 class=\"specs__section-title\">Kit cadre<\/h4>\n<div class=\"specs__info\">\n<p><b>Cadre:<\/b><br \/>\nRoadmachine 01 AMP Premium Carbon with Tuned Compliance Concept Endurance | Integrated Battery | Internal Cable Routing | ICS Technology Stealth Cable Routing | Fender Mounts | Flat Mount Disc | 12 x 142mm Thru-Axle<\/p>\n<p><b>Fourche:<\/b><br \/>\nRoadmachine 01 AMP | 01 Premium Carbon with Tuned Compliance Concept Endurance | Internal Cable Routing | Flat Mount Disc | 12 x 100mm Thru-Axle<\/p>\n<p>&nbsp;<\/p>\n<\/div>\n<\/div>\n<div class=\"specs__section\">\n<h4 class=\"specs__section-title\">E-System<\/h4>\n<div class=\"specs__info\">\n<p><b>Unit\u00e9 Moteur:<\/b><br \/>\nTQ-HPR60 Drive Unit<\/p>\n<p><b>Batterie:<\/b><br \/>\nTQ Battery | 360 Wh | Certified by UL LLC<\/p>\n<p><b>\u00c9cran:<\/b><br \/>\nTQ Grafic color Display | 2\" O-LED | Bluetooth \/ ANT+<\/p>\n<p><b>Commande d'Assistance:<\/b><br \/>\nTQ Remote<\/p>\n<p><b>Chargeur:<\/b><br \/>\nTQ 4A Charger<\/p>\n<p>&nbsp;<\/p>\n<\/div>\n<\/div>\n<div class=\"specs__section\">\n<h4 class=\"specs__section-title\">Cockpit<\/h4>\n<div class=\"specs__info\">\n<p><b>Potence:<\/b><br \/>\nBMC RSM 01 | Integrated Cockpit System Technology<\/p>\n<p><b>Cintre:<\/b><br \/>\nBMC HB D4 03, 0, 12 | Alloy 6061 | Endurance Geometry | 125mm drop, 70mm reach, 12\u00b0 flare<\/p>\n<p>&nbsp;<\/p>\n<\/div>\n<\/div>\n<div class=\"specs__section\">\n<h4 class=\"specs__section-title\">Seat<\/h4>\n<div class=\"specs__info\">\n<p><b>Tige de Selle:<\/b><br \/>\nRoadmachine 01 Premium Carbon D-Shaped Seatpost | 15mm Offset | D-Fender Compatible<\/p>\n<p><b>Selle:<\/b><br \/>\nSelle Italia Model X Superflow | FeC Alloy Rail | 145mm<\/p>\n<p>&nbsp;<\/p>\n<\/div>\n<\/div>\n<div class=\"specs__section\">\n<h4 class=\"specs__section-title\">Transmission<\/h4>\n<div class=\"specs__info\">\n<p><b>P\u00e9dalier:<\/b><br \/>\nPraxis eCrank Alloy Road<\/p>\n<p><b>Plateaux:<\/b><br \/>\n44T<\/p>\n<p><b>Cassette:<\/b><br \/>\nSHIMANO CS-HG710<\/p>\n<p><b>Taille de cassette:<\/b><br \/>\n11-36T<\/p>\n<p><b>Cha\u00eene:<\/b><br \/>\nSHIMANO CN-M6100<\/p>\n<p><b>D\u00e9railleur Arri\u00e8re:<\/b><br \/>\nSHIMANO 105 Di2 RD-R7150<\/p>\n<p><b>Leviers de Vitesses:<\/b><br \/>\nSHIMANO 105 Di2 ST-R7170<\/p>\n<p><b>Vitesses:<\/b><br \/>\n1 x 12<\/p>\n<\/div>\n<\/div>\n<div class=\"specs__section\">\n<h4 class=\"specs__section-title\">Freins<\/h4>\n<div class=\"specs__info\">\n<p><b>Leviers de Frein \/ \u00c9triers:<\/b><br \/>\nSHIMANO 105 BR-R7170<\/p>\n<p><b>Disques:<\/b><br \/>\nSHIMANO SM-RT70 | Centerlock<\/p>\n<p><b>Largeur de Pedalier:<\/b><br \/>\n180 \/ 180mm<\/p>\n<p>&nbsp;<\/p>\n<\/div>\n<\/div>\n<div class=\"specs__section\">\n<h4 class=\"specs__section-title\">Roues<\/h4>\n<div class=\"specs__info\">\n<p><b>Jantes:<\/b><br \/>\nAR 27 | Tubeless Ready | 27mm<\/p>\n<p><b>Moyeux:<\/b><br \/>\nCL-712 &amp; RXC-142 Center Lock<\/p>\n<p><b>Pneus:<\/b><br \/>\nVittoria Rubino V | Tube type | 32mm<\/p>\n<p><b>Information Tubeless:<\/b><br \/>\nTubeless Rims | Non-Tubeless Clincher Tire<\/p>\n<p>&nbsp;<\/p>\n<\/div>\n<\/div>\n<div class=\"specs__section\">\n<h4 class=\"specs__section-title\">Accessoires<\/h4>\n<div class=\"specs__info\">\n<p><b>Contenu inclu dans la boite:<\/b><br \/>\nIntegrated Rear Light<\/p>\n<\/div>\n<\/div>\n<div class=\"specs__section\">\n<h4 class=\"specs__section-title\">Informations suppl\u00e9mentaires<\/h4>\n<div class=\"specs__info\">\n<p><b>Espace pour les pneus:<\/b><br \/>\n38mm measured tire<\/p>\n<p><b>Poids sans P\u00e9dales:<\/b><br \/>\n13.35kg | Size 54 with all accessories<\/p>\n<p><b>Classification ASTM:<\/b><br \/>\nLevel 2<\/p>\n<p><b>Limite de poids du syst\u00e8me:<\/b><br \/>\n120kg<\/p>\n<\/div>\n<\/div>\n<\/div>\n<\/div>\n","protected":false},"excerpt":{"rendered":"<p>Taille : 51 (S) Roulez vite, roulez longtemps. Con\u00e7u pour rouler plus loin, plus vite et avec moins d'effort, le Roadmachine 01 AMP perp\u00e9tue l'h\u00e9ritage Roadmachine avec des innovations avanc\u00e9es en mati\u00e8re de v\u00e9lo \u00e9lectrique de route. \u00c9quip\u00e9 du tout nouveau moteur TQ-HPR60, l\u00e9ger et silencieux, enti\u00e8rement int\u00e9gr\u00e9 \u00e0 notre cadre en carbone premium, il [&hellip;]<\/p>\n","protected":false},"featured_media":3986,"template":"","meta":[],"pwb-brand":[165],"product_brand":[],"product_cat":[69],"product_tag":[],"class_list":{"0":"post-3985","1":"product","2":"type-product","3":"status-publish","4":"has-post-thumbnail","6":"pwb-brand-bmc","7":"product_cat-velo-de-route","9":"first","10":"instock","11":"shipping-taxable","12":"purchasable","13":"product-type-simple"},"brands":[{"id":165,"name":"BMC","slug":"bmc"}],"_links":{"self":[{"href":"https:\/\/rrunning.tribalt.agency\/index.php?rest_route=\/wp\/v2\/product\/3985","targetHints":{"allow":["GET"]}}],"collection":[{"href":"https:\/\/rrunning.tribalt.agency\/index.php?rest_route=\/wp\/v2\/product"}],"about":[{"href":"https:\/\/rrunning.tribalt.agency\/index.php?rest_route=\/wp\/v2\/types\/product"}],"wp:featuredmedia":[{"embeddable":true,"href":"https:\/\/rrunning.tribalt.agency\/index.php?rest_route=\/wp\/v2\/media\/3986"}],"wp:attachment":[{"href":"https:\/\/rrunning.tribalt.agency\/index.php?rest_route=%2Fwp%2Fv2%2Fmedia&parent=3985"}],"wp:term":[{"taxonomy":"pwb-brand","embeddable":true,"href":"https:\/\/rrunning.tribalt.agency\/index.php?rest_route=%2Fwp%2Fv2%2Fpwb-brand&post=3985"},{"taxonomy":"product_brand","embeddable":true,"href":"https:\/\/rrunning.tribalt.agency\/index.php?rest_route=%2Fwp%2Fv2%2Fproduct_brand&post=3985"},{"taxonomy":"product_cat","embeddable":true,"href":"https:\/\/rrunning.tribalt.agency\/index.php?rest_route=%2Fwp%2Fv2%2Fproduct_cat&post=3985"},{"taxonomy":"product_tag","embeddable":true,"href":"https:\/\/rrunning.tribalt.agency\/index.php?rest_route=%2Fwp%2Fv2%2Fproduct_tag&post=3985"}],"curies":[{"name":"wp","href":"https:\/\/api.w.org\/{rel}","templated":true}]}}