{"id":3981,"date":"2025-09-25T09:35:02","date_gmt":"2025-09-25T07:35:02","guid":{"rendered":"https:\/\/rrunning.tribalt.agency\/?post_type=product&#038;p=3981"},"modified":"2025-09-25T09:35:03","modified_gmt":"2025-09-25T07:35:03","slug":"teammachine-r01-five","status":"publish","type":"product","link":"https:\/\/rrunning.tribalt.agency\/?product=teammachine-r01-five","title":{"rendered":"TEAMMACHINE R01 FIVE"},"content":{"rendered":"<p><strong>Taille : 54 (M)<\/strong><\/p>\n<p>Lib\u00e9rez des performances sans limites. Chaque coup de p\u00e9dale compte. Con\u00e7u en collaboration avec Red Bull Advanced Technologies, ce v\u00e9lo de route en carbone hautes performances \u00e9tablit une nouvelle r\u00e9f\u00e9rence en mati\u00e8re d\u2019excellence en comp\u00e9tition. Pens\u00e9 pour exceller dans les conditions les plus exigeantes, ce v\u00e9lo de comp\u00e9tition est \u00e9quip\u00e9 d\u2019une transmission Shimano 105 Di2, d\u2019une paire de roues CR 50 Carbon optimis\u00e9e pour l\u2019a\u00e9rodynamisme et du cockpit int\u00e9gr\u00e9 ICS Carbon Aero. Atteignez une nouvelle dimension de vitesse et de pr\u00e9cision chaque jour de course de la saison.<\/p>\n<div class=\"specs__section\">\n<h4 class=\"specs__section-title\">Kit cadre<\/h4>\n<div class=\"specs__info\">\n<p><b>Cadre:<\/b><br \/>\nTeammachine R 01 | 01 Premium Carbon with Aerocore Design | ICS Technology Stealth Cable Routing | Stealth Dropout Design | Flat Mount Disc | 12 x 142mm Thru-Axle<\/p>\n<p><b>Fourche:<\/b><br \/>\nTeammachine R 01 | 01 Premium Carbon | ICS Technology Stealth Cable Routing | Stealth Dropout Design | Flat Mount Disc | 12 x 100mm Thru-Axle<\/p>\n<p>&nbsp;<\/p>\n<\/div>\n<\/div>\n<div class=\"specs__section\">\n<h4 class=\"specs__section-title\">Cockpit<\/h4>\n<div class=\"specs__info\">\n<p><b>Cintre:<\/b><br \/>\nICS Carbon Aero | One-Piece Full Carbon Cockpit | 135mm drop, 77mm reach, 12.5\u00b0 flare<\/p>\n<p>&nbsp;<\/p>\n<\/div>\n<\/div>\n<div class=\"specs__section\">\n<h4 class=\"specs__section-title\">Seat<\/h4>\n<div class=\"specs__info\">\n<p><b>Tige de Selle:<\/b><br \/>\nTeammachine R 01 | 01 Premium Carbon Seatpost | 10mm Offset<\/p>\n<p><b>Selle:<\/b><br \/>\nSelle Italia SLR Boost Superflow | Manganese Rail | 145mm<\/p>\n<p>&nbsp;<\/p>\n<\/div>\n<\/div>\n<div class=\"specs__section\">\n<h4 class=\"specs__section-title\">Transmission<\/h4>\n<div class=\"specs__info\">\n<p><b>P\u00e9dalier:<\/b><br \/>\nSHIMANO 105 FC-R7100<\/p>\n<p><b>Plateaux:<\/b><br \/>\n52-36T<\/p>\n<p><b>Cassette:<\/b><br \/>\nSHIMANO 105 CS-R7101<\/p>\n<p><b>Taille de cassette:<\/b><br \/>\n11-34T<\/p>\n<p><b>Cha\u00eene:<\/b><br \/>\nSHIMANO CN-M6100<\/p>\n<p><b>D\u00e9railleur Avant:<\/b><br \/>\nSHIMANO 105 Di2 FD-R7150<\/p>\n<p><b>D\u00e9railleur Arri\u00e8re:<\/b><br \/>\nSHIMANO 105 Di2 RD-R7150<\/p>\n<p><b>Leviers de Vitesses:<\/b><br \/>\nSHIMANO 105 Di2 ST-R7170<\/p>\n<p><b>Vitesses:<\/b><br \/>\n2 x 12<\/p>\n<p><b>Bo\u00eetier de p\u00e9dalier:<\/b><br \/>\nSHIMANO Ultegra Press-Fit Bottom Bracket (SM-BB72-41B)<\/p>\n<p>&nbsp;<\/p>\n<\/div>\n<\/div>\n<div class=\"specs__section\">\n<h4 class=\"specs__section-title\">Freins<\/h4>\n<div class=\"specs__info\">\n<p><b>Leviers de Frein \/ \u00c9triers:<\/b><br \/>\nSHIMANO 105 BR-R7170<\/p>\n<p><b>Disques:<\/b><br \/>\nSHIMANO SM-RT70 | Centerlock [or] SHIMANO 105 (RT-CL700)<\/p>\n<p><b>Largeur de Pedalier:<\/b><br \/>\n160 \/ 160mm<\/p>\n<p>&nbsp;<\/p>\n<\/div>\n<\/div>\n<div class=\"specs__section\">\n<h4 class=\"specs__section-title\">Roues<\/h4>\n<div class=\"specs__info\">\n<p><b>Jantes:<\/b><br \/>\nCR 50 Carbon | Tubeless Ready | 50 mm<\/p>\n<p><b>Moyeux:<\/b><br \/>\nTXC-812 &amp; TXC-240 Center Lock<\/p>\n<p><b>Pneus:<\/b><br \/>\nPirelli P Zero Race TLR | 26mm<\/p>\n<p><b>Information Tubeless:<\/b><br \/>\nTubeless Rim | Tubeless Tires<\/p>\n<p>&nbsp;<\/p>\n<\/div>\n<\/div>\n<div class=\"specs__section\">\n<h4 class=\"specs__section-title\">Accessoires<\/h4>\n<div class=\"specs__info\">\n<p><b>Contenu inclu dans la boite:<\/b><br \/>\nAerocore Bottle Cages | Computer mount for Garmin and Wahoo<\/p>\n<\/div>\n<\/div>\n<div class=\"specs__section\">\n<h4 class=\"specs__section-title\">Informations suppl\u00e9mentaires<\/h4>\n<div class=\"specs__info\">\n<p><b>Espace pour les pneus:<\/b><br \/>\n30mm measured tire<\/p>\n<p><b>Poids sans P\u00e9dales:<\/b><br \/>\n7.8kg | Size 54 with all accessories<\/p>\n<p><b>Classification ASTM:<\/b><br \/>\nLevel 1<\/p>\n<p><b>Limite de poids du syst\u00e8me:<\/b><br \/>\n110kg<\/p>\n<\/div>\n<\/div>\n","protected":false},"excerpt":{"rendered":"<p>Taille : 54 (M) Lib\u00e9rez des performances sans limites. Chaque coup de p\u00e9dale compte. Con\u00e7u en collaboration avec Red Bull Advanced Technologies, ce v\u00e9lo de route en carbone hautes performances \u00e9tablit une nouvelle r\u00e9f\u00e9rence en mati\u00e8re d\u2019excellence en comp\u00e9tition. Pens\u00e9 pour exceller dans les conditions les plus exigeantes, ce v\u00e9lo de comp\u00e9tition est \u00e9quip\u00e9 d\u2019une [&hellip;]<\/p>\n","protected":false},"featured_media":3982,"template":"","meta":[],"pwb-brand":[165],"product_brand":[],"product_cat":[69],"product_tag":[],"class_list":{"0":"post-3981","1":"product","2":"type-product","3":"status-publish","4":"has-post-thumbnail","6":"pwb-brand-bmc","7":"product_cat-velo-de-route","9":"first","10":"instock","11":"shipping-taxable","12":"purchasable","13":"product-type-simple"},"brands":[{"id":165,"name":"BMC","slug":"bmc"}],"_links":{"self":[{"href":"https:\/\/rrunning.tribalt.agency\/index.php?rest_route=\/wp\/v2\/product\/3981","targetHints":{"allow":["GET"]}}],"collection":[{"href":"https:\/\/rrunning.tribalt.agency\/index.php?rest_route=\/wp\/v2\/product"}],"about":[{"href":"https:\/\/rrunning.tribalt.agency\/index.php?rest_route=\/wp\/v2\/types\/product"}],"wp:featuredmedia":[{"embeddable":true,"href":"https:\/\/rrunning.tribalt.agency\/index.php?rest_route=\/wp\/v2\/media\/3982"}],"wp:attachment":[{"href":"https:\/\/rrunning.tribalt.agency\/index.php?rest_route=%2Fwp%2Fv2%2Fmedia&parent=3981"}],"wp:term":[{"taxonomy":"pwb-brand","embeddable":true,"href":"https:\/\/rrunning.tribalt.agency\/index.php?rest_route=%2Fwp%2Fv2%2Fpwb-brand&post=3981"},{"taxonomy":"product_brand","embeddable":true,"href":"https:\/\/rrunning.tribalt.agency\/index.php?rest_route=%2Fwp%2Fv2%2Fproduct_brand&post=3981"},{"taxonomy":"product_cat","embeddable":true,"href":"https:\/\/rrunning.tribalt.agency\/index.php?rest_route=%2Fwp%2Fv2%2Fproduct_cat&post=3981"},{"taxonomy":"product_tag","embeddable":true,"href":"https:\/\/rrunning.tribalt.agency\/index.php?rest_route=%2Fwp%2Fv2%2Fproduct_tag&post=3981"}],"curies":[{"name":"wp","href":"https:\/\/api.w.org\/{rel}","templated":true}]}}