{"id":3974,"date":"2025-09-23T10:48:38","date_gmt":"2025-09-23T08:48:38","guid":{"rendered":"https:\/\/rrunning.tribalt.agency\/?post_type=product&#038;p=3974"},"modified":"2025-09-25T09:17:00","modified_gmt":"2025-09-25T07:17:00","slug":"reach-ht-10","status":"publish","type":"product","link":"https:\/\/rrunning.tribalt.agency\/?product=reach-ht-10","title":{"rendered":"REACH HT 10"},"content":{"rendered":"<p><strong>Taille M\u00a0<\/strong><\/p>\n<p><strong>VTT \u00e9lectrique semi-rigide<\/strong><\/p>\n<p><strong>CARACT\u00c9RISTIQUES PRINCIPALES<\/strong><br \/>\n\u00b7 Moteur Bosch Performance Line CX, 5gen<br \/>\n\u00b7 Batterie int\u00e9gr\u00e9e Bosch 600 Wh<br \/>\n\u00b7 Affichage Purion 200<br \/>\n\u00b7 Cadre Reach HT en aluminium sp\u00e9cifique e-Bike, batterie totalement int\u00e9gr\u00e9e et moteur central<br \/>\n\u00b7 Fourche SR Suntour XCR 34 COIL LOR<br \/>\n\u00b7 Transmission Shimano CUES 10 vitesses<br \/>\n\u00b7 Freins \u00e0 disque hydrauliques Shimano MT200<\/p>\n<p><strong>Cadre<\/strong><br \/>\nCadre : Aluminium E-Bike Specific Frame, Full Integratted Battery, Central motor, Hydroformed Technology, Integrated Cable Routing, 12 x 148 BOOST<br \/>\nFourche : SUNTOUR XCR 34, COIL, LOR, 100mm Travel, 15 x 110 mm BOOST<br \/>\nDirection : Acros AZX-525 ZS56 blockblock 120\u00ba<\/p>\n<p><strong>Composants \u00e9lectroniques<\/strong><br \/>\nMoteur : Bosch Performance Line CX, 5gen BDU384Y, Smart System \/ 100Nm 750W<br \/>\nBatterie : Bosch PowerTube 600<br \/>\nDisplay : Bosch Purion 200<\/p>\n<p><strong>Transmission<\/strong><br \/>\nD\u00e9railleur Arri\u00e8re : Shimano CUES TD-U6000-GS, ShadowPlus 10-Speed<br \/>\nManettes de vitesse : Shimano CUES U6000 Rapidfire Plus 10-Speed<br \/>\nP\u00e9dalier : FSA Bosch Direct Mount Chainring &amp; Chainguard 38t CL55 10\/11-Speed , Crankset 320 165mm<br \/>\nCassette : Shimano CUES LG300 11-48T<\/p>\n<p><strong>Freins<\/strong><br \/>\nManettes de freins : Shimano MT200 Hydraulic Disc, 180mm<\/p>\n<p><strong>Roues<\/strong><br \/>\nPneus : MAXXIS 29 x 2.25 Rekon Race<br \/>\nMoyeu : Megamo Hubs, Front axle 15 x 110 mm, Rear axle 12 x 148 mm BOOST EBIKE+<br \/>\nRoues : Megamo 29 SL 27 ASY - SUV, 27mm Tubeless ready Aluminium Rim<\/p>\n<p><strong>Composants<\/strong><br \/>\nGuidon : Megamo Alloy 31,8 x 680 mm, 9\u00ba Back Sweep<br \/>\nPotence : Satori Viper 3D Forged 31,8, \u00b17\u00ba Rise, S size 70 mm \/ M size 70 mm \/ L size 90 mm \/ XL size 90 mm<br \/>\nTige de selle : Megamo alloy \u00d8 30.9 mm<br \/>\nSelle : Selle Royal SRX Open<\/p>\n","protected":false},"excerpt":{"rendered":"<p>Taille M\u00a0 VTT \u00e9lectrique semi-rigide CARACT\u00c9RISTIQUES PRINCIPALES \u00b7 Moteur Bosch Performance Line CX, 5gen \u00b7 Batterie int\u00e9gr\u00e9e Bosch 600 Wh \u00b7 Affichage Purion 200 \u00b7 Cadre Reach HT en aluminium sp\u00e9cifique e-Bike, batterie totalement int\u00e9gr\u00e9e et moteur central \u00b7 Fourche SR Suntour XCR 34 COIL LOR \u00b7 Transmission Shimano CUES 10 vitesses \u00b7 Freins \u00e0 [&hellip;]<\/p>\n","protected":false},"featured_media":3977,"template":"","meta":[],"pwb-brand":[109],"product_brand":[],"product_cat":[75],"product_tag":[],"class_list":{"0":"post-3974","1":"product","2":"type-product","3":"status-publish","4":"has-post-thumbnail","6":"pwb-brand-megamo","7":"product_cat-vtt","9":"first","10":"instock","11":"shipping-taxable","12":"purchasable","13":"product-type-simple"},"brands":[{"id":109,"name":"MEGAMO","slug":"megamo"}],"_links":{"self":[{"href":"https:\/\/rrunning.tribalt.agency\/index.php?rest_route=\/wp\/v2\/product\/3974","targetHints":{"allow":["GET"]}}],"collection":[{"href":"https:\/\/rrunning.tribalt.agency\/index.php?rest_route=\/wp\/v2\/product"}],"about":[{"href":"https:\/\/rrunning.tribalt.agency\/index.php?rest_route=\/wp\/v2\/types\/product"}],"wp:featuredmedia":[{"embeddable":true,"href":"https:\/\/rrunning.tribalt.agency\/index.php?rest_route=\/wp\/v2\/media\/3977"}],"wp:attachment":[{"href":"https:\/\/rrunning.tribalt.agency\/index.php?rest_route=%2Fwp%2Fv2%2Fmedia&parent=3974"}],"wp:term":[{"taxonomy":"pwb-brand","embeddable":true,"href":"https:\/\/rrunning.tribalt.agency\/index.php?rest_route=%2Fwp%2Fv2%2Fpwb-brand&post=3974"},{"taxonomy":"product_brand","embeddable":true,"href":"https:\/\/rrunning.tribalt.agency\/index.php?rest_route=%2Fwp%2Fv2%2Fproduct_brand&post=3974"},{"taxonomy":"product_cat","embeddable":true,"href":"https:\/\/rrunning.tribalt.agency\/index.php?rest_route=%2Fwp%2Fv2%2Fproduct_cat&post=3974"},{"taxonomy":"product_tag","embeddable":true,"href":"https:\/\/rrunning.tribalt.agency\/index.php?rest_route=%2Fwp%2Fv2%2Fproduct_tag&post=3974"}],"curies":[{"name":"wp","href":"https:\/\/api.w.org\/{rel}","templated":true}]}}