{"id":3973,"date":"2025-09-23T09:28:46","date_gmt":"2025-09-23T07:28:46","guid":{"rendered":"https:\/\/rrunning.tribalt.agency\/?post_type=product&#038;p=3973"},"modified":"2025-09-23T09:31:05","modified_gmt":"2025-09-23T07:31:05","slug":"cylinder-ii-women","status":"publish","type":"product","link":"https:\/\/rrunning.tribalt.agency\/?product=cylinder-ii-women","title":{"rendered":"CYLINDER II WOMEN"},"content":{"rendered":"<p><strong>Taille : 37 \u00e0 40<\/strong><\/p>\n<p>Un fit irr\u00e9prochable pour dominer les sentiers<\/p>\n<p>La Cylinder II : le confort Giro, la fermeture BOA\u00ae pour un r\u00e9glage pr\u00e9cis, le tout dans une chaussure performante. Un syst\u00e8me de fermeture intuitif vous permet de chausser rapidement vos chaussures et de profiter de vos sorties en pleine nature. Le cadran BOA L6 permet des incr\u00e9ments de r\u00e9glage de 1\u00a0mm lors du serrage et une fonction de d\u00e9clenchement macro pour sortir de la chaussure. La tige offre un confort respirant et un maintien solide, tandis que la semelle ext\u00e9rieure en nylon et caoutchouc co-moul\u00e9 \u00e0 crampons garantit une r\u00e9sistance \u00e0 toute \u00e9preuve et une adh\u00e9rence impeccable sur tous les terrains.<\/p>\n","protected":false},"excerpt":{"rendered":"<p>Taille : 37 \u00e0 40 Un fit irr\u00e9prochable pour dominer les sentiers La Cylinder II : le confort Giro, la fermeture BOA\u00ae pour un r\u00e9glage pr\u00e9cis, le tout dans une chaussure performante. Un syst\u00e8me de fermeture intuitif vous permet de chausser rapidement vos chaussures et de profiter de vos sorties en pleine nature. Le cadran [&hellip;]<\/p>\n","protected":false},"featured_media":3953,"template":"","meta":[],"pwb-brand":[99],"product_brand":[],"product_cat":[63],"product_tag":[],"class_list":{"0":"post-3973","1":"product","2":"type-product","3":"status-publish","4":"has-post-thumbnail","6":"pwb-brand-giro","7":"product_cat-chaussure-vtt-gravel","9":"first","10":"instock","11":"shipping-taxable","12":"purchasable","13":"product-type-simple"},"brands":[{"id":99,"name":"GIRO","slug":"giro"}],"_links":{"self":[{"href":"https:\/\/rrunning.tribalt.agency\/index.php?rest_route=\/wp\/v2\/product\/3973","targetHints":{"allow":["GET"]}}],"collection":[{"href":"https:\/\/rrunning.tribalt.agency\/index.php?rest_route=\/wp\/v2\/product"}],"about":[{"href":"https:\/\/rrunning.tribalt.agency\/index.php?rest_route=\/wp\/v2\/types\/product"}],"wp:featuredmedia":[{"embeddable":true,"href":"https:\/\/rrunning.tribalt.agency\/index.php?rest_route=\/wp\/v2\/media\/3953"}],"wp:attachment":[{"href":"https:\/\/rrunning.tribalt.agency\/index.php?rest_route=%2Fwp%2Fv2%2Fmedia&parent=3973"}],"wp:term":[{"taxonomy":"pwb-brand","embeddable":true,"href":"https:\/\/rrunning.tribalt.agency\/index.php?rest_route=%2Fwp%2Fv2%2Fpwb-brand&post=3973"},{"taxonomy":"product_brand","embeddable":true,"href":"https:\/\/rrunning.tribalt.agency\/index.php?rest_route=%2Fwp%2Fv2%2Fproduct_brand&post=3973"},{"taxonomy":"product_cat","embeddable":true,"href":"https:\/\/rrunning.tribalt.agency\/index.php?rest_route=%2Fwp%2Fv2%2Fproduct_cat&post=3973"},{"taxonomy":"product_tag","embeddable":true,"href":"https:\/\/rrunning.tribalt.agency\/index.php?rest_route=%2Fwp%2Fv2%2Fproduct_tag&post=3973"}],"curies":[{"name":"wp","href":"https:\/\/api.w.org\/{rel}","templated":true}]}}