{"id":3969,"date":"2025-09-23T09:25:24","date_gmt":"2025-09-23T07:25:24","guid":{"rendered":"https:\/\/rrunning.tribalt.agency\/?post_type=product&#038;p=3969"},"modified":"2025-09-23T09:28:09","modified_gmt":"2025-09-23T07:28:09","slug":"chaussures-stylus","status":"publish","type":"product","link":"https:\/\/rrunning.tribalt.agency\/?product=chaussures-stylus","title":{"rendered":"CHAUSSURES STYLUS"},"content":{"rendered":"<p><strong>Taille : 40 \u00e0 45<\/strong><\/p>\n<p>L'essentiel, rien que l'essentiel<\/p>\n<p>La Stylus est dot\u00e9e de notre tige Synchwire monobloc premium qui \u00e9pouse parfaitement le pied et offre un soutien structurel et une ventilation exceptionnels. Trois sangles autocollantes moul\u00e9es par compression assurent un serrage pr\u00e9cis et confortable, en offrant un maintien optimal. Notre semelle ext\u00e9rieure en nylon inject\u00e9 et fibre de verre, avec des renforts moul\u00e9s au talon et \u00e0 la pointe, ainsi qu'un syst\u00e8me de fixation universel 3\/2 pour cales, vous offre la puissance et la polyvalence n\u00e9cessaires pour profiter pleinement de chaque sortie.<\/p>\n","protected":false},"excerpt":{"rendered":"<p>Taille : 40 \u00e0 45 L'essentiel, rien que l'essentiel La Stylus est dot\u00e9e de notre tige Synchwire monobloc premium qui \u00e9pouse parfaitement le pied et offre un soutien structurel et une ventilation exceptionnels. Trois sangles autocollantes moul\u00e9es par compression assurent un serrage pr\u00e9cis et confortable, en offrant un maintien optimal. Notre semelle ext\u00e9rieure en nylon [&hellip;]<\/p>\n","protected":false},"featured_media":3970,"template":"","meta":[],"pwb-brand":[99],"product_brand":[],"product_cat":[62],"product_tag":[],"class_list":{"0":"post-3969","1":"product","2":"type-product","3":"status-publish","4":"has-post-thumbnail","6":"pwb-brand-giro","7":"product_cat-chaussure-velo-de-route","9":"first","10":"instock","11":"sale","12":"shipping-taxable","13":"purchasable","14":"product-type-simple"},"brands":[{"id":99,"name":"GIRO","slug":"giro"}],"_links":{"self":[{"href":"https:\/\/rrunning.tribalt.agency\/index.php?rest_route=\/wp\/v2\/product\/3969","targetHints":{"allow":["GET"]}}],"collection":[{"href":"https:\/\/rrunning.tribalt.agency\/index.php?rest_route=\/wp\/v2\/product"}],"about":[{"href":"https:\/\/rrunning.tribalt.agency\/index.php?rest_route=\/wp\/v2\/types\/product"}],"wp:featuredmedia":[{"embeddable":true,"href":"https:\/\/rrunning.tribalt.agency\/index.php?rest_route=\/wp\/v2\/media\/3970"}],"wp:attachment":[{"href":"https:\/\/rrunning.tribalt.agency\/index.php?rest_route=%2Fwp%2Fv2%2Fmedia&parent=3969"}],"wp:term":[{"taxonomy":"pwb-brand","embeddable":true,"href":"https:\/\/rrunning.tribalt.agency\/index.php?rest_route=%2Fwp%2Fv2%2Fpwb-brand&post=3969"},{"taxonomy":"product_brand","embeddable":true,"href":"https:\/\/rrunning.tribalt.agency\/index.php?rest_route=%2Fwp%2Fv2%2Fproduct_brand&post=3969"},{"taxonomy":"product_cat","embeddable":true,"href":"https:\/\/rrunning.tribalt.agency\/index.php?rest_route=%2Fwp%2Fv2%2Fproduct_cat&post=3969"},{"taxonomy":"product_tag","embeddable":true,"href":"https:\/\/rrunning.tribalt.agency\/index.php?rest_route=%2Fwp%2Fv2%2Fproduct_tag&post=3969"}],"curies":[{"name":"wp","href":"https:\/\/api.w.org\/{rel}","templated":true}]}}