{"id":3965,"date":"2025-09-23T09:22:07","date_gmt":"2025-09-23T07:22:07","guid":{"rendered":"https:\/\/rrunning.tribalt.agency\/?post_type=product&#038;p=3965"},"modified":"2025-09-23T09:24:33","modified_gmt":"2025-09-23T07:24:33","slug":"chaussures-sector","status":"publish","type":"product","link":"https:\/\/rrunning.tribalt.agency\/?product=chaussures-sector","title":{"rendered":"CHAUSSURES SECTOR"},"content":{"rendered":"<p><strong>Taille : 43 \u00e0 45<\/strong><\/p>\n<p>La chaussure de VTT Sector, votre alli\u00e9e pour dompter les pistes et les chemins de traverse, vous propulsera vers de nouvelles aventures.<\/p>\n<p>La Sector associe une tige Synchwire\u2122 souple et respirante \u00e0 une solide plaque en composite de carbone et \u00e0 une solide semelle ext\u00e9rieure en caoutchouc \u00e0 double injection pour une excellente traction qui ne se d\u00e9colle pas et ne se casse pas. Une assise plantaire moul\u00e9e en 3D avec traitement antimicrobien Aegis\u00ae am\u00e9liore le confort et l'ajustement. Elle est r\u00e9glable via deux molettes BOA\u00ae L6 dot\u00e9es d'un r\u00e9glage de 1\u00a0mm et d'un d\u00e9verrouillage g\u00e9n\u00e9ral. C'est un excellent choix pour les cyclistes \u00e0 la recherche de performances inspir\u00e9es, sur le parcours ou en dehors des sentiers battus.<\/p>\n","protected":false},"excerpt":{"rendered":"<p>Taille : 43 \u00e0 45 La chaussure de VTT Sector, votre alli\u00e9e pour dompter les pistes et les chemins de traverse, vous propulsera vers de nouvelles aventures. La Sector associe une tige Synchwire\u2122 souple et respirante \u00e0 une solide plaque en composite de carbone et \u00e0 une solide semelle ext\u00e9rieure en caoutchouc \u00e0 double injection [&hellip;]<\/p>\n","protected":false},"featured_media":3966,"template":"","meta":[],"pwb-brand":[99],"product_brand":[],"product_cat":[63],"product_tag":[],"class_list":{"0":"post-3965","1":"product","2":"type-product","3":"status-publish","4":"has-post-thumbnail","6":"pwb-brand-giro","7":"product_cat-chaussure-vtt-gravel","9":"first","10":"instock","11":"shipping-taxable","12":"purchasable","13":"product-type-simple"},"brands":[{"id":99,"name":"GIRO","slug":"giro"}],"_links":{"self":[{"href":"https:\/\/rrunning.tribalt.agency\/index.php?rest_route=\/wp\/v2\/product\/3965","targetHints":{"allow":["GET"]}}],"collection":[{"href":"https:\/\/rrunning.tribalt.agency\/index.php?rest_route=\/wp\/v2\/product"}],"about":[{"href":"https:\/\/rrunning.tribalt.agency\/index.php?rest_route=\/wp\/v2\/types\/product"}],"wp:featuredmedia":[{"embeddable":true,"href":"https:\/\/rrunning.tribalt.agency\/index.php?rest_route=\/wp\/v2\/media\/3966"}],"wp:attachment":[{"href":"https:\/\/rrunning.tribalt.agency\/index.php?rest_route=%2Fwp%2Fv2%2Fmedia&parent=3965"}],"wp:term":[{"taxonomy":"pwb-brand","embeddable":true,"href":"https:\/\/rrunning.tribalt.agency\/index.php?rest_route=%2Fwp%2Fv2%2Fpwb-brand&post=3965"},{"taxonomy":"product_brand","embeddable":true,"href":"https:\/\/rrunning.tribalt.agency\/index.php?rest_route=%2Fwp%2Fv2%2Fproduct_brand&post=3965"},{"taxonomy":"product_cat","embeddable":true,"href":"https:\/\/rrunning.tribalt.agency\/index.php?rest_route=%2Fwp%2Fv2%2Fproduct_cat&post=3965"},{"taxonomy":"product_tag","embeddable":true,"href":"https:\/\/rrunning.tribalt.agency\/index.php?rest_route=%2Fwp%2Fv2%2Fproduct_tag&post=3965"}],"curies":[{"name":"wp","href":"https:\/\/api.w.org\/{rel}","templated":true}]}}