{"id":3961,"date":"2025-09-23T09:19:44","date_gmt":"2025-09-23T07:19:44","guid":{"rendered":"https:\/\/rrunning.tribalt.agency\/?post_type=product&#038;p=3961"},"modified":"2025-09-23T09:21:47","modified_gmt":"2025-09-23T07:21:47","slug":"chaussures-rincon","status":"publish","type":"product","link":"https:\/\/rrunning.tribalt.agency\/?product=chaussures-rincon","title":{"rendered":"CHAUSSURES RINCON"},"content":{"rendered":"<p><strong>Taille : 45<\/strong><\/p>\n<p>La Rincon associe une tige Synchwire souple et respirante \u00e0 une robuste plaque en composite de nylon et \u00e0 une semelle ext\u00e9rieure en caoutchouc \u00e0 double injection agressive pour une excellente traction qui ne se d\u00e9colle pas et ne se casse pas. Une semelle 3D moul\u00e9e offre un confort sur mesure, r\u00e9glable \u00e0 la perfection gr\u00e2ce \u00e0 un syst\u00e8me de la\u00e7age BOA\u00ae L6 avec un ajustement pr\u00e9cis de 1 mm et une sangle avant ajustable. La chaussure parfaite pour les cyclistes exigeants qui veulent un bon rapport qualit\u00e9-prix.<\/p>\n","protected":false},"excerpt":{"rendered":"<p>Taille : 45 La Rincon associe une tige Synchwire souple et respirante \u00e0 une robuste plaque en composite de nylon et \u00e0 une semelle ext\u00e9rieure en caoutchouc \u00e0 double injection agressive pour une excellente traction qui ne se d\u00e9colle pas et ne se casse pas. Une semelle 3D moul\u00e9e offre un confort sur mesure, r\u00e9glable [&hellip;]<\/p>\n","protected":false},"featured_media":3962,"template":"","meta":[],"pwb-brand":[99],"product_brand":[],"product_cat":[63],"product_tag":[],"class_list":{"0":"post-3961","1":"product","2":"type-product","3":"status-publish","4":"has-post-thumbnail","6":"pwb-brand-giro","7":"product_cat-chaussure-vtt-gravel","9":"first","10":"instock","11":"shipping-taxable","12":"purchasable","13":"product-type-simple"},"brands":[{"id":99,"name":"GIRO","slug":"giro"}],"_links":{"self":[{"href":"https:\/\/rrunning.tribalt.agency\/index.php?rest_route=\/wp\/v2\/product\/3961","targetHints":{"allow":["GET"]}}],"collection":[{"href":"https:\/\/rrunning.tribalt.agency\/index.php?rest_route=\/wp\/v2\/product"}],"about":[{"href":"https:\/\/rrunning.tribalt.agency\/index.php?rest_route=\/wp\/v2\/types\/product"}],"wp:featuredmedia":[{"embeddable":true,"href":"https:\/\/rrunning.tribalt.agency\/index.php?rest_route=\/wp\/v2\/media\/3962"}],"wp:attachment":[{"href":"https:\/\/rrunning.tribalt.agency\/index.php?rest_route=%2Fwp%2Fv2%2Fmedia&parent=3961"}],"wp:term":[{"taxonomy":"pwb-brand","embeddable":true,"href":"https:\/\/rrunning.tribalt.agency\/index.php?rest_route=%2Fwp%2Fv2%2Fpwb-brand&post=3961"},{"taxonomy":"product_brand","embeddable":true,"href":"https:\/\/rrunning.tribalt.agency\/index.php?rest_route=%2Fwp%2Fv2%2Fproduct_brand&post=3961"},{"taxonomy":"product_cat","embeddable":true,"href":"https:\/\/rrunning.tribalt.agency\/index.php?rest_route=%2Fwp%2Fv2%2Fproduct_cat&post=3961"},{"taxonomy":"product_tag","embeddable":true,"href":"https:\/\/rrunning.tribalt.agency\/index.php?rest_route=%2Fwp%2Fv2%2Fproduct_tag&post=3961"}],"curies":[{"name":"wp","href":"https:\/\/api.w.org\/{rel}","templated":true}]}}