{"id":3957,"date":"2025-09-23T09:15:09","date_gmt":"2025-09-23T07:15:09","guid":{"rendered":"https:\/\/rrunning.tribalt.agency\/?post_type=product&#038;p=3957"},"modified":"2025-09-23T09:19:23","modified_gmt":"2025-09-23T07:19:23","slug":"chaussures-gauge-boa","status":"publish","type":"product","link":"https:\/\/rrunning.tribalt.agency\/?product=chaussures-gauge-boa","title":{"rendered":"CHAUSSURES GAUGE BOA"},"content":{"rendered":"<p><strong>Taille : 40 \u00e0 44<\/strong><\/p>\n<p>La Gauge BOA\u00ae est une chaussure de VTT con\u00e7ue dans un esprit sportif, pens\u00e9e pour inspirer confiance aussi bien sur les sentiers les plus dynamiques que lors de longues exp\u00e9ditions de bikepacking.<\/p>\n<p>La Gauge BOA\u00ae offre un m\u00e9lange unique caract\u00e9ristiques propres au cyclisme, comme la compatibilit\u00e9 avec les p\u00e9dales automatiques et un maintien optimal, ainsi que l'adh\u00e9rence solide d'une semelle en caoutchouc \u00e0 crampons agressifs et le confort d'une chaussure de trail running. Le syst\u00e8me de fermeture BOA\u00ae micro-r\u00e9glable assure un ajustement parfait, tandis que les renforts au talon et aux orteils offrent une protection contre les \u00e9raflures et les chocs. La tige en fibre synth\u00e9tique souple et en maille respirante, associ\u00e9e \u00e0 une semelle int\u00e9rieure en nylon inject\u00e9 robuste, offre un excellent transfert de puissance aux p\u00e9dales, et vous donne la confiance n\u00e9cessaire pour affronter tous les sentiers.<\/p>\n","protected":false},"excerpt":{"rendered":"<p>Taille : 40 \u00e0 44 La Gauge BOA\u00ae est une chaussure de VTT con\u00e7ue dans un esprit sportif, pens\u00e9e pour inspirer confiance aussi bien sur les sentiers les plus dynamiques que lors de longues exp\u00e9ditions de bikepacking. La Gauge BOA\u00ae offre un m\u00e9lange unique caract\u00e9ristiques propres au cyclisme, comme la compatibilit\u00e9 avec les p\u00e9dales automatiques [&hellip;]<\/p>\n","protected":false},"featured_media":3958,"template":"","meta":[],"pwb-brand":[99],"product_brand":[],"product_cat":[63],"product_tag":[],"class_list":{"0":"post-3957","1":"product","2":"type-product","3":"status-publish","4":"has-post-thumbnail","6":"pwb-brand-giro","7":"product_cat-chaussure-vtt-gravel","9":"first","10":"instock","11":"sale","12":"shipping-taxable","13":"purchasable","14":"product-type-simple"},"brands":[{"id":99,"name":"GIRO","slug":"giro"}],"_links":{"self":[{"href":"https:\/\/rrunning.tribalt.agency\/index.php?rest_route=\/wp\/v2\/product\/3957","targetHints":{"allow":["GET"]}}],"collection":[{"href":"https:\/\/rrunning.tribalt.agency\/index.php?rest_route=\/wp\/v2\/product"}],"about":[{"href":"https:\/\/rrunning.tribalt.agency\/index.php?rest_route=\/wp\/v2\/types\/product"}],"wp:featuredmedia":[{"embeddable":true,"href":"https:\/\/rrunning.tribalt.agency\/index.php?rest_route=\/wp\/v2\/media\/3958"}],"wp:attachment":[{"href":"https:\/\/rrunning.tribalt.agency\/index.php?rest_route=%2Fwp%2Fv2%2Fmedia&parent=3957"}],"wp:term":[{"taxonomy":"pwb-brand","embeddable":true,"href":"https:\/\/rrunning.tribalt.agency\/index.php?rest_route=%2Fwp%2Fv2%2Fpwb-brand&post=3957"},{"taxonomy":"product_brand","embeddable":true,"href":"https:\/\/rrunning.tribalt.agency\/index.php?rest_route=%2Fwp%2Fv2%2Fproduct_brand&post=3957"},{"taxonomy":"product_cat","embeddable":true,"href":"https:\/\/rrunning.tribalt.agency\/index.php?rest_route=%2Fwp%2Fv2%2Fproduct_cat&post=3957"},{"taxonomy":"product_tag","embeddable":true,"href":"https:\/\/rrunning.tribalt.agency\/index.php?rest_route=%2Fwp%2Fv2%2Fproduct_tag&post=3957"}],"curies":[{"name":"wp","href":"https:\/\/api.w.org\/{rel}","templated":true}]}}