{"id":3947,"date":"2025-09-23T09:08:29","date_gmt":"2025-09-23T07:08:29","guid":{"rendered":"https:\/\/rrunning.tribalt.agency\/?post_type=product&#038;p=3947"},"modified":"2025-09-23T09:10:46","modified_gmt":"2025-09-23T07:10:46","slug":"chaussure-cadet","status":"publish","type":"product","link":"https:\/\/rrunning.tribalt.agency\/?product=chaussure-cadet","title":{"rendered":"CHAUSSURE CADET"},"content":{"rendered":"<p><strong>Taille : 39 \u00e0 47<\/strong><\/p>\n<p>La chaussure Cadet pour femme offre le meilleur de nos chaussures de cyclisme sur route haut de gamme, avec une tige en Synchwire, une semelle renforc\u00e9e en fibre de carbone et un r\u00e9glage facile gr\u00e2ce au syst\u00e8me BOA\u00ae.<\/p>\n<p>La Cadet allie une tige souple et respirante en Synchwire \u00e0 une plaque renforc\u00e9e en fibre de carbone pour une efficacit\u00e9 de p\u00e9dalage optimale, ainsi qu'une semelle int\u00e9rieure avec traitement antimicrobien Aegis\u00ae pour un confort et un ajustement parfaits. Le cadran unique BOA\u00ae L6 permet un r\u00e9glage microm\u00e9trique par incr\u00e9ments de 1 mm et, combin\u00e9 \u00e0 la sangle avant ajustable, permet de caler votre pied en toute s\u00e9curit\u00e9. Cette chaussure est un excellent choix pour les cyclistes recherchant performance, confort durable et bon rapport qualit\u00e9-prix.<\/p>\n","protected":false},"excerpt":{"rendered":"<p>Taille : 39 \u00e0 47 La chaussure Cadet pour femme offre le meilleur de nos chaussures de cyclisme sur route haut de gamme, avec une tige en Synchwire, une semelle renforc\u00e9e en fibre de carbone et un r\u00e9glage facile gr\u00e2ce au syst\u00e8me BOA\u00ae. La Cadet allie une tige souple et respirante en Synchwire \u00e0 une [&hellip;]<\/p>\n","protected":false},"featured_media":3948,"template":"","meta":[],"pwb-brand":[99],"product_brand":[],"product_cat":[62],"product_tag":[],"class_list":{"0":"post-3947","1":"product","2":"type-product","3":"status-publish","4":"has-post-thumbnail","6":"pwb-brand-giro","7":"product_cat-chaussure-velo-de-route","9":"first","10":"instock","11":"shipping-taxable","12":"purchasable","13":"product-type-simple"},"brands":[{"id":99,"name":"GIRO","slug":"giro"}],"_links":{"self":[{"href":"https:\/\/rrunning.tribalt.agency\/index.php?rest_route=\/wp\/v2\/product\/3947","targetHints":{"allow":["GET"]}}],"collection":[{"href":"https:\/\/rrunning.tribalt.agency\/index.php?rest_route=\/wp\/v2\/product"}],"about":[{"href":"https:\/\/rrunning.tribalt.agency\/index.php?rest_route=\/wp\/v2\/types\/product"}],"wp:featuredmedia":[{"embeddable":true,"href":"https:\/\/rrunning.tribalt.agency\/index.php?rest_route=\/wp\/v2\/media\/3948"}],"wp:attachment":[{"href":"https:\/\/rrunning.tribalt.agency\/index.php?rest_route=%2Fwp%2Fv2%2Fmedia&parent=3947"}],"wp:term":[{"taxonomy":"pwb-brand","embeddable":true,"href":"https:\/\/rrunning.tribalt.agency\/index.php?rest_route=%2Fwp%2Fv2%2Fpwb-brand&post=3947"},{"taxonomy":"product_brand","embeddable":true,"href":"https:\/\/rrunning.tribalt.agency\/index.php?rest_route=%2Fwp%2Fv2%2Fproduct_brand&post=3947"},{"taxonomy":"product_cat","embeddable":true,"href":"https:\/\/rrunning.tribalt.agency\/index.php?rest_route=%2Fwp%2Fv2%2Fproduct_cat&post=3947"},{"taxonomy":"product_tag","embeddable":true,"href":"https:\/\/rrunning.tribalt.agency\/index.php?rest_route=%2Fwp%2Fv2%2Fproduct_tag&post=3947"}],"curies":[{"name":"wp","href":"https:\/\/api.w.org\/{rel}","templated":true}]}}