{"id":3931,"date":"2025-09-23T08:52:43","date_gmt":"2025-09-23T06:52:43","guid":{"rendered":"https:\/\/rrunning.tribalt.agency\/?post_type=product&#038;p=3931"},"modified":"2025-09-23T08:53:51","modified_gmt":"2025-09-23T06:53:51","slug":"casque-caden-ii","status":"publish","type":"product","link":"https:\/\/rrunning.tribalt.agency\/?product=casque-caden-ii","title":{"rendered":"CASQUE CADEN II"},"content":{"rendered":"<p><strong>Taille : M (55-59)<\/strong><\/p>\n<p>Le\u00a0Caden\u2122 II\u00a0est con\u00e7u pour la circulation en ville. La coque de casque In-Mold\u2122, l\u00e9g\u00e8re mais robuste, assure une protection et une s\u00e9curit\u00e9 suffisantes.<\/p>\n<p>La visi\u00e8re en TPU, adapt\u00e9e sans couture \u00e0 la coque du casque, prot\u00e8ge les yeux de la lumi\u00e8re directe du soleil et de la pluie, sans compromettre la ventilation. De plus, le feu arri\u00e8re LED amovible offre une s\u00e9curit\u00e9 passive. Le syst\u00e8me d'ajustement\u00a0Roc Loc\u00ae City\u00a0permet de r\u00e9gler rapidement et facilement le casque \u00e0 la bonne taille.<\/p>\n<p>Les accents r\u00e9fl\u00e9chissants rendent le casque visible m\u00eame dans l'obscurit\u00e9. Les grandes ouvertures d'a\u00e9ration arri\u00e8re sont renforc\u00e9es et permettent de verrouiller le casque \u00e0 cet endroit avec l'antivol de v\u00e9lo.<\/p>\n<p>&nbsp;<\/p>\n","protected":false},"excerpt":{"rendered":"<p>Taille : M (55-59) Le\u00a0Caden\u2122 II\u00a0est con\u00e7u pour la circulation en ville. La coque de casque In-Mold\u2122, l\u00e9g\u00e8re mais robuste, assure une protection et une s\u00e9curit\u00e9 suffisantes. La visi\u00e8re en TPU, adapt\u00e9e sans couture \u00e0 la coque du casque, prot\u00e8ge les yeux de la lumi\u00e8re directe du soleil et de la pluie, sans compromettre la [&hellip;]<\/p>\n","protected":false},"featured_media":3932,"template":"","meta":[],"pwb-brand":[99],"product_brand":[],"product_cat":[61],"product_tag":[],"class_list":{"0":"post-3931","1":"product","2":"type-product","3":"status-publish","4":"has-post-thumbnail","6":"pwb-brand-giro","7":"product_cat-casques","9":"first","10":"instock","11":"shipping-taxable","12":"purchasable","13":"product-type-simple"},"brands":[{"id":99,"name":"GIRO","slug":"giro"}],"_links":{"self":[{"href":"https:\/\/rrunning.tribalt.agency\/index.php?rest_route=\/wp\/v2\/product\/3931","targetHints":{"allow":["GET"]}}],"collection":[{"href":"https:\/\/rrunning.tribalt.agency\/index.php?rest_route=\/wp\/v2\/product"}],"about":[{"href":"https:\/\/rrunning.tribalt.agency\/index.php?rest_route=\/wp\/v2\/types\/product"}],"wp:featuredmedia":[{"embeddable":true,"href":"https:\/\/rrunning.tribalt.agency\/index.php?rest_route=\/wp\/v2\/media\/3932"}],"wp:attachment":[{"href":"https:\/\/rrunning.tribalt.agency\/index.php?rest_route=%2Fwp%2Fv2%2Fmedia&parent=3931"}],"wp:term":[{"taxonomy":"pwb-brand","embeddable":true,"href":"https:\/\/rrunning.tribalt.agency\/index.php?rest_route=%2Fwp%2Fv2%2Fpwb-brand&post=3931"},{"taxonomy":"product_brand","embeddable":true,"href":"https:\/\/rrunning.tribalt.agency\/index.php?rest_route=%2Fwp%2Fv2%2Fproduct_brand&post=3931"},{"taxonomy":"product_cat","embeddable":true,"href":"https:\/\/rrunning.tribalt.agency\/index.php?rest_route=%2Fwp%2Fv2%2Fproduct_cat&post=3931"},{"taxonomy":"product_tag","embeddable":true,"href":"https:\/\/rrunning.tribalt.agency\/index.php?rest_route=%2Fwp%2Fv2%2Fproduct_tag&post=3931"}],"curies":[{"name":"wp","href":"https:\/\/api.w.org\/{rel}","templated":true}]}}