{"id":3929,"date":"2025-09-23T08:50:10","date_gmt":"2025-09-23T06:50:10","guid":{"rendered":"https:\/\/rrunning.tribalt.agency\/?post_type=product&#038;p=3929"},"modified":"2025-09-23T08:51:41","modified_gmt":"2025-09-23T06:51:41","slug":"casque-aries-spherical","status":"publish","type":"product","link":"https:\/\/rrunning.tribalt.agency\/?product=casque-aries-spherical","title":{"rendered":"CASQUE ARIES SPHERICAL"},"content":{"rendered":"<p><strong>Taille : M (55-59)<\/strong><\/p>\n<p>L'Agilis\u2122 Mips\u00ae allie style et performance sur toutes les routes, avec une silhouette \u00e9l\u00e9gante, un design a\u00e9r\u00e9 et la technologie Mips.<\/p>\n<p>L'ajustement est \u00e0 la fois confortable et s\u00fbr gr\u00e2ce \u00e0 notre syst\u00e8me r\u00e9glable Roc Loc 5 Mips, qui permet de peaufiner la taille et la position tout en int\u00e9grant la technologie Mips pour une protection accrue en cas de choc oblique. La coque ext\u00e9rieure Hardbody s'\u00e9tend \u00e0 l'int\u00e9rieur du casque et est moul\u00e9e en polycarbonate robuste, fusionn\u00e9e de mani\u00e8re permanente \u00e0 la mousse EPS gr\u00e2ce \u00e0 notre proc\u00e9d\u00e9 In-Mold, offrant ainsi durabilit\u00e9 et ventilation sans encombrement excessif.<\/p>\n<p>&nbsp;<\/p>\n","protected":false},"excerpt":{"rendered":"<p>Taille : M (55-59) L'Agilis\u2122 Mips\u00ae allie style et performance sur toutes les routes, avec une silhouette \u00e9l\u00e9gante, un design a\u00e9r\u00e9 et la technologie Mips. L'ajustement est \u00e0 la fois confortable et s\u00fbr gr\u00e2ce \u00e0 notre syst\u00e8me r\u00e9glable Roc Loc 5 Mips, qui permet de peaufiner la taille et la position tout en int\u00e9grant la [&hellip;]<\/p>\n","protected":false},"featured_media":3930,"template":"","meta":[],"pwb-brand":[99],"product_brand":[],"product_cat":[61],"product_tag":[],"class_list":{"0":"post-3929","1":"product","2":"type-product","3":"status-publish","4":"has-post-thumbnail","6":"pwb-brand-giro","7":"product_cat-casques","9":"first","10":"instock","11":"shipping-taxable","12":"purchasable","13":"product-type-simple"},"brands":[{"id":99,"name":"GIRO","slug":"giro"}],"_links":{"self":[{"href":"https:\/\/rrunning.tribalt.agency\/index.php?rest_route=\/wp\/v2\/product\/3929","targetHints":{"allow":["GET"]}}],"collection":[{"href":"https:\/\/rrunning.tribalt.agency\/index.php?rest_route=\/wp\/v2\/product"}],"about":[{"href":"https:\/\/rrunning.tribalt.agency\/index.php?rest_route=\/wp\/v2\/types\/product"}],"wp:featuredmedia":[{"embeddable":true,"href":"https:\/\/rrunning.tribalt.agency\/index.php?rest_route=\/wp\/v2\/media\/3930"}],"wp:attachment":[{"href":"https:\/\/rrunning.tribalt.agency\/index.php?rest_route=%2Fwp%2Fv2%2Fmedia&parent=3929"}],"wp:term":[{"taxonomy":"pwb-brand","embeddable":true,"href":"https:\/\/rrunning.tribalt.agency\/index.php?rest_route=%2Fwp%2Fv2%2Fpwb-brand&post=3929"},{"taxonomy":"product_brand","embeddable":true,"href":"https:\/\/rrunning.tribalt.agency\/index.php?rest_route=%2Fwp%2Fv2%2Fproduct_brand&post=3929"},{"taxonomy":"product_cat","embeddable":true,"href":"https:\/\/rrunning.tribalt.agency\/index.php?rest_route=%2Fwp%2Fv2%2Fproduct_cat&post=3929"},{"taxonomy":"product_tag","embeddable":true,"href":"https:\/\/rrunning.tribalt.agency\/index.php?rest_route=%2Fwp%2Fv2%2Fproduct_tag&post=3929"}],"curies":[{"name":"wp","href":"https:\/\/api.w.org\/{rel}","templated":true}]}}