{"id":3908,"date":"2025-09-22T16:17:01","date_gmt":"2025-09-22T14:17:01","guid":{"rendered":"https:\/\/rrunning.tribalt.agency\/?post_type=product&#038;p=3908"},"modified":"2025-09-22T16:18:07","modified_gmt":"2025-09-22T14:18:07","slug":"lazer-casque-tempo-kc-3","status":"publish","type":"product","link":"https:\/\/rrunning.tribalt.agency\/?product=lazer-casque-tempo-kc-3","title":{"rendered":"LAZER CASQUE TEMPO KC"},"content":{"rendered":"<p><strong>Taille : Tu (54-61)<\/strong><\/p>\n<h2 class=\"d-inline\">Style et performances<\/h2>\n<p>Le Tempo KinetiCore offre une bonne respirabilit\u00e9 et une ventilation confortable pour vous garder au frais pendant que vous faites des efforts. Tout cela alors que la compatibilit\u00e9 avec le kit hiver offre une chaleur suppl\u00e9mentaire sur les sorties fraiches, pour que vous puissiez p\u00e9daler toute l'ann\u00e9e. Gr\u00e2ce \u00e0 sa taille unique et au r\u00e9glage vertical du serrage TurnSys, un ajustement s\u00fbr vous est garanti. Ajoutez \u00e0 cela la technologie de\u00a0<strong>protection exclusive KinetiCore\u00a0<\/strong>de Lazer int\u00e9gr\u00e9e dans le casque, et le r\u00e9sultat final est un confort ultime et une protection encore am\u00e9lior\u00e9e. Pour compl\u00e9ter l'ensemble, fixez la lumi\u00e8re Lazer LED universelle \u00e0 l'arri\u00e8re du casque pour vous assurer d'\u00eatre vu dans toutes les conditions d'\u00e9clairage et de m\u00e9t\u00e9o.<\/p>\n","protected":false},"excerpt":{"rendered":"<p>Taille : Tu (54-61) Style et performances Le Tempo KinetiCore offre une bonne respirabilit\u00e9 et une ventilation confortable pour vous garder au frais pendant que vous faites des efforts. Tout cela alors que la compatibilit\u00e9 avec le kit hiver offre une chaleur suppl\u00e9mentaire sur les sorties fraiches, pour que vous puissiez p\u00e9daler toute l'ann\u00e9e. Gr\u00e2ce [&hellip;]<\/p>\n","protected":false},"featured_media":3909,"template":"","meta":[],"pwb-brand":[164],"product_brand":[],"product_cat":[61],"product_tag":[],"class_list":{"0":"post-3908","1":"product","2":"type-product","3":"status-publish","4":"has-post-thumbnail","6":"pwb-brand-lazer","7":"product_cat-casques","9":"first","10":"instock","11":"shipping-taxable","12":"purchasable","13":"product-type-simple"},"brands":[{"id":164,"name":"LAZER","slug":"lazer"}],"_links":{"self":[{"href":"https:\/\/rrunning.tribalt.agency\/index.php?rest_route=\/wp\/v2\/product\/3908","targetHints":{"allow":["GET"]}}],"collection":[{"href":"https:\/\/rrunning.tribalt.agency\/index.php?rest_route=\/wp\/v2\/product"}],"about":[{"href":"https:\/\/rrunning.tribalt.agency\/index.php?rest_route=\/wp\/v2\/types\/product"}],"wp:featuredmedia":[{"embeddable":true,"href":"https:\/\/rrunning.tribalt.agency\/index.php?rest_route=\/wp\/v2\/media\/3909"}],"wp:attachment":[{"href":"https:\/\/rrunning.tribalt.agency\/index.php?rest_route=%2Fwp%2Fv2%2Fmedia&parent=3908"}],"wp:term":[{"taxonomy":"pwb-brand","embeddable":true,"href":"https:\/\/rrunning.tribalt.agency\/index.php?rest_route=%2Fwp%2Fv2%2Fpwb-brand&post=3908"},{"taxonomy":"product_brand","embeddable":true,"href":"https:\/\/rrunning.tribalt.agency\/index.php?rest_route=%2Fwp%2Fv2%2Fproduct_brand&post=3908"},{"taxonomy":"product_cat","embeddable":true,"href":"https:\/\/rrunning.tribalt.agency\/index.php?rest_route=%2Fwp%2Fv2%2Fproduct_cat&post=3908"},{"taxonomy":"product_tag","embeddable":true,"href":"https:\/\/rrunning.tribalt.agency\/index.php?rest_route=%2Fwp%2Fv2%2Fproduct_tag&post=3908"}],"curies":[{"name":"wp","href":"https:\/\/api.w.org\/{rel}","templated":true}]}}