{"id":3899,"date":"2025-09-22T16:07:36","date_gmt":"2025-09-22T14:07:36","guid":{"rendered":"https:\/\/rrunning.tribalt.agency\/?post_type=product&#038;p=3899"},"modified":"2025-09-22T16:09:11","modified_gmt":"2025-09-22T14:09:11","slug":"lazer-casque-lupo-kc","status":"publish","type":"product","link":"https:\/\/rrunning.tribalt.agency\/?product=lazer-casque-lupo-kc","title":{"rendered":"LAZER CASQUE LUPO KC"},"content":{"rendered":"<p><strong>Taille : Tu (54-61)<\/strong><\/p>\n<h2 class=\"d-inline\">L'aventure pour tous<\/h2>\n<p>Le Lupo KinetiCore est con\u00e7u pour une pratique tout terrain en offrant confort et style. Il est dot\u00e9 d'une visi\u00e8re fixe int\u00e9gr\u00e9e, d'a\u00e9rations frontales pr\u00e9vues pour une meilleure ventilation, d'un renfort de mati\u00e8re sur les c\u00f4t\u00e9s pour une meilleure protection et du syst\u00e8me Lazer TurnSys pour un ajustement facile tout en roulant. Que vous rouliez sur un chemin rapide et technique ou que vous vous promeniez tranquillement avec vos amis, ce casque vous assurera un ajustement parfait lors de toutes vos aventures.<\/p>\n","protected":false},"excerpt":{"rendered":"<p>Taille : Tu (54-61) L'aventure pour tous Le Lupo KinetiCore est con\u00e7u pour une pratique tout terrain en offrant confort et style. Il est dot\u00e9 d'une visi\u00e8re fixe int\u00e9gr\u00e9e, d'a\u00e9rations frontales pr\u00e9vues pour une meilleure ventilation, d'un renfort de mati\u00e8re sur les c\u00f4t\u00e9s pour une meilleure protection et du syst\u00e8me Lazer TurnSys pour un ajustement [&hellip;]<\/p>\n","protected":false},"featured_media":3900,"template":"","meta":[],"pwb-brand":[164],"product_brand":[],"product_cat":[61],"product_tag":[],"class_list":{"0":"post-3899","1":"product","2":"type-product","3":"status-publish","4":"has-post-thumbnail","6":"pwb-brand-lazer","7":"product_cat-casques","9":"first","10":"instock","11":"shipping-taxable","12":"purchasable","13":"product-type-simple"},"brands":[{"id":164,"name":"LAZER","slug":"lazer"}],"_links":{"self":[{"href":"https:\/\/rrunning.tribalt.agency\/index.php?rest_route=\/wp\/v2\/product\/3899","targetHints":{"allow":["GET"]}}],"collection":[{"href":"https:\/\/rrunning.tribalt.agency\/index.php?rest_route=\/wp\/v2\/product"}],"about":[{"href":"https:\/\/rrunning.tribalt.agency\/index.php?rest_route=\/wp\/v2\/types\/product"}],"wp:featuredmedia":[{"embeddable":true,"href":"https:\/\/rrunning.tribalt.agency\/index.php?rest_route=\/wp\/v2\/media\/3900"}],"wp:attachment":[{"href":"https:\/\/rrunning.tribalt.agency\/index.php?rest_route=%2Fwp%2Fv2%2Fmedia&parent=3899"}],"wp:term":[{"taxonomy":"pwb-brand","embeddable":true,"href":"https:\/\/rrunning.tribalt.agency\/index.php?rest_route=%2Fwp%2Fv2%2Fpwb-brand&post=3899"},{"taxonomy":"product_brand","embeddable":true,"href":"https:\/\/rrunning.tribalt.agency\/index.php?rest_route=%2Fwp%2Fv2%2Fproduct_brand&post=3899"},{"taxonomy":"product_cat","embeddable":true,"href":"https:\/\/rrunning.tribalt.agency\/index.php?rest_route=%2Fwp%2Fv2%2Fproduct_cat&post=3899"},{"taxonomy":"product_tag","embeddable":true,"href":"https:\/\/rrunning.tribalt.agency\/index.php?rest_route=%2Fwp%2Fv2%2Fproduct_tag&post=3899"}],"curies":[{"name":"wp","href":"https:\/\/api.w.org\/{rel}","templated":true}]}}