{"id":3897,"date":"2025-09-22T16:05:17","date_gmt":"2025-09-22T14:05:17","guid":{"rendered":"https:\/\/rrunning.tribalt.agency\/?post_type=product&#038;p=3897"},"modified":"2025-09-22T16:07:18","modified_gmt":"2025-09-22T14:07:18","slug":"lazer-casque-finch-kc-3","status":"publish","type":"product","link":"https:\/\/rrunning.tribalt.agency\/?product=lazer-casque-finch-kc-3","title":{"rendered":"LAZER CASQUE FINCH KC"},"content":{"rendered":"<p><strong>Taille : M (55-59)<\/strong><\/p>\n<h2 class=\"d-inline\">Pour l'amour des chemins<\/h2>\n<p>Quand vous vous rendez dans votre bike park favori ou lorsque vous vous d\u00e9foncez sur les chemins pr\u00e8s de chez vous, vous souhaiter pouvoir compter sur une protection s\u00fbre. Gr\u00e2ce \u00e0\u00a0<strong>la nouvelle technologie de protection exclusive KinetiCore,<\/strong>\u00a0vous pouvez vous lancer sur n'importe quel chemin. Le syst\u00e8me intelligent TurnSys vous permet d'ajuster le port du casque d'un simple tour de molette, tandis que vous pouvez manipuler la boucle aimant\u00e9e d'une seule main gant\u00e9e. Quand vous partirez \u00e0 l'assaut de la prochaine c\u00f4te difficile, la t\u00eate restera au frais gr\u00e2ce au syst\u00e8me de ventilation du Jackal KinetiCore. Les a\u00e9rations frontales augmentent la ventilation et r\u00e9duisent le risque de formation de bu\u00e9e sur les lunettes. Les renfoncements \u00e0 l'int\u00e9rieur du casque att\u00e9nuent quant \u00e0 elles la pression normalement exerc\u00e9e par les branches de lunettes. Le casque Jackal KinetiCore est livr\u00e9 avec une fixation pour accessoires compatible avec une cam\u00e9ra sportive ou une lumi\u00e8re, si bien que vous pourrez enregistrer les moments les plus intenses de votre sortie dans les chemins.<\/p>\n","protected":false},"excerpt":{"rendered":"<p>Taille : M (55-59) Pour l'amour des chemins Quand vous vous rendez dans votre bike park favori ou lorsque vous vous d\u00e9foncez sur les chemins pr\u00e8s de chez vous, vous souhaiter pouvoir compter sur une protection s\u00fbre. Gr\u00e2ce \u00e0\u00a0la nouvelle technologie de protection exclusive KinetiCore,\u00a0vous pouvez vous lancer sur n'importe quel chemin. Le syst\u00e8me intelligent [&hellip;]<\/p>\n","protected":false},"featured_media":3898,"template":"","meta":[],"pwb-brand":[164],"product_brand":[],"product_cat":[61],"product_tag":[],"class_list":{"0":"post-3897","1":"product","2":"type-product","3":"status-publish","4":"has-post-thumbnail","6":"pwb-brand-lazer","7":"product_cat-casques","9":"first","10":"instock","11":"shipping-taxable","12":"purchasable","13":"product-type-simple"},"brands":[{"id":164,"name":"LAZER","slug":"lazer"}],"_links":{"self":[{"href":"https:\/\/rrunning.tribalt.agency\/index.php?rest_route=\/wp\/v2\/product\/3897","targetHints":{"allow":["GET"]}}],"collection":[{"href":"https:\/\/rrunning.tribalt.agency\/index.php?rest_route=\/wp\/v2\/product"}],"about":[{"href":"https:\/\/rrunning.tribalt.agency\/index.php?rest_route=\/wp\/v2\/types\/product"}],"wp:featuredmedia":[{"embeddable":true,"href":"https:\/\/rrunning.tribalt.agency\/index.php?rest_route=\/wp\/v2\/media\/3898"}],"wp:attachment":[{"href":"https:\/\/rrunning.tribalt.agency\/index.php?rest_route=%2Fwp%2Fv2%2Fmedia&parent=3897"}],"wp:term":[{"taxonomy":"pwb-brand","embeddable":true,"href":"https:\/\/rrunning.tribalt.agency\/index.php?rest_route=%2Fwp%2Fv2%2Fpwb-brand&post=3897"},{"taxonomy":"product_brand","embeddable":true,"href":"https:\/\/rrunning.tribalt.agency\/index.php?rest_route=%2Fwp%2Fv2%2Fproduct_brand&post=3897"},{"taxonomy":"product_cat","embeddable":true,"href":"https:\/\/rrunning.tribalt.agency\/index.php?rest_route=%2Fwp%2Fv2%2Fproduct_cat&post=3897"},{"taxonomy":"product_tag","embeddable":true,"href":"https:\/\/rrunning.tribalt.agency\/index.php?rest_route=%2Fwp%2Fv2%2Fproduct_tag&post=3897"}],"curies":[{"name":"wp","href":"https:\/\/api.w.org\/{rel}","templated":true}]}}