{"id":3892,"date":"2025-09-22T15:58:30","date_gmt":"2025-09-22T13:58:30","guid":{"rendered":"https:\/\/rrunning.tribalt.agency\/?post_type=product&#038;p=3892"},"modified":"2025-09-22T16:00:42","modified_gmt":"2025-09-22T14:00:42","slug":"lazer-casque-finch-kc","status":"publish","type":"product","link":"https:\/\/rrunning.tribalt.agency\/?product=lazer-casque-finch-kc","title":{"rendered":"LAZER CASQUE FINCH KC"},"content":{"rendered":"<p><strong>Taille : Tu (54-61)<\/strong><\/p>\n<h2 class=\"d-inline\">L'aventure pour tous !<\/h2>\n<p>Le Finch KinetiCore r\u00e9duit les limites entre les casques tout terrain pour les jeunes et ceux destin\u00e9s aux adultes. C'est un casque avec des caract\u00e9ristiques professionnelles telles qu'une visi\u00e8re int\u00e9gr\u00e9e \u00e9l\u00e9gante, des a\u00e9rations frontales bien con\u00e7ues pour une meilleure ventilation, un renfort sur les c\u00f4t\u00e9s pour une protection plus \u00e9lev\u00e9e et le syst\u00e8me Lazer TurnSys pour un ajustement facile pendant que vous foncez \u00e0 travers les sentiers. Ce casque est le compagnon id\u00e9al pour aller dans les chemins rapides et techniques avec vos amis.<\/p>\n","protected":false},"excerpt":{"rendered":"<p>Taille : Tu (54-61) L'aventure pour tous ! Le Finch KinetiCore r\u00e9duit les limites entre les casques tout terrain pour les jeunes et ceux destin\u00e9s aux adultes. C'est un casque avec des caract\u00e9ristiques professionnelles telles qu'une visi\u00e8re int\u00e9gr\u00e9e \u00e9l\u00e9gante, des a\u00e9rations frontales bien con\u00e7ues pour une meilleure ventilation, un renfort sur les c\u00f4t\u00e9s pour une [&hellip;]<\/p>\n","protected":false},"featured_media":3894,"template":"","meta":[],"pwb-brand":[164],"product_brand":[],"product_cat":[61],"product_tag":[],"class_list":{"0":"post-3892","1":"product","2":"type-product","3":"status-publish","4":"has-post-thumbnail","6":"pwb-brand-lazer","7":"product_cat-casques","9":"first","10":"instock","11":"shipping-taxable","12":"purchasable","13":"product-type-simple"},"brands":[{"id":164,"name":"LAZER","slug":"lazer"}],"_links":{"self":[{"href":"https:\/\/rrunning.tribalt.agency\/index.php?rest_route=\/wp\/v2\/product\/3892","targetHints":{"allow":["GET"]}}],"collection":[{"href":"https:\/\/rrunning.tribalt.agency\/index.php?rest_route=\/wp\/v2\/product"}],"about":[{"href":"https:\/\/rrunning.tribalt.agency\/index.php?rest_route=\/wp\/v2\/types\/product"}],"wp:featuredmedia":[{"embeddable":true,"href":"https:\/\/rrunning.tribalt.agency\/index.php?rest_route=\/wp\/v2\/media\/3894"}],"wp:attachment":[{"href":"https:\/\/rrunning.tribalt.agency\/index.php?rest_route=%2Fwp%2Fv2%2Fmedia&parent=3892"}],"wp:term":[{"taxonomy":"pwb-brand","embeddable":true,"href":"https:\/\/rrunning.tribalt.agency\/index.php?rest_route=%2Fwp%2Fv2%2Fpwb-brand&post=3892"},{"taxonomy":"product_brand","embeddable":true,"href":"https:\/\/rrunning.tribalt.agency\/index.php?rest_route=%2Fwp%2Fv2%2Fproduct_brand&post=3892"},{"taxonomy":"product_cat","embeddable":true,"href":"https:\/\/rrunning.tribalt.agency\/index.php?rest_route=%2Fwp%2Fv2%2Fproduct_cat&post=3892"},{"taxonomy":"product_tag","embeddable":true,"href":"https:\/\/rrunning.tribalt.agency\/index.php?rest_route=%2Fwp%2Fv2%2Fproduct_tag&post=3892"}],"curies":[{"name":"wp","href":"https:\/\/api.w.org\/{rel}","templated":true}]}}