{"id":3886,"date":"2025-09-22T15:51:46","date_gmt":"2025-09-22T13:51:46","guid":{"rendered":"https:\/\/rrunning.tribalt.agency\/?post_type=product&#038;p=3886"},"modified":"2025-09-22T15:54:51","modified_gmt":"2025-09-22T13:54:51","slug":"lazer-casque-codax-kc","status":"publish","type":"product","link":"https:\/\/rrunning.tribalt.agency\/?product=lazer-casque-codax-kc","title":{"rendered":"LAZER CASQUE CODAX KC"},"content":{"rendered":"<p><strong>Taille : Tu (54-61)<\/strong><\/p>\n<h2 class=\"d-inline\">Confort et style<\/h2>\n<p>Le Codax KinetiCore offre \u00e0 la fois du confort et du style dans un mod\u00e8le qui convient \u00e0 toutes les tailles. Dot\u00e9 du serrage Lazer TurnSys, permettant un ajustement facile en roulant et de\u00a0<strong>la protection KinetiCore int\u00e9gr\u00e9e,<\/strong>\u00a0le Codax KinetiCore offre un confort ultime et une protection tout en l\u00e9g\u00e8ret\u00e9. Ce casque dispose de caract\u00e9ristiques essentielles qui rendent les journ\u00e9es sur la selle plus agr\u00e9ables. Comme par exemple une visi\u00e8re pour vous prot\u00e9ger du soleil et un filet anti-insectes pour emp\u00eacher les insectes de p\u00e9n\u00e9trer dans les a\u00e9rations avant du casque, de mani\u00e8re \u00e0 diminuer les risques de distractions ou d'irritations. Compl\u00e9tez l'ensemble avec la lumi\u00e8re Lazer LED universelle pour vous assurer d'\u00eatre vu dans toutes les conditions d'\u00e9clairage et de m\u00e9t\u00e9o.<\/p>\n","protected":false},"excerpt":{"rendered":"<p>Taille : Tu (54-61) Confort et style Le Codax KinetiCore offre \u00e0 la fois du confort et du style dans un mod\u00e8le qui convient \u00e0 toutes les tailles. Dot\u00e9 du serrage Lazer TurnSys, permettant un ajustement facile en roulant et de\u00a0la protection KinetiCore int\u00e9gr\u00e9e,\u00a0le Codax KinetiCore offre un confort ultime et une protection tout en [&hellip;]<\/p>\n","protected":false},"featured_media":3887,"template":"","meta":[],"pwb-brand":[164],"product_brand":[],"product_cat":[61],"product_tag":[],"class_list":{"0":"post-3886","1":"product","2":"type-product","3":"status-publish","4":"has-post-thumbnail","6":"pwb-brand-lazer","7":"product_cat-casques","9":"first","10":"instock","11":"shipping-taxable","12":"purchasable","13":"product-type-simple"},"brands":[{"id":164,"name":"LAZER","slug":"lazer"}],"_links":{"self":[{"href":"https:\/\/rrunning.tribalt.agency\/index.php?rest_route=\/wp\/v2\/product\/3886","targetHints":{"allow":["GET"]}}],"collection":[{"href":"https:\/\/rrunning.tribalt.agency\/index.php?rest_route=\/wp\/v2\/product"}],"about":[{"href":"https:\/\/rrunning.tribalt.agency\/index.php?rest_route=\/wp\/v2\/types\/product"}],"wp:featuredmedia":[{"embeddable":true,"href":"https:\/\/rrunning.tribalt.agency\/index.php?rest_route=\/wp\/v2\/media\/3887"}],"wp:attachment":[{"href":"https:\/\/rrunning.tribalt.agency\/index.php?rest_route=%2Fwp%2Fv2%2Fmedia&parent=3886"}],"wp:term":[{"taxonomy":"pwb-brand","embeddable":true,"href":"https:\/\/rrunning.tribalt.agency\/index.php?rest_route=%2Fwp%2Fv2%2Fpwb-brand&post=3886"},{"taxonomy":"product_brand","embeddable":true,"href":"https:\/\/rrunning.tribalt.agency\/index.php?rest_route=%2Fwp%2Fv2%2Fproduct_brand&post=3886"},{"taxonomy":"product_cat","embeddable":true,"href":"https:\/\/rrunning.tribalt.agency\/index.php?rest_route=%2Fwp%2Fv2%2Fproduct_cat&post=3886"},{"taxonomy":"product_tag","embeddable":true,"href":"https:\/\/rrunning.tribalt.agency\/index.php?rest_route=%2Fwp%2Fv2%2Fproduct_tag&post=3886"}],"curies":[{"name":"wp","href":"https:\/\/api.w.org\/{rel}","templated":true}]}}