{"id":3875,"date":"2025-09-22T11:49:34","date_gmt":"2025-09-22T09:49:34","guid":{"rendered":"https:\/\/rrunning.tribalt.agency\/?post_type=product&#038;p=3875"},"modified":"2025-09-22T11:49:34","modified_gmt":"2025-09-22T09:49:34","slug":"casque-coyote-kc","status":"publish","type":"product","link":"https:\/\/rrunning.tribalt.agency\/?product=casque-coyote-kc","title":{"rendered":"CASQUE COYOTE KC"},"content":{"rendered":"<p><strong>Taille : M (55-59)<\/strong><\/p>\n<h2 class=\"d-inline\">S'approprier les sentiers<\/h2>\n<p>Le casque de VTT Coyote KinetiCore b\u00e9n\u00e9ficie d'une visi\u00e8re int\u00e9gr\u00e9e qui peut \u00eatre rapidement relev\u00e9e ou abaiss\u00e9e pour \u00e9loigner le soleil, la pluie et les branches de votre visage, alors que la zone antid\u00e9rapante sur la coque maintient votre masque en place. La technologie de serrage TurnSys offre un ajustement vertical et un serrage sur mesure en manipulant la molette, alors que la boucle magn\u00e9tique permet d'attacher et d'enlever facilement le casque avec une seule main et des gants pour ne jamais manquer une opportunit\u00e9 sur et en dehors du v\u00e9lo. Pour les sorties o\u00f9 vous poussez jusqu'\u00e0 la derni\u00e8re minute de la lumi\u00e8re du jour, la compatibilit\u00e9 avec la lumi\u00e8re LED universelle via le support velcro garantit que vous \u00eates visible.<\/p>\n<h5>Ajustement vertical facile<\/h5>\n<p>Le serrage Lazer Advanced TurnSys offre un ajustement sur mesure et facile \u00e0 r\u00e9gler tout en roulant, avec un simple tour de molette.<\/p>\n<p>&nbsp;<\/p>\n","protected":false},"excerpt":{"rendered":"<p>Taille : M (55-59) S'approprier les sentiers Le casque de VTT Coyote KinetiCore b\u00e9n\u00e9ficie d'une visi\u00e8re int\u00e9gr\u00e9e qui peut \u00eatre rapidement relev\u00e9e ou abaiss\u00e9e pour \u00e9loigner le soleil, la pluie et les branches de votre visage, alors que la zone antid\u00e9rapante sur la coque maintient votre masque en place. La technologie de serrage TurnSys offre [&hellip;]<\/p>\n","protected":false},"featured_media":3876,"template":"","meta":[],"pwb-brand":[164],"product_brand":[],"product_cat":[61],"product_tag":[],"class_list":{"0":"post-3875","1":"product","2":"type-product","3":"status-publish","4":"has-post-thumbnail","6":"pwb-brand-lazer","7":"product_cat-casques","9":"first","10":"instock","11":"shipping-taxable","12":"purchasable","13":"product-type-simple"},"brands":[{"id":164,"name":"LAZER","slug":"lazer"}],"_links":{"self":[{"href":"https:\/\/rrunning.tribalt.agency\/index.php?rest_route=\/wp\/v2\/product\/3875","targetHints":{"allow":["GET"]}}],"collection":[{"href":"https:\/\/rrunning.tribalt.agency\/index.php?rest_route=\/wp\/v2\/product"}],"about":[{"href":"https:\/\/rrunning.tribalt.agency\/index.php?rest_route=\/wp\/v2\/types\/product"}],"wp:featuredmedia":[{"embeddable":true,"href":"https:\/\/rrunning.tribalt.agency\/index.php?rest_route=\/wp\/v2\/media\/3876"}],"wp:attachment":[{"href":"https:\/\/rrunning.tribalt.agency\/index.php?rest_route=%2Fwp%2Fv2%2Fmedia&parent=3875"}],"wp:term":[{"taxonomy":"pwb-brand","embeddable":true,"href":"https:\/\/rrunning.tribalt.agency\/index.php?rest_route=%2Fwp%2Fv2%2Fpwb-brand&post=3875"},{"taxonomy":"product_brand","embeddable":true,"href":"https:\/\/rrunning.tribalt.agency\/index.php?rest_route=%2Fwp%2Fv2%2Fproduct_brand&post=3875"},{"taxonomy":"product_cat","embeddable":true,"href":"https:\/\/rrunning.tribalt.agency\/index.php?rest_route=%2Fwp%2Fv2%2Fproduct_cat&post=3875"},{"taxonomy":"product_tag","embeddable":true,"href":"https:\/\/rrunning.tribalt.agency\/index.php?rest_route=%2Fwp%2Fv2%2Fproduct_tag&post=3875"}],"curies":[{"name":"wp","href":"https:\/\/api.w.org\/{rel}","templated":true}]}}