{"id":3871,"date":"2025-09-22T11:27:15","date_gmt":"2025-09-22T09:27:15","guid":{"rendered":"https:\/\/rrunning.tribalt.agency\/?post_type=product&#038;p=3871"},"modified":"2025-09-22T11:29:08","modified_gmt":"2025-09-22T09:29:08","slug":"gravel-gx1-follow","status":"publish","type":"product","link":"https:\/\/rrunning.tribalt.agency\/?product=gravel-gx1-follow","title":{"rendered":"GRAVEL GX1 FOLLOW"},"content":{"rendered":"<p>Taille : M<\/p>\n<h2 class=\"mt-lg-0 mb-2\">Le Pass\u2019Partout<\/h2>\n<p>Le GX01 est un vrai couteau suisse, \u00e0 l\u2019\u00e9preuve des chemins, de la route ou encore des sentiers montagnards.<br \/>\nIl convient \u00e0 tout le monde pour passer du mode rando en mode performance mais \u00e9galement du mode routier au mode globetrotter.<br \/>\nVous cherchez un produit 3 en 1, cherchez plus, optez pour notre Gravel GX01.<\/p>\n<h2 class=\"mt-lg-0 mb-2\">L\u2019Aventure, le Voyage et bien plus encore<\/h2>\n<p>Sa polyvalence de terrain font de lui un atout pour vous cyclistes souhaitant r\u00e9aliser des d\u00e9fis ou de simples balades.<br \/>\nLe Monde est magnifique et ne demande qu\u2019\u00e0 \u00eatre contempl\u00e9. Notre GX01 est pr\u00e9vu pour vous permettre d\u2019exploiter chaque centim\u00e8tre de sentiers, routes.<br \/>\nBref partout o\u00f9 vous souhaiterez aller. Pour les grands voyageurs, une version Bike Packing est disponible en collaboration avec Ortlieb.<br \/>\nAlors n\u2019h\u00e9sitez plus, faites vous plaisir partout o\u00f9 vous souhaiterez rouler.<\/p>\n<div class=\"row align-items-center justify-content-center\">\n<div class=\"col-md-8 text-center p-3\">\n<h2 class=\"mt-lg-0 mb-2\">Sp\u00e9cifications<\/h2>\n<p>Sp\u00e9cifit\u00e9s relatives au cadre ci-dessous.<br \/>\nPour plus d'informations sur les composants vous r\u00e9f\u00e9rer \u00e0 chaque fiche produit, une fois celui-ci s\u00e9lectionn\u00e9.<\/p>\n<\/div>\n<\/div>\n<div class=\"row align-items-center justify-content-center\">\n<div class=\"col-lg-12 col-md-12 col-12\">\n<div class=\"row align-items-center slide\">\n<div class=\"col-12\">\n<div class=\"table-responsive\">\n<table class=\"table table-sm text-left\">\n<tbody>\n<tr>\n<th class=\"text-uppercase\" scope=\"row\">Carbone<\/th>\n<td>TH800HM<\/td>\n<\/tr>\n<tr>\n<th class=\"text-uppercase\" scope=\"row\">Type boitier<\/th>\n<td>BB386<\/td>\n<\/tr>\n<tr>\n<th class=\"text-uppercase\" scope=\"row\">Jeu de direction<\/th>\n<td>Tapered 1'1\/2 - 1'1\/2<\/td>\n<\/tr>\n<tr>\n<th class=\"text-uppercase\" scope=\"row\">Type de frein<\/th>\n<td>Disques (Flat mount, Axe Ar. 12x142 et Av. 12x100)<\/td>\n<\/tr>\n<tr>\n<th class=\"text-uppercase\" scope=\"row\">Tailles<\/th>\n<td>5 Tailles (XS\/49, S\/52, M\/54, L\/56, XL\/58)<\/td>\n<\/tr>\n<tr>\n<th class=\"text-uppercase\" scope=\"row\">Poids\u00a0<sup>estimatif<\/sup><\/th>\n<td>1620g +\/-40g (Cadre, fourche et tige de selle)<\/td>\n<\/tr>\n<\/tbody>\n<\/table>\n<\/div>\n<\/div>\n<\/div>\n<\/div>\n<\/div>\n","protected":false},"excerpt":{"rendered":"<p>Taille : M Le Pass\u2019Partout Le GX01 est un vrai couteau suisse, \u00e0 l\u2019\u00e9preuve des chemins, de la route ou encore des sentiers montagnards. Il convient \u00e0 tout le monde pour passer du mode rando en mode performance mais \u00e9galement du mode routier au mode globetrotter. Vous cherchez un produit 3 en 1, cherchez plus, [&hellip;]<\/p>\n","protected":false},"featured_media":3872,"template":"","meta":[],"pwb-brand":[119],"product_brand":[],"product_cat":[66],"product_tag":[],"class_list":{"0":"post-3871","1":"product","2":"type-product","3":"status-publish","4":"has-post-thumbnail","6":"pwb-brand-s1neo","7":"product_cat-gravel","9":"first","10":"instock","11":"sale","12":"shipping-taxable","13":"purchasable","14":"product-type-simple"},"brands":[{"id":119,"name":"S1NEO","slug":"s1neo"}],"_links":{"self":[{"href":"https:\/\/rrunning.tribalt.agency\/index.php?rest_route=\/wp\/v2\/product\/3871","targetHints":{"allow":["GET"]}}],"collection":[{"href":"https:\/\/rrunning.tribalt.agency\/index.php?rest_route=\/wp\/v2\/product"}],"about":[{"href":"https:\/\/rrunning.tribalt.agency\/index.php?rest_route=\/wp\/v2\/types\/product"}],"wp:featuredmedia":[{"embeddable":true,"href":"https:\/\/rrunning.tribalt.agency\/index.php?rest_route=\/wp\/v2\/media\/3872"}],"wp:attachment":[{"href":"https:\/\/rrunning.tribalt.agency\/index.php?rest_route=%2Fwp%2Fv2%2Fmedia&parent=3871"}],"wp:term":[{"taxonomy":"pwb-brand","embeddable":true,"href":"https:\/\/rrunning.tribalt.agency\/index.php?rest_route=%2Fwp%2Fv2%2Fpwb-brand&post=3871"},{"taxonomy":"product_brand","embeddable":true,"href":"https:\/\/rrunning.tribalt.agency\/index.php?rest_route=%2Fwp%2Fv2%2Fproduct_brand&post=3871"},{"taxonomy":"product_cat","embeddable":true,"href":"https:\/\/rrunning.tribalt.agency\/index.php?rest_route=%2Fwp%2Fv2%2Fproduct_cat&post=3871"},{"taxonomy":"product_tag","embeddable":true,"href":"https:\/\/rrunning.tribalt.agency\/index.php?rest_route=%2Fwp%2Fv2%2Fproduct_tag&post=3871"}],"curies":[{"name":"wp","href":"https:\/\/api.w.org\/{rel}","templated":true}]}}