{"id":3868,"date":"2025-09-22T11:22:20","date_gmt":"2025-09-22T09:22:20","guid":{"rendered":"https:\/\/rrunning.tribalt.agency\/?post_type=product&#038;p=3868"},"modified":"2025-09-22T11:27:06","modified_gmt":"2025-09-22T09:27:06","slug":"699d-quartz","status":"publish","type":"product","link":"https:\/\/rrunning.tribalt.agency\/?product=699d-quartz","title":{"rendered":"699D QUARTZ"},"content":{"rendered":"<p>Taille : L<\/p>\n<h2 class=\"mt-lg-0 mb-2\">Un ma\u00eetre mot \"RENDEMENT\"<\/h2>\n<p>Forts de nos succ\u00e8s en piste, o\u00f9 le milli\u00e8me est l\u00e9gion, nous avons retravaill\u00e9 le 699D pour lui faire gagner en confort, sans aucun compromis de performances.<\/p>\n<p>L\u2019a\u00e9rodynamisme, la g\u00e9om\u00e9trie des tubes, le plan de drapage et le moulage ont \u00e9t\u00e9 perfectionn\u00e9s pour ce nouveau mod\u00e8le, d\u00e9finitivement a\u00e9ro et plus aff\u00fbt\u00e9 que jamais. Il est le cadre le plus abouti de l\u2019histoire S1NEO.<\/p>\n<p>Vous voulez rouler vite, longtemps, et avec style ? Le nouveau 699D r\u00e9pondra \u00e0 toutes ces exigences.<\/p>\n<h2 class=\"mt-lg-0 mb-2\">Technologies et options embarqu\u00e9es<\/h2>\n<p>Le 699D offre une modularit\u00e9 rare pour les comp\u00e9titeurs comme pour les cyclistes avertis ; tout est configurable en fonction de votre pratique, de votre morphologie et de vos go\u00fbts et pr\u00e9f\u00e9rences.<br \/>\nDes options de tiges de selle \u00e0 z\u00e9ro degr\u00e9 pour les triathl\u00e8tes, ainsi qu\u2019un ensemble potence et cintre s\u00e9par\u00e9 compatible avec des prolongateurs pour ceux qui pr\u00e9f\u00e8rent cette configuration, sont disponibles. Le 699D b\u00e9n\u00e9ficie aussi de nouvelles finitions exceptionnelles et personnalis\u00e9es \u00e0 d\u00e9couvrir sur notre configurateur en ligne.<\/p>\n<p>Sur le plan technique : son cockpit passe au standard ACR et son nouveau design int\u00e8gre totalement les durites et les gaines, ainsi que le serrage de tige de selle dans le top tube afin de lui offrir un gain a\u00e9rodynamique notable.<br \/>\nLe nouveau 699D se pare de la fibre de carbone japonaise Toray T1000 \u2014 plus r\u00e9sistante \u00e0 la traction, et qui offre plus de rigidit\u00e9 \u2014 ainsi que de la technologie de moulage par bassin latex qui le rend plus fiable, tout en r\u00e9duisant son poids.<br \/>\nTest\u00e9s dans un laboratoire ind\u00e9pendant, l\u2019ensemble de nos cadres r\u00e9pond aux exigences de s\u00e9curit\u00e9 selon les normes internationales en vigueur (ISO\/FDIS 4210-6).<\/p>\n<p>Le 699D est un pur-sang, ses limites seront les v\u00f4tres !<\/p>\n<div class=\"row align-items-center justify-content-center\">\n<div class=\"col-md-8 text-center p-3\">\n<h2 class=\"mt-lg-0 mb-2\">Sp\u00e9cifications<\/h2>\n<p>Sp\u00e9cifit\u00e9s relatives au cadre ci-dessous.<br \/>\nPour plus d'informations sur les composants vous r\u00e9f\u00e9rer \u00e0 chaque fiche produit, une fois celui-ci s\u00e9lectionn\u00e9.<\/p>\n<\/div>\n<\/div>\n<div class=\"row align-items-center justify-content-center\">\n<div class=\"col-lg-12 col-md-12 col-12\">\n<div class=\"row align-items-center slide\">\n<div class=\"col-12\">\n<div class=\"table-responsive\">\n<table class=\"table table-sm text-left\">\n<tbody>\n<tr>\n<th class=\"text-uppercase\" scope=\"row\">Carbone<\/th>\n<td>TH1000HM<\/td>\n<\/tr>\n<tr>\n<th class=\"text-uppercase\" scope=\"row\">Type boitier<\/th>\n<td>BB86 ACR system<\/td>\n<\/tr>\n<tr>\n<th class=\"text-uppercase\" scope=\"row\">Jeu de direction<\/th>\n<td>Tapered 1'1\/2 - 1'1\/2<\/td>\n<\/tr>\n<tr>\n<th class=\"text-uppercase\" scope=\"row\">Type de frein<\/th>\n<td>Disques (Flat mount, Axe Ar. 12x142 et Av. 12x100)<\/td>\n<\/tr>\n<tr>\n<th class=\"text-uppercase\" scope=\"row\">Tailles<\/th>\n<td>5 Tailles (XS\/43, S\/46, M\/50, L\/54, XL\/57)<\/td>\n<\/tr>\n<tr>\n<th class=\"text-uppercase\" scope=\"row\">Poids\u00a0<sup>estimatif<\/sup><\/th>\n<td>2050g +\/-40g (cadre, fourche, cockpit et tige de selle)<\/td>\n<\/tr>\n<\/tbody>\n<\/table>\n<\/div>\n<\/div>\n<\/div>\n<\/div>\n<\/div>\n","protected":false},"excerpt":{"rendered":"<p>Taille : L Un ma\u00eetre mot \"RENDEMENT\" Forts de nos succ\u00e8s en piste, o\u00f9 le milli\u00e8me est l\u00e9gion, nous avons retravaill\u00e9 le 699D pour lui faire gagner en confort, sans aucun compromis de performances. L\u2019a\u00e9rodynamisme, la g\u00e9om\u00e9trie des tubes, le plan de drapage et le moulage ont \u00e9t\u00e9 perfectionn\u00e9s pour ce nouveau mod\u00e8le, d\u00e9finitivement a\u00e9ro [&hellip;]<\/p>\n","protected":false},"featured_media":3870,"template":"","meta":[],"pwb-brand":[119],"product_brand":[],"product_cat":[69],"product_tag":[],"class_list":{"0":"post-3868","1":"product","2":"type-product","3":"status-publish","4":"has-post-thumbnail","6":"pwb-brand-s1neo","7":"product_cat-velo-de-route","9":"first","10":"instock","11":"sale","12":"shipping-taxable","13":"purchasable","14":"product-type-simple"},"brands":[{"id":119,"name":"S1NEO","slug":"s1neo"}],"_links":{"self":[{"href":"https:\/\/rrunning.tribalt.agency\/index.php?rest_route=\/wp\/v2\/product\/3868","targetHints":{"allow":["GET"]}}],"collection":[{"href":"https:\/\/rrunning.tribalt.agency\/index.php?rest_route=\/wp\/v2\/product"}],"about":[{"href":"https:\/\/rrunning.tribalt.agency\/index.php?rest_route=\/wp\/v2\/types\/product"}],"wp:featuredmedia":[{"embeddable":true,"href":"https:\/\/rrunning.tribalt.agency\/index.php?rest_route=\/wp\/v2\/media\/3870"}],"wp:attachment":[{"href":"https:\/\/rrunning.tribalt.agency\/index.php?rest_route=%2Fwp%2Fv2%2Fmedia&parent=3868"}],"wp:term":[{"taxonomy":"pwb-brand","embeddable":true,"href":"https:\/\/rrunning.tribalt.agency\/index.php?rest_route=%2Fwp%2Fv2%2Fpwb-brand&post=3868"},{"taxonomy":"product_brand","embeddable":true,"href":"https:\/\/rrunning.tribalt.agency\/index.php?rest_route=%2Fwp%2Fv2%2Fproduct_brand&post=3868"},{"taxonomy":"product_cat","embeddable":true,"href":"https:\/\/rrunning.tribalt.agency\/index.php?rest_route=%2Fwp%2Fv2%2Fproduct_cat&post=3868"},{"taxonomy":"product_tag","embeddable":true,"href":"https:\/\/rrunning.tribalt.agency\/index.php?rest_route=%2Fwp%2Fv2%2Fproduct_tag&post=3868"}],"curies":[{"name":"wp","href":"https:\/\/api.w.org\/{rel}","templated":true}]}}