{"id":3864,"date":"2025-09-22T11:18:16","date_gmt":"2025-09-22T09:18:16","guid":{"rendered":"https:\/\/rrunning.tribalt.agency\/?post_type=product&#038;p=3864"},"modified":"2025-09-22T11:18:16","modified_gmt":"2025-09-22T09:18:16","slug":"599d-ozone","status":"publish","type":"product","link":"https:\/\/rrunning.tribalt.agency\/?product=599d-ozone","title":{"rendered":"599D OZONE"},"content":{"rendered":"<p>Taille : S<\/p>\n<h2 class=\"mt-lg-0 mb-2\">Allier l'\u00e9l\u00e9gance \u00e0 la Performance<\/h2>\n<p>Bas\u00e9 sur les technologies de notre 699D (mod\u00e8le A\u00e9ro), nous avons d\u00e9ssin\u00e9 le nouveau 599D pour cr\u00e9er une alchimie parfaite.<\/p>\n<p>Un savant m\u00e9lange permettant d'optimiser les performances tout en pr\u00e9servant le confort et l'a\u00e9rodynamisme. Ses tubes, sa ligne en font un produit exploitable par le plus grand nombre, la beaut\u00e9 en prime!. Nous souhaitions pour chaque cyliste des sensations de plaisir \u00e0 chaque seconde, ou que vous soyez (en pleine, face au vent, en montagne).<\/p>\n<p>Le 599D vous offirira une polyvalence de terrain mais \u00e9galement de grandes performances et ce pour la grande majorit\u00e9 des cyclistes. Du Cyclosportif d\u00e9sirant rendement et confort, du comp\u00e9titeurs voulant attaquer le dernier en passant par un d\u00e9butant recherchant le plaisir \u00e0 l'\u00e9tat pur.<\/p>\n<p>C'est notre produit phare, un passe partout capable d'avaler les kilom\u00e8tres !<\/p>\n<h2 class=\"mt-lg-0 mb-2\">Technologies et options embarqu\u00e9es<\/h2>\n<p>Sur le plan technique et comme notre mod\u00e8le A\u00e9ro, l'int\u00e9gration passe au standard ACR. Il int\u00e8gre totalement les durites et les gaines. Le nouveau 599D se pare de la fibre de carbone japonaise Toray T1000 \u2014 plus r\u00e9sistante \u00e0 la traction, et qui offre plus de rigidit\u00e9 \u2014 ainsi que de la technologie de moulage par bassin latex qui le rend plus fiable, tout en r\u00e9duisant son poids.<br \/>\nTest\u00e9s dans un laboratoire ind\u00e9pendant, l'ensemble de nos cadres r\u00e9pond aux exigences de s\u00e9curit\u00e9 selon les normes internationales en vigueur (ISO\/FDIS 4210-6).<\/p>\n<p>Nous sommes tous diff\u00e9rents!<\/p>\n<p>Comme l'ensemble de notre gamme, tout est configurable en fonction de votre pratique, de votre morphologie, de vos go\u00fbts mais \u00e9galement vos pr\u00e9f\u00e9rences. Un conseiller unique (comme votre v\u00e9lo) vous accompagne en fonction de votre profil, votre g\u00e9ographie, vos habitudes et surtout vos objectifs.<br \/>\nUne option \"tige de selle \u00e0 z\u00e9ro degr\u00e9\" est disponible, tout comme plusieurs ensembles potences\/cintres. Le 599D b\u00e9n\u00e9ficie aussi de nouvelles finitions exceptionnelles et personnalis\u00e9es \u00e0 d\u00e9couvrir sur notre configurateur en ligne. Sobre avec notre OzONE, \u00e9clatant avec notre graphisme PRIZm ou encore diff\u00e9renciant avec notre VAzO.<\/p>\n<div class=\"row align-items-center justify-content-center\">\n<div class=\"col-md-8 text-center p-3\">\n<h2 class=\"mt-lg-0 mb-2\">Sp\u00e9cifications<\/h2>\n<p>Sp\u00e9cifit\u00e9s relatives au cadre ci-dessous.<br \/>\nPour plus d'informations sur les composants vous r\u00e9f\u00e9rer \u00e0 chaque fiche produit, une fois celui-ci s\u00e9lectionn\u00e9.<\/p>\n<\/div>\n<\/div>\n<div class=\"row align-items-center justify-content-center\">\n<div class=\"col-lg-12 col-md-12 col-12\">\n<div class=\"row align-items-center slide\">\n<div class=\"col-12\">\n<div class=\"table-responsive\">\n<table class=\"table table-sm text-left\">\n<tbody>\n<tr>\n<th class=\"text-uppercase\" scope=\"row\">Carbone<\/th>\n<td>TH1000HM<\/td>\n<\/tr>\n<tr>\n<th class=\"text-uppercase\" scope=\"row\">Type boitier<\/th>\n<td>BB86 ACR system<\/td>\n<\/tr>\n<tr>\n<th class=\"text-uppercase\" scope=\"row\">Jeu de direction<\/th>\n<td>Tapered 1'1\/2 - 1'1\/2<\/td>\n<\/tr>\n<tr>\n<th class=\"text-uppercase\" scope=\"row\">Type de frein<\/th>\n<td>Disques (Flat mount, Axe Ar. 12x142 et Av. 12x100)<\/td>\n<\/tr>\n<tr>\n<th class=\"text-uppercase\" scope=\"row\">Tailles<\/th>\n<td>6 Tailles (2XS\/43, XS\/46, S\/49, M\/52, L\/55, XL\/58)<\/td>\n<\/tr>\n<tr>\n<th class=\"text-uppercase\" scope=\"row\">Poids\u00a0<sup>estimatif<\/sup><\/th>\n<td>2050g +\/-40g (cadre, fourche, cockpit et tige de selle)<\/td>\n<\/tr>\n<\/tbody>\n<\/table>\n<\/div>\n<\/div>\n<\/div>\n<\/div>\n<\/div>\n","protected":false},"excerpt":{"rendered":"<p>Taille : S Allier l'\u00e9l\u00e9gance \u00e0 la Performance Bas\u00e9 sur les technologies de notre 699D (mod\u00e8le A\u00e9ro), nous avons d\u00e9ssin\u00e9 le nouveau 599D pour cr\u00e9er une alchimie parfaite. Un savant m\u00e9lange permettant d'optimiser les performances tout en pr\u00e9servant le confort et l'a\u00e9rodynamisme. Ses tubes, sa ligne en font un produit exploitable par le plus grand [&hellip;]<\/p>\n","protected":false},"featured_media":3865,"template":"","meta":[],"pwb-brand":[119],"product_brand":[],"product_cat":[69],"product_tag":[],"class_list":{"0":"post-3864","1":"product","2":"type-product","3":"status-publish","4":"has-post-thumbnail","6":"pwb-brand-s1neo","7":"product_cat-velo-de-route","9":"first","10":"instock","11":"sale","12":"shipping-taxable","13":"purchasable","14":"product-type-simple"},"brands":[{"id":119,"name":"S1NEO","slug":"s1neo"}],"_links":{"self":[{"href":"https:\/\/rrunning.tribalt.agency\/index.php?rest_route=\/wp\/v2\/product\/3864","targetHints":{"allow":["GET"]}}],"collection":[{"href":"https:\/\/rrunning.tribalt.agency\/index.php?rest_route=\/wp\/v2\/product"}],"about":[{"href":"https:\/\/rrunning.tribalt.agency\/index.php?rest_route=\/wp\/v2\/types\/product"}],"wp:featuredmedia":[{"embeddable":true,"href":"https:\/\/rrunning.tribalt.agency\/index.php?rest_route=\/wp\/v2\/media\/3865"}],"wp:attachment":[{"href":"https:\/\/rrunning.tribalt.agency\/index.php?rest_route=%2Fwp%2Fv2%2Fmedia&parent=3864"}],"wp:term":[{"taxonomy":"pwb-brand","embeddable":true,"href":"https:\/\/rrunning.tribalt.agency\/index.php?rest_route=%2Fwp%2Fv2%2Fpwb-brand&post=3864"},{"taxonomy":"product_brand","embeddable":true,"href":"https:\/\/rrunning.tribalt.agency\/index.php?rest_route=%2Fwp%2Fv2%2Fproduct_brand&post=3864"},{"taxonomy":"product_cat","embeddable":true,"href":"https:\/\/rrunning.tribalt.agency\/index.php?rest_route=%2Fwp%2Fv2%2Fproduct_cat&post=3864"},{"taxonomy":"product_tag","embeddable":true,"href":"https:\/\/rrunning.tribalt.agency\/index.php?rest_route=%2Fwp%2Fv2%2Fproduct_tag&post=3864"}],"curies":[{"name":"wp","href":"https:\/\/api.w.org\/{rel}","templated":true}]}}