{"id":3857,"date":"2025-09-22T10:57:35","date_gmt":"2025-09-22T08:57:35","guid":{"rendered":"https:\/\/rrunning.tribalt.agency\/?post_type=product&#038;p=3857"},"modified":"2025-09-22T11:01:06","modified_gmt":"2025-09-22T09:01:06","slug":"casque-kids","status":"publish","type":"product","link":"https:\/\/rrunning.tribalt.agency\/?product=casque-kids","title":{"rendered":"CASQUE KIDS"},"content":{"rendered":"<p><strong>Taille M<\/strong><\/p>\n<h2 class=\"font-bold text-2xl md:text-3xl title\" data-v-299f42fc=\"\"><span data-v-299f42fc=\"\">Casque enfant READY + lampe de casque READY<\/span><\/h2>\n<p>READY to ride ! Avec ce pack compos\u00e9 du casque enfant READY et de la lampe rechargeable READY, les enfants de 1 \u00e0 14 ans sont bien prot\u00e9g\u00e9s et bien visibles \u00e0 chacune de leurs aventures. Il n\u2019y a qu\u2019\u00e0 choisir la couleur et la taille du casque : la lampe est compatible avec toutes les tailles de casque READY.<\/p>\n<div class=\"details flex flex-col gap-4\" data-v-299f42fc=\"\">\n<div data-v-299f42fc=\"\">\n<p><strong>46\u201350\u00a0cm (XS) | 50\u201353\u00a0cm (S) | 53\u201357\u00a0cm (M)<\/strong><\/p>\n<\/div>\n<\/div>\n","protected":false},"excerpt":{"rendered":"<p>Taille M Casque enfant READY + lampe de casque READY READY to ride ! Avec ce pack compos\u00e9 du casque enfant READY et de la lampe rechargeable READY, les enfants de 1 \u00e0 14 ans sont bien prot\u00e9g\u00e9s et bien visibles \u00e0 chacune de leurs aventures. Il n\u2019y a qu\u2019\u00e0 choisir la couleur et la [&hellip;]<\/p>\n","protected":false},"featured_media":3858,"template":"","meta":[],"pwb-brand":[163],"product_brand":[],"product_cat":[61],"product_tag":[],"class_list":{"0":"post-3857","1":"product","2":"type-product","3":"status-publish","4":"has-post-thumbnail","6":"pwb-brand-woom","7":"product_cat-casques","9":"first","10":"instock","11":"shipping-taxable","12":"purchasable","13":"product-type-simple"},"brands":[{"id":163,"name":"WOOM","slug":"woom"}],"_links":{"self":[{"href":"https:\/\/rrunning.tribalt.agency\/index.php?rest_route=\/wp\/v2\/product\/3857","targetHints":{"allow":["GET"]}}],"collection":[{"href":"https:\/\/rrunning.tribalt.agency\/index.php?rest_route=\/wp\/v2\/product"}],"about":[{"href":"https:\/\/rrunning.tribalt.agency\/index.php?rest_route=\/wp\/v2\/types\/product"}],"wp:featuredmedia":[{"embeddable":true,"href":"https:\/\/rrunning.tribalt.agency\/index.php?rest_route=\/wp\/v2\/media\/3858"}],"wp:attachment":[{"href":"https:\/\/rrunning.tribalt.agency\/index.php?rest_route=%2Fwp%2Fv2%2Fmedia&parent=3857"}],"wp:term":[{"taxonomy":"pwb-brand","embeddable":true,"href":"https:\/\/rrunning.tribalt.agency\/index.php?rest_route=%2Fwp%2Fv2%2Fpwb-brand&post=3857"},{"taxonomy":"product_brand","embeddable":true,"href":"https:\/\/rrunning.tribalt.agency\/index.php?rest_route=%2Fwp%2Fv2%2Fproduct_brand&post=3857"},{"taxonomy":"product_cat","embeddable":true,"href":"https:\/\/rrunning.tribalt.agency\/index.php?rest_route=%2Fwp%2Fv2%2Fproduct_cat&post=3857"},{"taxonomy":"product_tag","embeddable":true,"href":"https:\/\/rrunning.tribalt.agency\/index.php?rest_route=%2Fwp%2Fv2%2Fproduct_tag&post=3857"}],"curies":[{"name":"wp","href":"https:\/\/api.w.org\/{rel}","templated":true}]}}