{"id":3833,"date":"2025-09-22T09:47:12","date_gmt":"2025-09-22T07:47:12","guid":{"rendered":"https:\/\/rrunning.tribalt.agency\/?post_type=product&#038;p=3833"},"modified":"2025-09-22T09:50:15","modified_gmt":"2025-09-22T07:50:15","slug":"woom-off-5","status":"publish","type":"product","link":"https:\/\/rrunning.tribalt.agency\/?product=woom-off-5","title":{"rendered":"WOOM OFF 5"},"content":{"rendered":"<p><strong>Taille : 24\"<\/strong><\/p>\n<div class=\"link-underline text-lg\" data-v-47d0e767=\"\">\n<div class=\"link-underline text-lg\" data-v-47d0e767=\"\">\n<div class=\"col-span-3\">\n<div class=\"text-block\">\n<div class=\"col-span-3\">\n<div class=\"text-block\">\n<div class=\"col-span-3\">\n<div class=\"text-block\">\n<div class=\"link-underline text-lg\" data-v-47d0e767=\"\">\n<div class=\"col-span-3\">\n<div class=\"text-block\">\n<div class=\"col-span-3\">\n<div class=\"text-block\">\n<h2 class=\"font-bold text-3xl md:text-4xl\" data-v-47d0e767=\"\">Ascension plein gaz, descente contr\u00f4l\u00e9e\u00a0!<\/h2>\n<div class=\"link-underline text-lg\" data-v-47d0e767=\"\">\n<p>Le nouveau VTT woom OFF\u00a05 optimis\u00e9 pour les enfants d\u00e8s sept ans est \u00e0 la fois robuste et si l\u00e9ger qu\u2019il permet de grimper ais\u00e9ment les c\u00f4tes. \u00c0 la descente, les freins \u00e0 disque hydraulique, les leviers de freins adapt\u00e9s aux enfants et les poign\u00e9es ergonomiques permettent un freinage fiable sans fatigue.<\/p>\n<div class=\"col-span-3\">\n<h4 class=\"font-bold text-lg md:text-xl mb-3 overflow-hidden text-ellipsis\">Cadre<\/h4>\n<div class=\"text-block\">\n<ul>\n<li>Mat\u00e9riau du cadre\u00a0: aluminium 6061-T6 l\u00e9ger et de haute qualit\u00e9 avec tubes coniques hydroform\u00e9s<\/li>\n<li>Taille des roues 24\"<\/li>\n<li>Tenue de route sportive\u00a0: l\u2019acc\u00e8s bas, la position d\u2019assise basse et l\u2019empattement long assurent une bonne prise en main, un \u00e9quilibre optimal et un plaisir de rouler sup\u00e9rieur<\/li>\n<li>Peut \u00eatre \u00e9quip\u00e9 d\u2019une tige de selle t\u00e9lescopique<\/li>\n<li>Prot\u00e8ge-base robuste en plastique pour \u00e9viter les rayures<\/li>\n<\/ul>\n<\/div>\n<\/div>\n<div class=\"col-span-3\">\n<h4 class=\"font-bold text-lg md:text-xl mb-3 overflow-hidden text-ellipsis\">D\u00e9railleur<\/h4>\n<div class=\"text-block\">\n<ul>\n<li>9\u00a0vitesses<\/li>\n<li>S\u00e9lecteur de vitesses SRAM X5<\/li>\n<li>D\u00e9railleur SRAM X5<\/li>\n<\/ul>\n<\/div>\n<\/div>\n<div class=\"col-span-3\">\n<h4 class=\"font-bold text-lg md:text-xl mb-3 overflow-hidden text-ellipsis\">Fourche<\/h4>\n<div class=\"text-block\">\n<ul>\n<li>Fourche woom l\u00e9g\u00e8re en carbone<\/li>\n<li>Particuli\u00e8rement rigide en torsion gr\u00e2ce aux fibres de carbone multidirectionnelles<\/li>\n<li>Arbre conique mini 1 1\/8\" \u2013 1\"<\/li>\n<li>Axe de roue 100 x 15\u00a0mm<\/li>\n<li>Fixation Post Mount pour frein \u00e0 disque<\/li>\n<\/ul>\n<\/div>\n<\/div>\n<div class=\"col-span-3\">\n<h4 class=\"font-bold text-lg md:text-xl mb-3 overflow-hidden text-ellipsis\">Roues<\/h4>\n<div class=\"text-block\">\n<ul>\n<li>Jantes l\u00e9g\u00e8res compatibles tubeless en aluminium de Alexrims<\/li>\n<li>Dimensions\u00a0: 24\u2033<\/li>\n<li>Moyeux en aluminium avec roulements industriels \u00e9tanches<\/li>\n<li>Axes de roue pour une rigidit\u00e9 maximale (100 x 15 mm \u00e0 l\u2019avant \/ 135 x 12 mm \u00e0 l'arri\u00e8re)<\/li>\n<li>20\u00a0rayons \u00e0 double croisement<\/li>\n<li>Embouts en aluminium<\/li>\n<\/ul>\n<div class=\"col-span-3\">\n<h4 class=\"font-bold text-lg md:text-xl mb-3 overflow-hidden text-ellipsis\">Jeu de direction<\/h4>\n<div class=\"text-block\">\n<ul>\n<li>Jeu de direction 1 1\/8\" \u2013 1\" enti\u00e8rement int\u00e9gr\u00e9<\/li>\n<li>Roulements industriels \u00e9tanches<\/li>\n<\/ul>\n<\/div>\n<\/div>\n<div class=\"col-span-3\">\n<h4 class=\"font-bold text-lg md:text-xl mb-3 overflow-hidden text-ellipsis\">Pneus<\/h4>\n<div class=\"text-block\">\n<ul>\n<li>Schwalbe Rocket Ron 24 x 2,35\u2033<\/li>\n<li>Avec m\u00e9lange de gomme ADDIX SPEED et technologie Tubeless-Easy<\/li>\n<li>Configuration sans chambre \u00e0 air possible<\/li>\n<li>Valve Presta<\/li>\n<\/ul>\n<\/div>\n<\/div>\n<div class=\"col-span-3\">\n<h4 class=\"font-bold text-lg md:text-xl mb-3 overflow-hidden text-ellipsis\">Potence<\/h4>\n<div class=\"text-block\">\n<ul>\n<li>Aluminium forg\u00e9<\/li>\n<li>Usinage CNC<\/li>\n<li>Guidon fix\u00e9 avec 2 pinces<\/li>\n<li>Syst\u00e8me r\u00e9versible de +\/-15\u00b0 pour r\u00e9gler la hauteur du guidon<\/li>\n<li>Longueur\u00a0: 50\u00a0mm<\/li>\n<\/ul>\n<\/div>\n<\/div>\n<div class=\"col-span-3\">\n<h4 class=\"font-bold text-lg md:text-xl mb-3 overflow-hidden text-ellipsis\">Selle<\/h4>\n<div class=\"text-block\">\n<ul>\n<li>Selle VTT<\/li>\n<li>Conception sportive<\/li>\n<li>Selle ergonomique adapt\u00e9e au bassin de l\u2019enfant en fonction de la tranche d\u2019\u00e2ge<\/li>\n<li>Protection lat\u00e9rale permettant de poser le v\u00e9lo contre les murs<\/li>\n<\/ul>\n<\/div>\n<\/div>\n<div class=\"col-span-3\">\n<h4 class=\"font-bold text-lg md:text-xl mb-3 overflow-hidden text-ellipsis\">Guidon<\/h4>\n<div class=\"text-block\">\n<ul>\n<li>Guidon large et l\u00e9ger en aluminium avec extr\u00e9mit\u00e9s coniques<\/li>\n<li>Largeur\u00a0: 585\u00a0mm<\/li>\n<li>Rehaussement\u00a0: 20 mm<\/li>\n<\/ul>\n<\/div>\n<\/div>\n<div class=\"col-span-3\">\n<h4 class=\"font-bold text-lg md:text-xl mb-3 overflow-hidden text-ellipsis\">Tige de selle<\/h4>\n<div class=\"text-block\">\n<ul>\n<li>27,2 x 250 mm<\/li>\n<li>Tige de selle en aluminium anodis\u00e9 avec indication de l\u2019extension maximale autoris\u00e9e<\/li>\n<\/ul>\n<\/div>\n<\/div>\n<div class=\"col-span-3\">\n<h4 class=\"font-bold text-lg md:text-xl mb-3 overflow-hidden text-ellipsis\">Poign\u00e9es<\/h4>\n<div class=\"text-block\">\n<ul>\n<li>Adapt\u00e9es aux enfants gr\u00e2ce au diam\u00e8tre r\u00e9duit<\/li>\n<li>Particuli\u00e8rement confortables gr\u00e2ce \u00e0 la surface de contact renforc\u00e9e au niveau de la paume<\/li>\n<li>Enti\u00e8rement en silicone pour une prise ferme<\/li>\n<li>Extr\u00e9mit\u00e9s du guidon viss\u00e9es pour \u00e9viter les rotations<\/li>\n<\/ul>\n<\/div>\n<\/div>\n<div class=\"col-span-3\">\n<h4 class=\"font-bold text-lg md:text-xl mb-3 overflow-hidden text-ellipsis\">Collier de la tige de selle<\/h4>\n<div class=\"text-block\">\n<ul>\n<li>Collier de serrage de selle rapide en aluminium<\/li>\n<li>Long levier de fixation rapide, peut \u00eatre actionn\u00e9 avec peu de force<\/li>\n<li>Aucun risque de rotation<\/li>\n<\/ul>\n<div class=\"col-span-3\">\n<h4 class=\"font-bold text-lg md:text-xl mb-3 overflow-hidden text-ellipsis\">Syst\u00e8me de transmission<\/h4>\n<div class=\"text-block\">\n<ul>\n<li>P\u00e9dalier l\u00e9ger en aluminium d\u2019une<\/li>\n<li>longueur de 130\u00a0mm, avec un faible \u00e9cartement des p\u00e9dales (facteur Q)<\/li>\n<li>Plateau narrow-wide de 28\u00a0dents<\/li>\n<li>Cassette de 11 \u00e0 34 dents<\/li>\n<li>P\u00e9dales plates en nylon renforc\u00e9 de fibres avec clous en m\u00e9tal pour une bonne adh\u00e9rence<\/li>\n<li>Avec axe Cr-Mo et roulements \u00e0 billes industriels \u00e9tanches<\/li>\n<\/ul>\n<\/div>\n<\/div>\n<div class=\"col-span-3\">\n<h4 class=\"font-bold text-lg md:text-xl mb-3 overflow-hidden text-ellipsis\">Freins<\/h4>\n<div class=\"text-block\">\n<ul>\n<li>Freins \u00e0 disque hydrauliques de Promax<\/li>\n<li>Diam\u00e8tre du disque avant\/arri\u00e8re\u00a0: 160\/160\u00a0mm<\/li>\n<li>Levier de frein ergonomique pour les mains d\u2019enfants<\/li>\n<\/ul>\n<\/div>\n<\/div>\n<\/div>\n<\/div>\n<\/div>\n<\/div>\n<\/div>\n<\/div>\n<\/div>\n<\/div>\n<\/div>\n<\/div>\n<\/div>\n<\/div>\n<\/div>\n<\/div>\n<\/div>\n<\/div>\n<\/div>\n<\/div>\n","protected":false},"excerpt":{"rendered":"<p>Taille : 24\" Ascension plein gaz, descente contr\u00f4l\u00e9e\u00a0! Le nouveau VTT woom OFF\u00a05 optimis\u00e9 pour les enfants d\u00e8s sept ans est \u00e0 la fois robuste et si l\u00e9ger qu\u2019il permet de grimper ais\u00e9ment les c\u00f4tes. \u00c0 la descente, les freins \u00e0 disque hydraulique, les leviers de freins adapt\u00e9s aux enfants et les poign\u00e9es ergonomiques permettent [&hellip;]<\/p>\n","protected":false},"featured_media":3834,"template":"","meta":[],"pwb-brand":[163],"product_brand":[],"product_cat":[162],"product_tag":[],"class_list":{"0":"post-3833","1":"product","2":"type-product","3":"status-publish","4":"has-post-thumbnail","6":"pwb-brand-woom","7":"product_cat-velo-enfant","9":"first","10":"instock","11":"shipping-taxable","12":"purchasable","13":"product-type-simple"},"brands":[{"id":163,"name":"WOOM","slug":"woom"}],"_links":{"self":[{"href":"https:\/\/rrunning.tribalt.agency\/index.php?rest_route=\/wp\/v2\/product\/3833","targetHints":{"allow":["GET"]}}],"collection":[{"href":"https:\/\/rrunning.tribalt.agency\/index.php?rest_route=\/wp\/v2\/product"}],"about":[{"href":"https:\/\/rrunning.tribalt.agency\/index.php?rest_route=\/wp\/v2\/types\/product"}],"wp:featuredmedia":[{"embeddable":true,"href":"https:\/\/rrunning.tribalt.agency\/index.php?rest_route=\/wp\/v2\/media\/3834"}],"wp:attachment":[{"href":"https:\/\/rrunning.tribalt.agency\/index.php?rest_route=%2Fwp%2Fv2%2Fmedia&parent=3833"}],"wp:term":[{"taxonomy":"pwb-brand","embeddable":true,"href":"https:\/\/rrunning.tribalt.agency\/index.php?rest_route=%2Fwp%2Fv2%2Fpwb-brand&post=3833"},{"taxonomy":"product_brand","embeddable":true,"href":"https:\/\/rrunning.tribalt.agency\/index.php?rest_route=%2Fwp%2Fv2%2Fproduct_brand&post=3833"},{"taxonomy":"product_cat","embeddable":true,"href":"https:\/\/rrunning.tribalt.agency\/index.php?rest_route=%2Fwp%2Fv2%2Fproduct_cat&post=3833"},{"taxonomy":"product_tag","embeddable":true,"href":"https:\/\/rrunning.tribalt.agency\/index.php?rest_route=%2Fwp%2Fv2%2Fproduct_tag&post=3833"}],"curies":[{"name":"wp","href":"https:\/\/api.w.org\/{rel}","templated":true}]}}