{"id":3827,"date":"2025-09-22T09:40:53","date_gmt":"2025-09-22T07:40:53","guid":{"rendered":"https:\/\/rrunning.tribalt.agency\/?post_type=product&#038;p=3827"},"modified":"2025-09-22T09:46:40","modified_gmt":"2025-09-22T07:46:40","slug":"woom-original-4","status":"publish","type":"product","link":"https:\/\/rrunning.tribalt.agency\/?product=woom-original-4","title":{"rendered":"WOOM ORIGINAL 4"},"content":{"rendered":"<p><strong>Taille : 20\"<\/strong><\/p>\n<div class=\"link-underline text-lg\" data-v-47d0e767=\"\">\n<div class=\"link-underline text-lg\" data-v-47d0e767=\"\">\n<div class=\"col-span-3\">\n<div class=\"text-block\">\n<div class=\"col-span-3\">\n<div class=\"text-block\">\n<div class=\"col-span-3\">\n<div class=\"text-block\">\n<div class=\"link-underline text-lg\" data-v-47d0e767=\"\">\n<div class=\"col-span-3\">\n<div class=\"text-block\">\n<div class=\"col-span-3\">\n<div class=\"text-block\"><\/div>\n<\/div>\n<div class=\"col-span-3\">\n<div class=\"text-block\">\n<div class=\"col-span-3\">\n<div class=\"text-block\">\n<h2 class=\"font-bold text-3xl md:text-4xl\" data-v-47d0e767=\"\">Passer \u00e0 la vitesse sup\u00e9rieure<\/h2>\n<div class=\"link-underline text-lg\" data-v-47d0e767=\"\">\n<p>Avec le woom ORIGINAL\u00a04, les enfants \u00e0 partir de six ans d\u00e9couvrent comment changer les vitesses et adoptent ainsi une conduite plus dynamique. Gr\u00e2ce \u00e0 la transmission \u00e0 sept vitesses et \u00e0 la manette rotative facile d\u2019utilisation, les possibilit\u00e9s de sorties qui s\u2019offrent \u00e0 votre enfant sont plus nombreuses\u00a0: d\u00e9couverte de la for\u00eat ou descente d\u2019une colline, il pourra pleinement profiter de sa nouvelle libert\u00e9.<\/p>\n<p><strong>Attention\u00a0:<\/strong> le v\u00e9lo est vendu seul. La sonnette, le phare avant, le feu arri\u00e8re et les r\u00e9flecteurs ne sont pas inclus. Si votre enfant souhaite \u00e9galement utiliser son v\u00e9lo sur la voie publique, il vous faudra adapter le v\u00e9lo en fonction du pays o\u00f9 vous vivez. Dans de nombreux pays, une sonnette, un \u00e9clairage avant et arri\u00e8re ainsi que des r\u00e9flecteurs sont des \u00e9quipements obligatoires. Pour que votre enfant soit toujours sur la route avec un v\u00e9lo conforme \u00e0 la loi, informez-vous \u00e0 propos des r\u00e8glementations en vigueur dans votre pays et \u00e9quipez votre v\u00e9lo woom avec les accessoires indispensables.<\/p>\n<div class=\"col-span-3\">\n<h4 class=\"font-bold text-lg md:text-xl mb-3 overflow-hidden text-ellipsis\">Cadre<\/h4>\n<div class=\"text-block\">\n<ul>\n<li>Mat\u00e9riau du cadre\u00a0: aluminium AA-6061 l\u00e9ger, finition haut de gamme avec tubes coniques<\/li>\n<li>Taille des roues\u00a0: 20\u00a0pouces<\/li>\n<li>V\u00e9lo favorisant une conduite agile, mais douce\u00a0: acc\u00e8s bas, position d\u2019assise tr\u00e8s basse et g\u00e9om\u00e9trie tol\u00e9rant les erreurs au niveau du jeu de direction pour un bon contr\u00f4le du v\u00e9lo et un plaisir de conduite sup\u00e9rieur.<\/li>\n<\/ul>\n<\/div>\n<\/div>\n<div class=\"col-span-3\">\n<h4 class=\"font-bold text-lg md:text-xl mb-3 overflow-hidden text-ellipsis\">Syst\u00e8me de vitesses<\/h4>\n<div class=\"text-block\">\n<ul>\n<li>Sept \u00a0vitesses<\/li>\n<li>Manette rotative microSHIFT MS29<\/li>\n<li>D\u00e9railleur microSHIFT M21SS<\/li>\n<\/ul>\n<\/div>\n<\/div>\n<div class=\"col-span-3\">\n<h4 class=\"font-bold text-lg md:text-xl mb-3 overflow-hidden text-ellipsis\">Fourche<\/h4>\n<div class=\"text-block\">\n<ul>\n<li>Fourche Unicrown l\u00e9g\u00e8re en aluminium<\/li>\n<li>Axe 1\u00a0pouce<\/li>\n<li>Chasse g\u00e9n\u00e9reuse pour un maniement ais\u00e9<\/li>\n<\/ul>\n<\/div>\n<\/div>\n<div class=\"col-span-3\">\n<h4 class=\"font-bold text-lg md:text-xl mb-3 overflow-hidden text-ellipsis\">Roue<\/h4>\n<div class=\"text-block\">\n<ul>\n<li>Jantes SOOPA DOOPA HOOPS ultral\u00e9g\u00e8res en aluminium<\/li>\n<li>Moyeux en aluminium avec roulements \u00e9tanches et support pour garde-boues amovibles woom<\/li>\n<li>Montage et d\u00e9montage ais\u00e9s gr\u00e2ce aux fixations rapides<\/li>\n<li>20\u00a0rayons l\u00e9gers et extrarobustes en acier inoxydable \u00e0 double croisement<\/li>\n<\/ul>\n<div class=\"col-span-3\">\n<h4 class=\"font-bold text-lg md:text-xl mb-3 overflow-hidden text-ellipsis\">Jeu de direction<\/h4>\n<div class=\"text-block\">\n<ul>\n<li>Jeu de direction 1\u00a0pouce enti\u00e8rement int\u00e9gr\u00e9<\/li>\n<li>Roulements industriels \u00e9tanches<\/li>\n<li>Bouchon Ahead int\u00e9gr\u00e9<\/li>\n<\/ul>\n<\/div>\n<\/div>\n<div class=\"col-span-3\">\n<h4 class=\"font-bold text-lg md:text-xl mb-3 overflow-hidden text-ellipsis\">Pneus<\/h4>\n<div class=\"text-block\">\n<ul>\n<li>Pneus \u00e0 tringles souples 20\u00a0x\u00a01,4\u2033 Schwalbe Little Joe \u2013 \u00c9dition woom<\/li>\n<li>Pneus tr\u00e8s l\u00e9gers de haute qualit\u00e9 dot\u00e9s d\u2019une faible r\u00e9sistance au roulement, offrant une bonne adh\u00e9rence<\/li>\n<li>Valves Schrader permettant le gonflage dans toutes les stations-service<\/li>\n<li>Visibilit\u00e9 optimale m\u00eame par faible luminosit\u00e9 gr\u00e2ce aux bandes r\u00e9fl\u00e9chissantes sur les flancs<\/li>\n<\/ul>\n<\/div>\n<\/div>\n<div class=\"col-span-3\">\n<h4 class=\"font-bold text-lg md:text-xl mb-3 overflow-hidden text-ellipsis\">Potence<\/h4>\n<div class=\"text-block\">\n<ul>\n<li>Potence l\u00e9g\u00e8re en aluminium forg\u00e9<\/li>\n<li>Potence r\u00e9glable en hauteur et en longueur en fonction de la taille de l\u2019enfant pour une position assise optimale tout au long de l\u2019utilisation<\/li>\n<li>Guidon fix\u00e9 avec deux colliers et viss\u00e9 avec deux vis \u00e0 six pans creux (5\u00a0mm)<\/li>\n<\/ul>\n<p>Remarque\u00a0: \u00e9tant donn\u00e9 que nous travaillons avec diff\u00e9rents fournisseurs, la potence du v\u00e9lo woom livr\u00e9 peut \u00eatre l\u00e9g\u00e8rement diff\u00e9rente de celle d\u00e9crite ici.<\/p>\n<\/div>\n<\/div>\n<div class=\"col-span-3\">\n<h4 class=\"font-bold text-lg md:text-xl mb-3 overflow-hidden text-ellipsis\">Selle<\/h4>\n<div class=\"text-block\">\n<ul>\n<li>Ergonomique et adapt\u00e9e au bassin des enfants<\/li>\n<li>Protection lat\u00e9rale permettant de poser le v\u00e9lo contre les murs<\/li>\n<\/ul>\n<p>Remarque\u00a0: \u00e9tant donn\u00e9 que nous travaillons avec diff\u00e9rents fournisseurs, la selle du v\u00e9lo woom livr\u00e9 peut \u00eatre l\u00e9g\u00e8rement diff\u00e9rente de celle d\u00e9crite ici.<\/p>\n<\/div>\n<div class=\"col-span-3\">\n<h4 class=\"font-bold text-lg md:text-xl mb-3 overflow-hidden text-ellipsis\">Guidon<\/h4>\n<div class=\"text-block\">\n<ul>\n<li>Large guidon ergonomique et l\u00e9ger en aluminium pour un meilleur contr\u00f4le du v\u00e9lo<\/li>\n<li>Sabl\u00e9 et anodis\u00e9 noir<\/li>\n<li>Largeur\u00a0: 540\u00a0mm<\/li>\n<\/ul>\n<\/div>\n<\/div>\n<div class=\"col-span-3\">\n<h4 class=\"font-bold text-lg md:text-xl mb-3 overflow-hidden text-ellipsis\">Tige de selle<\/h4>\n<div class=\"text-block\">\n<ul>\n<li>Tige de selle en aluminium anodis\u00e9 avec indication de l\u2019extension maximale autoris\u00e9e<\/li>\n<\/ul>\n<\/div>\n<\/div>\n<div class=\"col-span-3\">\n<h4 class=\"font-bold text-lg md:text-xl mb-3 overflow-hidden text-ellipsis\">Poign\u00e9es<\/h4>\n<div class=\"text-block\">\n<ul>\n<li>Poign\u00e9es woom Ergogrips, adapt\u00e9es aux enfants gr\u00e2ce \u00e0 leur diam\u00e8tre r\u00e9duit<\/li>\n<li>Surface de pr\u00e9hension ergonomique<\/li>\n<li>Extr\u00e9mit\u00e9s du guidon de tr\u00e8s grand diam\u00e8tre pour une meilleure protection<\/li>\n<li>Poign\u00e9es viss\u00e9es pour une fixation parfaite au guidon<\/li>\n<\/ul>\n<\/div>\n<\/div>\n<div class=\"col-span-3\">\n<h4 class=\"font-bold text-lg md:text-xl mb-3 overflow-hidden text-ellipsis\">Collier de selle<\/h4>\n<div class=\"text-block\">\n<ul>\n<li>En aluminium<\/li>\n<li>Long levier de fixation rapide n\u00e9cessitant peu de force pour \u00eatre actionn\u00e9<\/li>\n<li>Aucun risque de rotation<\/li>\n<\/ul>\n<div class=\"col-span-3\">\n<h4 class=\"font-bold text-lg md:text-xl mb-3 overflow-hidden text-ellipsis\">Transmission<\/h4>\n<div class=\"text-block\">\n<ul>\n<li>P\u00e9dalier l\u00e9ger en aluminium forg\u00e9 avec une longueur de 110\u00a0mm et un faible \u00e9cartement des p\u00e9dales (facteur Q)<\/li>\n<li>Plateau narrow-wide de 28\u00a0dents<\/li>\n<li>Cassette de 11 \u00e0 28 dents<\/li>\n<li>P\u00e9dales fines et plates en plastique<\/li>\n<li>Roulement \u00e0 cartouche encapsul\u00e9<\/li>\n<\/ul>\n<\/div>\n<\/div>\n<div class=\"col-span-3\">\n<h4 class=\"font-bold text-lg md:text-xl mb-3 overflow-hidden text-ellipsis\">Freins<\/h4>\n<div class=\"text-block\">\n<ul>\n<li>Deux freins en V actionnables individuellement, avec un rapport de levier adapt\u00e9 aux enfants<\/li>\n<li>Levier de frein ergonomique avec r\u00e9glage de plage<\/li>\n<li>C\u00e2bles Bowden Jagwire de haute qualit\u00e9 pour un frottement r\u00e9duit et un fonctionnement ais\u00e9<\/li>\n<\/ul>\n<\/div>\n<\/div>\n<\/div>\n<\/div>\n<\/div>\n<\/div>\n<\/div>\n<\/div>\n<\/div>\n<\/div>\n<\/div>\n<\/div>\n<\/div>\n<\/div>\n<\/div>\n<\/div>\n<\/div>\n<\/div>\n<\/div>\n<\/div>\n<\/div>\n<\/div>\n<\/div>\n","protected":false},"excerpt":{"rendered":"<p>Taille : 20\" Passer \u00e0 la vitesse sup\u00e9rieure Avec le woom ORIGINAL\u00a04, les enfants \u00e0 partir de six ans d\u00e9couvrent comment changer les vitesses et adoptent ainsi une conduite plus dynamique. Gr\u00e2ce \u00e0 la transmission \u00e0 sept vitesses et \u00e0 la manette rotative facile d\u2019utilisation, les possibilit\u00e9s de sorties qui s\u2019offrent \u00e0 votre enfant sont [&hellip;]<\/p>\n","protected":false},"featured_media":3828,"template":"","meta":[],"pwb-brand":[163],"product_brand":[],"product_cat":[162],"product_tag":[],"class_list":{"0":"post-3827","1":"product","2":"type-product","3":"status-publish","4":"has-post-thumbnail","6":"pwb-brand-woom","7":"product_cat-velo-enfant","9":"first","10":"instock","11":"shipping-taxable","12":"purchasable","13":"product-type-simple"},"brands":[{"id":163,"name":"WOOM","slug":"woom"}],"_links":{"self":[{"href":"https:\/\/rrunning.tribalt.agency\/index.php?rest_route=\/wp\/v2\/product\/3827","targetHints":{"allow":["GET"]}}],"collection":[{"href":"https:\/\/rrunning.tribalt.agency\/index.php?rest_route=\/wp\/v2\/product"}],"about":[{"href":"https:\/\/rrunning.tribalt.agency\/index.php?rest_route=\/wp\/v2\/types\/product"}],"wp:featuredmedia":[{"embeddable":true,"href":"https:\/\/rrunning.tribalt.agency\/index.php?rest_route=\/wp\/v2\/media\/3828"}],"wp:attachment":[{"href":"https:\/\/rrunning.tribalt.agency\/index.php?rest_route=%2Fwp%2Fv2%2Fmedia&parent=3827"}],"wp:term":[{"taxonomy":"pwb-brand","embeddable":true,"href":"https:\/\/rrunning.tribalt.agency\/index.php?rest_route=%2Fwp%2Fv2%2Fpwb-brand&post=3827"},{"taxonomy":"product_brand","embeddable":true,"href":"https:\/\/rrunning.tribalt.agency\/index.php?rest_route=%2Fwp%2Fv2%2Fproduct_brand&post=3827"},{"taxonomy":"product_cat","embeddable":true,"href":"https:\/\/rrunning.tribalt.agency\/index.php?rest_route=%2Fwp%2Fv2%2Fproduct_cat&post=3827"},{"taxonomy":"product_tag","embeddable":true,"href":"https:\/\/rrunning.tribalt.agency\/index.php?rest_route=%2Fwp%2Fv2%2Fproduct_tag&post=3827"}],"curies":[{"name":"wp","href":"https:\/\/api.w.org\/{rel}","templated":true}]}}