{"id":3808,"date":"2025-09-22T09:28:47","date_gmt":"2025-09-22T07:28:47","guid":{"rendered":"https:\/\/rrunning.tribalt.agency\/?post_type=product&#038;p=3808"},"modified":"2025-09-22T09:31:28","modified_gmt":"2025-09-22T07:31:28","slug":"woom-original-2","status":"publish","type":"product","link":"https:\/\/rrunning.tribalt.agency\/?product=woom-original-2","title":{"rendered":"WOOM ORIGINAL 2"},"content":{"rendered":"<p><strong>Taille : 14\"<\/strong><\/p>\n<h2 class=\"font-bold text-3xl md:text-4xl\" data-v-47d0e767=\"\">L\u2019initiation au v\u00e9lo\u00a0: un jeu d\u2019enfant<\/h2>\n<div class=\"link-underline text-lg\" data-v-47d0e767=\"\">\n<p>Les yeux des enfants se mettent \u00e0 briller\u00a0: le moment est venu d\u2019apprendre \u00e0 rouler \u00e0 v\u00e9lo\u00a0! Avec le woom ORIGINAL\u00a02, les enfants \u00e2g\u00e9s de trois ans peuvent facilement passer de la draisienne au v\u00e9lo sans devoir recourir aux roues stabilisatrices contre-intuitives. Les enfants apprennent rapidement \u00e0 d\u00e9velopper des mouvements naturels\u00a0: p\u00e9daler, poser les pieds, garder l\u2019\u00e9quilibre. Gr\u00e2ce aux v\u00e9los woom, cette \u00e9tape importante de l\u2019enfance restera un moment inoubliable\u00a0!<\/p>\n<p><strong>Attention\u00a0:<\/strong> le v\u00e9lo est vendu seul. La sonnette, le phare avant, le feu arri\u00e8re et les r\u00e9flecteurs ne sont pas inclus. Si votre enfant souhaite \u00e9galement utiliser son v\u00e9lo sur la voie publique, il vous faudra \u00e9quiper le v\u00e9lo en fonction de la loi en vigueur dans le pays o\u00f9 vous vivez. Dans de nombreux pays, une sonnette, un \u00e9clairage avant et arri\u00e8re ainsi que des r\u00e9flecteurs sont des \u00e9quipements obligatoires. Pour que votre enfant soit toujours sur la route avec un v\u00e9lo conforme \u00e0 la loi, informez-vous \u00e0 propos des r\u00e8glementations en vigueur dans votre pays et \u00e9quipez votre v\u00e9lo woom avec les accessoires indispensables.<\/p>\n<p>&nbsp;<\/p>\n<\/div>\n","protected":false},"excerpt":{"rendered":"<p>Taille : 14\" L\u2019initiation au v\u00e9lo\u00a0: un jeu d\u2019enfant Les yeux des enfants se mettent \u00e0 briller\u00a0: le moment est venu d\u2019apprendre \u00e0 rouler \u00e0 v\u00e9lo\u00a0! Avec le woom ORIGINAL\u00a02, les enfants \u00e2g\u00e9s de trois ans peuvent facilement passer de la draisienne au v\u00e9lo sans devoir recourir aux roues stabilisatrices contre-intuitives. Les enfants apprennent rapidement [&hellip;]<\/p>\n","protected":false},"featured_media":3809,"template":"","meta":[],"pwb-brand":[163],"product_brand":[],"product_cat":[162],"product_tag":[],"class_list":{"0":"post-3808","1":"product","2":"type-product","3":"status-publish","4":"has-post-thumbnail","6":"pwb-brand-woom","7":"product_cat-velo-enfant","9":"first","10":"instock","11":"shipping-taxable","12":"purchasable","13":"product-type-simple"},"brands":[{"id":163,"name":"WOOM","slug":"woom"}],"_links":{"self":[{"href":"https:\/\/rrunning.tribalt.agency\/index.php?rest_route=\/wp\/v2\/product\/3808","targetHints":{"allow":["GET"]}}],"collection":[{"href":"https:\/\/rrunning.tribalt.agency\/index.php?rest_route=\/wp\/v2\/product"}],"about":[{"href":"https:\/\/rrunning.tribalt.agency\/index.php?rest_route=\/wp\/v2\/types\/product"}],"wp:featuredmedia":[{"embeddable":true,"href":"https:\/\/rrunning.tribalt.agency\/index.php?rest_route=\/wp\/v2\/media\/3809"}],"wp:attachment":[{"href":"https:\/\/rrunning.tribalt.agency\/index.php?rest_route=%2Fwp%2Fv2%2Fmedia&parent=3808"}],"wp:term":[{"taxonomy":"pwb-brand","embeddable":true,"href":"https:\/\/rrunning.tribalt.agency\/index.php?rest_route=%2Fwp%2Fv2%2Fpwb-brand&post=3808"},{"taxonomy":"product_brand","embeddable":true,"href":"https:\/\/rrunning.tribalt.agency\/index.php?rest_route=%2Fwp%2Fv2%2Fproduct_brand&post=3808"},{"taxonomy":"product_cat","embeddable":true,"href":"https:\/\/rrunning.tribalt.agency\/index.php?rest_route=%2Fwp%2Fv2%2Fproduct_cat&post=3808"},{"taxonomy":"product_tag","embeddable":true,"href":"https:\/\/rrunning.tribalt.agency\/index.php?rest_route=%2Fwp%2Fv2%2Fproduct_tag&post=3808"}],"curies":[{"name":"wp","href":"https:\/\/api.w.org\/{rel}","templated":true}]}}