{"id":3700,"date":"2025-09-17T16:54:56","date_gmt":"2025-09-17T14:54:56","guid":{"rendered":"https:\/\/rrunning.tribalt.agency\/?post_type=product&#038;p=3700"},"modified":"2025-09-17T16:55:48","modified_gmt":"2025-09-17T14:55:48","slug":"forerunner-970","status":"publish","type":"product","link":"https:\/\/rrunning.tribalt.agency\/?product=forerunner-970","title":{"rendered":"Forerunner\u00ae 970"},"content":{"rendered":"<div class=\"app__feature__card\" data-translate=\"\"><img decoding=\"async\" class=\"app__feature__card__image\" src=\"https:\/\/static.garmincdn.com\/gdc\/Product_Pages\/ICONS\/AMOLED_Display.svg\" alt=\"\" \/><\/p>\n<p class=\"app__feature__card__description app__feature__card__description--left\">\u00c9CRAN AMOLED 1,4\u2033 ULTRA-LUMINEUX<\/p>\n<\/div>\n<div class=\"app__feature__card\" data-translate=\"\"><img decoding=\"async\" class=\"app__feature__card__image\" src=\"https:\/\/static.garmincdn.com\/gdc\/Product_Pages\/ICONS\/Battery_Life.svg\" alt=\"\" \/><\/p>\n<p class=\"app__feature__card__description app__feature__card__description--left\">JUSQU'\u00c0 26 HEURES D'AUTONOMIE EN MODE GPS<\/p>\n<\/div>\n<div class=\"app__feature__card\" data-translate=\"\"><img decoding=\"async\" class=\"app__feature__card__image\" src=\"https:\/\/static.garmincdn.com\/gdc\/Product_Pages\/ICONS\/TRAINING-GUIDANCE.svg\" alt=\"\" \/><\/p>\n<p class=\"app__feature__card__description app__feature__card__description--left\">FONCTIONS PREMIUM D'ENTRA\u00ceNEMENT ET DE R\u00c9CUP\u00c9RATION<\/p>\n<\/div>\n<div class=\"app__feature__card\" data-translate=\"\"><img decoding=\"async\" class=\"app__feature__card__image\" src=\"https:\/\/static.garmincdn.com\/gdc\/Product_Pages\/ICONS\/MultiBand.svg\" alt=\"\" \/><\/p>\n<p class=\"app__feature__card__description app__feature__card__description--left\">CARTES INT\u00c9GR\u00c9ES AVEC TECHNOLOGIE SATIQ\u2122 ET GPS MULTI-BANDES<\/p>\n<\/div>\n<div class=\"app__feature__card\" data-translate=\"\"><img decoding=\"async\" class=\"app__feature__card__image\" src=\"https:\/\/static.garmincdn.com\/gdc\/Product_Pages\/ICONS\/LIGHTWEIGHT-2.svg\" alt=\"\" \/><\/p>\n<p class=\"app__feature__card__description app__feature__card__description--left\">LUNETTE L\u00c9G\u00c8RE EN TITANE ET VERRE EN CRISTAL DE SAPHIR<\/p>\n<\/div>\n<div class=\"app__feature__card\" data-translate=\"\"><img decoding=\"async\" class=\"app__feature__card__image\" src=\"https:\/\/static.garmincdn.com\/gdc\/Product_Pages\/ICONS\/FLASHLIGHT.svg\" alt=\"\" \/><\/p>\n<p class=\"app__feature__card__description app__feature__card__description--left\">LAMPE LED INT\u00c9GR\u00c9E<\/p>\n<\/div>\n","protected":false},"excerpt":{"rendered":"<p>\u00c9CRAN AMOLED 1,4\u2033 ULTRA-LUMINEUX JUSQU'\u00c0 26 HEURES D'AUTONOMIE EN MODE GPS FONCTIONS PREMIUM D'ENTRA\u00ceNEMENT ET DE R\u00c9CUP\u00c9RATION CARTES INT\u00c9GR\u00c9ES AVEC TECHNOLOGIE SATIQ\u2122 ET GPS MULTI-BANDES LUNETTE L\u00c9G\u00c8RE EN TITANE ET VERRE EN CRISTAL DE SAPHIR LAMPE LED INT\u00c9GR\u00c9E<\/p>\n","protected":false},"featured_media":3701,"template":"","meta":[],"pwb-brand":[98],"product_brand":[],"product_cat":[29],"product_tag":[],"class_list":{"0":"post-3700","1":"product","2":"type-product","3":"status-publish","4":"has-post-thumbnail","6":"pwb-brand-garmin","7":"product_cat-electronique","9":"first","10":"instock","11":"shipping-taxable","12":"purchasable","13":"product-type-simple"},"brands":[{"id":98,"name":"GARMIN","slug":"garmin"}],"_links":{"self":[{"href":"https:\/\/rrunning.tribalt.agency\/index.php?rest_route=\/wp\/v2\/product\/3700","targetHints":{"allow":["GET"]}}],"collection":[{"href":"https:\/\/rrunning.tribalt.agency\/index.php?rest_route=\/wp\/v2\/product"}],"about":[{"href":"https:\/\/rrunning.tribalt.agency\/index.php?rest_route=\/wp\/v2\/types\/product"}],"wp:featuredmedia":[{"embeddable":true,"href":"https:\/\/rrunning.tribalt.agency\/index.php?rest_route=\/wp\/v2\/media\/3701"}],"wp:attachment":[{"href":"https:\/\/rrunning.tribalt.agency\/index.php?rest_route=%2Fwp%2Fv2%2Fmedia&parent=3700"}],"wp:term":[{"taxonomy":"pwb-brand","embeddable":true,"href":"https:\/\/rrunning.tribalt.agency\/index.php?rest_route=%2Fwp%2Fv2%2Fpwb-brand&post=3700"},{"taxonomy":"product_brand","embeddable":true,"href":"https:\/\/rrunning.tribalt.agency\/index.php?rest_route=%2Fwp%2Fv2%2Fproduct_brand&post=3700"},{"taxonomy":"product_cat","embeddable":true,"href":"https:\/\/rrunning.tribalt.agency\/index.php?rest_route=%2Fwp%2Fv2%2Fproduct_cat&post=3700"},{"taxonomy":"product_tag","embeddable":true,"href":"https:\/\/rrunning.tribalt.agency\/index.php?rest_route=%2Fwp%2Fv2%2Fproduct_tag&post=3700"}],"curies":[{"name":"wp","href":"https:\/\/api.w.org\/{rel}","templated":true}]}}