{"id":3694,"date":"2025-09-17T16:49:05","date_gmt":"2025-09-17T14:49:05","guid":{"rendered":"https:\/\/rrunning.tribalt.agency\/?post_type=product&#038;p=3694"},"modified":"2025-09-17T16:49:57","modified_gmt":"2025-09-17T14:49:57","slug":"edge-850","status":"publish","type":"product","link":"https:\/\/rrunning.tribalt.agency\/?product=edge-850","title":{"rendered":"Edge\u00ae 850"},"content":{"rendered":"<div class=\"app__overview__intro__description\">\n<p>L'Edge 850 est un compteur GPS de v\u00e9lo compact, dot\u00e9 d'un \u00e9cran tactile couleur \u00e9clatant et de boutons, qui vous fournit les donn\u00e9es, le guidage et les conseils de ravitaillement dont vous avez besoin pour repousser vos limites. Certaines fonctions d'entra\u00eenement et d'analyse des performances n\u00e9cessitent un\u00a0<a href=\"https:\/\/support.garmin.com\/fr-FR\/?faq=HShLPmOrV27VgUdVxgCJeA\">moniteur de fr\u00e9quence cardiaque, un capteur de puissance ou les deux.<\/a><\/p>\n<\/div>\n<div class=\"app__column-layout app__column-layout__column--6 app__column-layout__column__mobile--2 app__overview__intro__icons\">\n<div class=\"app__feature__card\" data-translate=\"\"><img decoding=\"async\" class=\"app__feature__card__image\" src=\"https:\/\/static.garmincdn.com\/gdc\/Product_Pages\/ICONS\/AMOLED_Display.svg\" alt=\"\" \/><\/p>\n<p class=\"app__feature__card__description app__feature__card__description--left\">L'\u00c9CRAN COULEUR \u00c9CLATANT AFFICHE DES CARTES ET DES STATISTIQUES AVEC UN NIVEAU DE D\u00c9TAIL EXCEPTIONNEL<\/p>\n<\/div>\n<div class=\"app__feature__card\" data-translate=\"\"><img decoding=\"async\" class=\"app__feature__card__image\" src=\"https:\/\/static.garmincdn.com\/gdc\/Product_Pages\/ICONS\/Battery_Life.svg\" alt=\"\" \/><\/p>\n<p class=\"app__feature__card__description app__feature__card__description--left\">JUSQU'\u00c0 12 HEURES D'AUTONOMIE DANS LES CONDITIONS LES PLUS EXIGEANTES ET JUSQU'\u00c0 36\u00a0HEURES EN MODE \u00c9CONOMIE D'\u00c9NERGIE<\/p>\n<\/div>\n<div class=\"app__feature__card\" data-translate=\"\"><img decoding=\"async\" class=\"app__feature__card__image\" src=\"https:\/\/static.garmincdn.com\/gdc\/Product_Pages\/ICONS\/Alert.svg\" alt=\"\" \/><\/p>\n<p class=\"app__feature__card__description app__feature__card__description--left\">RECEVEZ DES ALERTES INDIQUANT LES DANGERS SIGNAL\u00c9S SUR LA ROUTE PAR LES AUTRES CYCLISTES<sup>1<\/sup><\/p>\n<\/div>\n<div class=\"app__feature__card\" data-translate=\"\"><img decoding=\"async\" class=\"app__feature__card__image\" src=\"https:\/\/static.garmincdn.com\/gdc\/Product_Pages\/ICONS\/Measure_Data.svg\" alt=\"\" \/><\/p>\n<p class=\"app__feature__card__description app__feature__card__description--left\">FONCTIONS AVANC\u00c9ES D'ENTRA\u00ceNEMENT ET ANALYSES DE PERFORMANCES<\/p>\n<\/div>\n<div class=\"app__feature__card\" data-translate=\"\"><img decoding=\"async\" class=\"app__feature__card__image\" src=\"https:\/\/static.garmincdn.com\/gdc\/Product_Pages\/ICONS\/Group-Ride.svg\" alt=\"\" \/><\/p>\n<p class=\"app__feature__card__description app__feature__card__description--left\">RESTEZ CONNECT\u00c9 ET COMPETITIF GR\u00c2CE \u00c0 LA FONCTION GROUPRIDE<\/p>\n<\/div>\n<div class=\"app__feature__card\" data-translate=\"\"><img decoding=\"async\" class=\"app__feature__card__image\" src=\"https:\/\/static.garmincdn.com\/gdc\/Product_Pages\/ICONS\/ON-DEVICE-BIKE-BELL.svg\" alt=\"\" \/><\/p>\n<p class=\"app__feature__card__description app__feature__card__description--left\">ALERTEZ LES CYCLISTES ET LES PI\u00c9TONS AVEC UNE SONNETTE INT\u00c9GR\u00c9E \u00c0 L'APPAREIL<\/p>\n<\/div>\n<\/div>\n","protected":false},"excerpt":{"rendered":"<p>L'Edge 850 est un compteur GPS de v\u00e9lo compact, dot\u00e9 d'un \u00e9cran tactile couleur \u00e9clatant et de boutons, qui vous fournit les donn\u00e9es, le guidage et les conseils de ravitaillement dont vous avez besoin pour repousser vos limites. Certaines fonctions d'entra\u00eenement et d'analyse des performances n\u00e9cessitent un\u00a0moniteur de fr\u00e9quence cardiaque, un capteur de puissance ou [&hellip;]<\/p>\n","protected":false},"featured_media":3695,"template":"","meta":[],"pwb-brand":[98],"product_brand":[],"product_cat":[29],"product_tag":[],"class_list":{"0":"post-3694","1":"product","2":"type-product","3":"status-publish","4":"has-post-thumbnail","6":"pwb-brand-garmin","7":"product_cat-electronique","9":"first","10":"instock","11":"shipping-taxable","12":"purchasable","13":"product-type-simple"},"brands":[{"id":98,"name":"GARMIN","slug":"garmin"}],"_links":{"self":[{"href":"https:\/\/rrunning.tribalt.agency\/index.php?rest_route=\/wp\/v2\/product\/3694","targetHints":{"allow":["GET"]}}],"collection":[{"href":"https:\/\/rrunning.tribalt.agency\/index.php?rest_route=\/wp\/v2\/product"}],"about":[{"href":"https:\/\/rrunning.tribalt.agency\/index.php?rest_route=\/wp\/v2\/types\/product"}],"wp:featuredmedia":[{"embeddable":true,"href":"https:\/\/rrunning.tribalt.agency\/index.php?rest_route=\/wp\/v2\/media\/3695"}],"wp:attachment":[{"href":"https:\/\/rrunning.tribalt.agency\/index.php?rest_route=%2Fwp%2Fv2%2Fmedia&parent=3694"}],"wp:term":[{"taxonomy":"pwb-brand","embeddable":true,"href":"https:\/\/rrunning.tribalt.agency\/index.php?rest_route=%2Fwp%2Fv2%2Fpwb-brand&post=3694"},{"taxonomy":"product_brand","embeddable":true,"href":"https:\/\/rrunning.tribalt.agency\/index.php?rest_route=%2Fwp%2Fv2%2Fproduct_brand&post=3694"},{"taxonomy":"product_cat","embeddable":true,"href":"https:\/\/rrunning.tribalt.agency\/index.php?rest_route=%2Fwp%2Fv2%2Fproduct_cat&post=3694"},{"taxonomy":"product_tag","embeddable":true,"href":"https:\/\/rrunning.tribalt.agency\/index.php?rest_route=%2Fwp%2Fv2%2Fproduct_tag&post=3694"}],"curies":[{"name":"wp","href":"https:\/\/api.w.org\/{rel}","templated":true}]}}