{"id":3692,"date":"2025-09-17T16:40:12","date_gmt":"2025-09-17T14:40:12","guid":{"rendered":"https:\/\/rrunning.tribalt.agency\/?post_type=product&#038;p=3692"},"modified":"2025-09-17T16:54:45","modified_gmt":"2025-09-17T14:54:45","slug":"fenix-8-pro-47-mm-amoled","status":"publish","type":"product","link":"https:\/\/rrunning.tribalt.agency\/?product=fenix-8-pro-47-mm-amoled","title":{"rendered":"f\u0113nix\u00ae 8 Pro"},"content":{"rendered":"<h2>TOUJOURS CONNECT\u00c9, M\u00caME SANS T\u00c9L\u00c9PHONE<\/h2>\n<div class=\"app__overview__intro__description\">\n<p>Con\u00e7ue pour les athl\u00e8tes et les aventuriers qui ne peuvent pas toujours emporter un t\u00e9l\u00e9phone, cette montre connect\u00e9e GPS multisports change la donne. Laissez votre t\u00e9l\u00e9phone \u00e0 la maison pendant vos activit\u00e9s et utilisez la technologie inReach<sup>\u00ae<\/sup><sup>1<\/sup>\u00a0pour passer des appels vocaux et partager votre position avec LiveTrack\u2122, d\u00e8s que vous \u00eates connect\u00e9 au r\u00e9seau LTE. Vous pouvez aussi acc\u00e9der \u00e0 la messagerie bidirectionnelle et aux fonctions SOS interactives via une connexion LTE ou une liaison satellite hors r\u00e9seau.<\/p>\n<\/div>\n<div class=\"app__column-layout app__column-layout__column--6 app__column-layout__column__mobile--2 app__overview__intro__icons\">\n<div class=\"app__feature__card\" data-translate=\"\"><img decoding=\"async\" class=\"app__feature__card__image\" src=\"https:\/\/static.garmincdn.com\/gdc\/Product_Pages\/ICONS\/SOS.svg\" alt=\"\" \/><\/p>\n<p class=\"app__feature__card__description app__feature__card__description--left\">TECHNOLOGIE INREACH<sup>1<\/sup>\u00a0POUR LA CONNECTIVIT\u00c9 LTE ET SATELLITE<\/p>\n<\/div>\n<div class=\"app__feature__card\" data-translate=\"\"><img decoding=\"async\" class=\"app__feature__card__image\" src=\"https:\/\/static.garmincdn.com\/gdc\/Product_Pages\/ICONS\/Battery_Life.svg\" alt=\"\" \/><\/p>\n<p class=\"app__feature__card__description app__feature__card__description--left\">AUTONOMIE ALLANT JUSQU'\u00c0 15 JOURS EN MODE MONTRE CONNECT\u00c9E<\/p>\n<\/div>\n<div class=\"app__feature__card\" data-translate=\"\"><img decoding=\"async\" class=\"app__feature__card__image\" src=\"https:\/\/static.garmincdn.com\/gdc\/Product_Pages\/ICONS\/AMOLED_Display.svg\" alt=\"\" \/><\/p>\n<p class=\"app__feature__card__description app__feature__card__description--left\">\u00c9CRAN AMOLED LUMINEUX ET NET, AVEC LUNETTE EN TITANE<\/p>\n<\/div>\n<div class=\"app__feature__card\" data-translate=\"\"><img decoding=\"async\" class=\"app__feature__card__image\" src=\"https:\/\/static.garmincdn.com\/gdc\/Product_Pages\/ICONS\/TRAINING-GUIDANCE.svg\" alt=\"\" \/><\/p>\n<p class=\"app__feature__card__description app__feature__card__description--left\">FONCTIONS AVANC\u00c9ES D'ENTRA\u00ceNEMENT ET DE PERFORMANCE<\/p>\n<\/div>\n<div class=\"app__feature__card\" data-translate=\"\"><img decoding=\"async\" class=\"app__feature__card__image\" src=\"https:\/\/static.garmincdn.com\/gdc\/Product_Pages\/ICONS\/Heart_Rate_Sensors.svg\" alt=\"\" \/><\/p>\n<p class=\"app__feature__card__description app__feature__card__description--left\">FONCTIONS DE SUIVI CONTINU DE LA SANT\u00c9 ET DU BIEN-\u00caTRE<\/p>\n<\/div>\n<div class=\"app__feature__card\" data-translate=\"\"><img decoding=\"async\" class=\"app__feature__card__image\" src=\"https:\/\/static.garmincdn.com\/gdc\/Product_Pages\/ICONS\/FLASHLIGHT.svg\" alt=\"\" \/><\/p>\n<p class=\"app__feature__card__description app__feature__card__description--left\">LAMPE DE POCHE LED LUMINEUSE \u00c0 INTENSIT\u00c9 R\u00c9GLABLE<\/p>\n<\/div>\n<\/div>\n","protected":false},"excerpt":{"rendered":"<p>TOUJOURS CONNECT\u00c9, M\u00caME SANS T\u00c9L\u00c9PHONE Con\u00e7ue pour les athl\u00e8tes et les aventuriers qui ne peuvent pas toujours emporter un t\u00e9l\u00e9phone, cette montre connect\u00e9e GPS multisports change la donne. Laissez votre t\u00e9l\u00e9phone \u00e0 la maison pendant vos activit\u00e9s et utilisez la technologie inReach\u00ae1\u00a0pour passer des appels vocaux et partager votre position avec LiveTrack\u2122, d\u00e8s que vous [&hellip;]<\/p>\n","protected":false},"featured_media":3693,"template":"","meta":[],"pwb-brand":[98],"product_brand":[],"product_cat":[29],"product_tag":[],"class_list":{"0":"post-3692","1":"product","2":"type-product","3":"status-publish","4":"has-post-thumbnail","6":"pwb-brand-garmin","7":"product_cat-electronique","9":"first","10":"instock","11":"shipping-taxable","12":"purchasable","13":"product-type-simple"},"brands":[{"id":98,"name":"GARMIN","slug":"garmin"}],"_links":{"self":[{"href":"https:\/\/rrunning.tribalt.agency\/index.php?rest_route=\/wp\/v2\/product\/3692","targetHints":{"allow":["GET"]}}],"collection":[{"href":"https:\/\/rrunning.tribalt.agency\/index.php?rest_route=\/wp\/v2\/product"}],"about":[{"href":"https:\/\/rrunning.tribalt.agency\/index.php?rest_route=\/wp\/v2\/types\/product"}],"wp:featuredmedia":[{"embeddable":true,"href":"https:\/\/rrunning.tribalt.agency\/index.php?rest_route=\/wp\/v2\/media\/3693"}],"wp:attachment":[{"href":"https:\/\/rrunning.tribalt.agency\/index.php?rest_route=%2Fwp%2Fv2%2Fmedia&parent=3692"}],"wp:term":[{"taxonomy":"pwb-brand","embeddable":true,"href":"https:\/\/rrunning.tribalt.agency\/index.php?rest_route=%2Fwp%2Fv2%2Fpwb-brand&post=3692"},{"taxonomy":"product_brand","embeddable":true,"href":"https:\/\/rrunning.tribalt.agency\/index.php?rest_route=%2Fwp%2Fv2%2Fproduct_brand&post=3692"},{"taxonomy":"product_cat","embeddable":true,"href":"https:\/\/rrunning.tribalt.agency\/index.php?rest_route=%2Fwp%2Fv2%2Fproduct_cat&post=3692"},{"taxonomy":"product_tag","embeddable":true,"href":"https:\/\/rrunning.tribalt.agency\/index.php?rest_route=%2Fwp%2Fv2%2Fproduct_tag&post=3692"}],"curies":[{"name":"wp","href":"https:\/\/api.w.org\/{rel}","templated":true}]}}