{"id":3687,"date":"2025-08-17T16:32:31","date_gmt":"2025-08-17T14:32:31","guid":{"rendered":"https:\/\/rrunning.tribalt.agency\/?post_type=product&#038;p=3687"},"modified":"2025-09-17T16:33:49","modified_gmt":"2025-09-17T14:33:49","slug":"support-casque-velo-easylock-18","status":"publish","type":"product","link":"https:\/\/rrunning.tribalt.agency\/?product=support-casque-velo-easylock-18","title":{"rendered":"Support casque v\u00e9lo easyLock 18"},"content":{"rendered":"<p>Ce support permet de fixer votre lampe frontale STOOTS sur votre casque de v\u00e9lo ou de vtt s'il comporte des a\u00e9rations.<\/p>\n<p>Le support est en nylon et aluminium noir.<\/p>\n<p>Nous fournissons deux lani\u00e8res agrippantes de 15cm et une de 30cm qui n'est pas \u00e0 fixer obligatoirement.<\/p>\n<p><strong>Compatible uniquement avec les lampes poss\u00e9dant une batterie easyLock 18.<\/strong><\/p>\n","protected":false},"excerpt":{"rendered":"<p>Ce support permet de fixer votre lampe frontale STOOTS sur votre casque de v\u00e9lo ou de vtt s'il comporte des a\u00e9rations. Le support est en nylon et aluminium noir. Nous fournissons deux lani\u00e8res agrippantes de 15cm et une de 30cm qui n'est pas \u00e0 fixer obligatoirement. Compatible uniquement avec les lampes poss\u00e9dant une batterie easyLock [&hellip;]<\/p>\n","protected":false},"featured_media":3688,"template":"","meta":[],"pwb-brand":[161],"product_brand":[],"product_cat":[30],"product_tag":[],"class_list":{"0":"post-3687","1":"product","2":"type-product","3":"status-publish","4":"has-post-thumbnail","6":"pwb-brand-stoots","7":"product_cat-frontales","9":"first","10":"instock","11":"shipping-taxable","12":"purchasable","13":"product-type-simple"},"brands":[{"id":161,"name":"STOOTS","slug":"stoots"}],"_links":{"self":[{"href":"https:\/\/rrunning.tribalt.agency\/index.php?rest_route=\/wp\/v2\/product\/3687","targetHints":{"allow":["GET"]}}],"collection":[{"href":"https:\/\/rrunning.tribalt.agency\/index.php?rest_route=\/wp\/v2\/product"}],"about":[{"href":"https:\/\/rrunning.tribalt.agency\/index.php?rest_route=\/wp\/v2\/types\/product"}],"wp:featuredmedia":[{"embeddable":true,"href":"https:\/\/rrunning.tribalt.agency\/index.php?rest_route=\/wp\/v2\/media\/3688"}],"wp:attachment":[{"href":"https:\/\/rrunning.tribalt.agency\/index.php?rest_route=%2Fwp%2Fv2%2Fmedia&parent=3687"}],"wp:term":[{"taxonomy":"pwb-brand","embeddable":true,"href":"https:\/\/rrunning.tribalt.agency\/index.php?rest_route=%2Fwp%2Fv2%2Fpwb-brand&post=3687"},{"taxonomy":"product_brand","embeddable":true,"href":"https:\/\/rrunning.tribalt.agency\/index.php?rest_route=%2Fwp%2Fv2%2Fproduct_brand&post=3687"},{"taxonomy":"product_cat","embeddable":true,"href":"https:\/\/rrunning.tribalt.agency\/index.php?rest_route=%2Fwp%2Fv2%2Fproduct_cat&post=3687"},{"taxonomy":"product_tag","embeddable":true,"href":"https:\/\/rrunning.tribalt.agency\/index.php?rest_route=%2Fwp%2Fv2%2Fproduct_tag&post=3687"}],"curies":[{"name":"wp","href":"https:\/\/api.w.org\/{rel}","templated":true}]}}