{"id":3684,"date":"2025-08-17T16:31:01","date_gmt":"2025-08-17T14:31:01","guid":{"rendered":"https:\/\/rrunning.tribalt.agency\/?post_type=product&#038;p=3684"},"modified":"2025-09-17T16:32:18","modified_gmt":"2025-09-17T14:32:18","slug":"support-tube-velo-pour-easylock-18","status":"publish","type":"product","link":"https:\/\/rrunning.tribalt.agency\/?product=support-tube-velo-pour-easylock-18","title":{"rendered":"Support tube\/v\u00e9lo pour easyLock 18"},"content":{"rendered":"<p>Ce support en aluminium noir permet de fixer sur votre guidon de v\u00e9lo, tige de selle ou encore un tube de perche votre lampe frontale STOOTS !<\/p>\n<p>Le support se monte directement par serrage sur des tubes de diam\u00e8tres 28 \u00e0 34mm.<\/p>\n<p><strong>Compatible uniquement avec les lampes poss\u00e9dant une batterie easyLock 18.<\/strong><\/p>\n","protected":false},"excerpt":{"rendered":"<p>Ce support en aluminium noir permet de fixer sur votre guidon de v\u00e9lo, tige de selle ou encore un tube de perche votre lampe frontale STOOTS ! Le support se monte directement par serrage sur des tubes de diam\u00e8tres 28 \u00e0 34mm. Compatible uniquement avec les lampes poss\u00e9dant une batterie easyLock 18.<\/p>\n","protected":false},"featured_media":3685,"template":"","meta":[],"pwb-brand":[161],"product_brand":[],"product_cat":[30],"product_tag":[],"class_list":{"0":"post-3684","1":"product","2":"type-product","3":"status-publish","4":"has-post-thumbnail","6":"pwb-brand-stoots","7":"product_cat-frontales","9":"first","10":"instock","11":"shipping-taxable","12":"purchasable","13":"product-type-simple"},"brands":[{"id":161,"name":"STOOTS","slug":"stoots"}],"_links":{"self":[{"href":"https:\/\/rrunning.tribalt.agency\/index.php?rest_route=\/wp\/v2\/product\/3684","targetHints":{"allow":["GET"]}}],"collection":[{"href":"https:\/\/rrunning.tribalt.agency\/index.php?rest_route=\/wp\/v2\/product"}],"about":[{"href":"https:\/\/rrunning.tribalt.agency\/index.php?rest_route=\/wp\/v2\/types\/product"}],"wp:featuredmedia":[{"embeddable":true,"href":"https:\/\/rrunning.tribalt.agency\/index.php?rest_route=\/wp\/v2\/media\/3685"}],"wp:attachment":[{"href":"https:\/\/rrunning.tribalt.agency\/index.php?rest_route=%2Fwp%2Fv2%2Fmedia&parent=3684"}],"wp:term":[{"taxonomy":"pwb-brand","embeddable":true,"href":"https:\/\/rrunning.tribalt.agency\/index.php?rest_route=%2Fwp%2Fv2%2Fpwb-brand&post=3684"},{"taxonomy":"product_brand","embeddable":true,"href":"https:\/\/rrunning.tribalt.agency\/index.php?rest_route=%2Fwp%2Fv2%2Fproduct_brand&post=3684"},{"taxonomy":"product_cat","embeddable":true,"href":"https:\/\/rrunning.tribalt.agency\/index.php?rest_route=%2Fwp%2Fv2%2Fproduct_cat&post=3684"},{"taxonomy":"product_tag","embeddable":true,"href":"https:\/\/rrunning.tribalt.agency\/index.php?rest_route=%2Fwp%2Fv2%2Fproduct_tag&post=3684"}],"curies":[{"name":"wp","href":"https:\/\/api.w.org\/{rel}","templated":true}]}}