{"id":3676,"date":"2025-08-17T16:26:18","date_gmt":"2025-08-17T14:26:18","guid":{"rendered":"https:\/\/rrunning.tribalt.agency\/?post_type=product&#038;p=3676"},"modified":"2025-09-17T16:27:56","modified_gmt":"2025-09-17T14:27:56","slug":"batterie-easylock-18-12wh","status":"publish","type":"product","link":"https:\/\/rrunning.tribalt.agency\/?product=batterie-easylock-18-12wh","title":{"rendered":"Batterie easyLock 18 12Wh"},"content":{"rendered":"<p>Batterie Lithium-ion 12Wh.<\/p>\n<p>Capacit\u00e9 3350mAh.<\/p>\n<p>La batterie est fournie avec un bouchon et un cordon afin de la transporter facilement tout en la rendant \u00e9tanche.<\/p>\n<p><strong>Compatible uniquement avec les lampes \u00e0 batteries easyLock 18.<\/strong><\/p>\n","protected":false},"excerpt":{"rendered":"<p>Batterie Lithium-ion 12Wh. Capacit\u00e9 3350mAh. La batterie est fournie avec un bouchon et un cordon afin de la transporter facilement tout en la rendant \u00e9tanche. Compatible uniquement avec les lampes \u00e0 batteries easyLock 18.<\/p>\n","protected":false},"featured_media":3677,"template":"","meta":[],"pwb-brand":[161],"product_brand":[],"product_cat":[30],"product_tag":[],"class_list":{"0":"post-3676","1":"product","2":"type-product","3":"status-publish","4":"has-post-thumbnail","6":"pwb-brand-stoots","7":"product_cat-frontales","9":"first","10":"instock","11":"shipping-taxable","12":"purchasable","13":"product-type-simple"},"brands":[{"id":161,"name":"STOOTS","slug":"stoots"}],"_links":{"self":[{"href":"https:\/\/rrunning.tribalt.agency\/index.php?rest_route=\/wp\/v2\/product\/3676","targetHints":{"allow":["GET"]}}],"collection":[{"href":"https:\/\/rrunning.tribalt.agency\/index.php?rest_route=\/wp\/v2\/product"}],"about":[{"href":"https:\/\/rrunning.tribalt.agency\/index.php?rest_route=\/wp\/v2\/types\/product"}],"wp:featuredmedia":[{"embeddable":true,"href":"https:\/\/rrunning.tribalt.agency\/index.php?rest_route=\/wp\/v2\/media\/3677"}],"wp:attachment":[{"href":"https:\/\/rrunning.tribalt.agency\/index.php?rest_route=%2Fwp%2Fv2%2Fmedia&parent=3676"}],"wp:term":[{"taxonomy":"pwb-brand","embeddable":true,"href":"https:\/\/rrunning.tribalt.agency\/index.php?rest_route=%2Fwp%2Fv2%2Fpwb-brand&post=3676"},{"taxonomy":"product_brand","embeddable":true,"href":"https:\/\/rrunning.tribalt.agency\/index.php?rest_route=%2Fwp%2Fv2%2Fproduct_brand&post=3676"},{"taxonomy":"product_cat","embeddable":true,"href":"https:\/\/rrunning.tribalt.agency\/index.php?rest_route=%2Fwp%2Fv2%2Fproduct_cat&post=3676"},{"taxonomy":"product_tag","embeddable":true,"href":"https:\/\/rrunning.tribalt.agency\/index.php?rest_route=%2Fwp%2Fv2%2Fproduct_tag&post=3676"}],"curies":[{"name":"wp","href":"https:\/\/api.w.org\/{rel}","templated":true}]}}