{"id":3674,"date":"2025-09-17T16:00:45","date_gmt":"2025-09-17T14:00:45","guid":{"rendered":"https:\/\/rrunning.tribalt.agency\/?post_type=product&#038;p=3674"},"modified":"2025-09-17T16:07:45","modified_gmt":"2025-09-17T14:07:45","slug":"lampe-frontale-opalo-3","status":"publish","type":"product","link":"https:\/\/rrunning.tribalt.agency\/?product=lampe-frontale-opalo-3","title":{"rendered":"Lampe frontale OPALO 3"},"content":{"rendered":"<h2>Le mod\u00e8le le plus complet pour vos activit\u00e9s outdoor<\/h2>\n<p><strong>Cette lampe offre jusqu'\u00e0 1200 lumens de puissance dans un petit bloc d'aluminium et poss\u00e8de 3 largeurs de faisceaux mix\u00e9es (large + moyen + \u00e9troit) permettant de maximiser la port\u00e9e d'\u00e9clairage.<\/strong><\/p>\n<p><strong>L'OPALO 3 propose en plus un SPOT de 400 lumens (faisceau ultra focalis\u00e9 et net) permettant de pointer une zone sp\u00e9cifique \u00e0 plus de 120m, id\u00e9al pour la\u00a0pratique de l'alpinisme, du gravel, du raid aventure, de la course d'orientation...<\/strong><\/p>\n","protected":false},"excerpt":{"rendered":"<p>Le mod\u00e8le le plus complet pour vos activit\u00e9s outdoor Cette lampe offre jusqu'\u00e0 1200 lumens de puissance dans un petit bloc d'aluminium et poss\u00e8de 3 largeurs de faisceaux mix\u00e9es (large + moyen + \u00e9troit) permettant de maximiser la port\u00e9e d'\u00e9clairage. L'OPALO 3 propose en plus un SPOT de 400 lumens (faisceau ultra focalis\u00e9 et net) [&hellip;]<\/p>\n","protected":false},"featured_media":3671,"template":"","meta":[],"pwb-brand":[161],"product_brand":[],"product_cat":[30],"product_tag":[],"class_list":{"0":"post-3674","1":"product","2":"type-product","3":"status-publish","4":"has-post-thumbnail","6":"pwb-brand-stoots","7":"product_cat-frontales","9":"first","10":"instock","11":"shipping-taxable","12":"purchasable","13":"product-type-simple"},"brands":[{"id":161,"name":"STOOTS","slug":"stoots"}],"_links":{"self":[{"href":"https:\/\/rrunning.tribalt.agency\/index.php?rest_route=\/wp\/v2\/product\/3674","targetHints":{"allow":["GET"]}}],"collection":[{"href":"https:\/\/rrunning.tribalt.agency\/index.php?rest_route=\/wp\/v2\/product"}],"about":[{"href":"https:\/\/rrunning.tribalt.agency\/index.php?rest_route=\/wp\/v2\/types\/product"}],"wp:featuredmedia":[{"embeddable":true,"href":"https:\/\/rrunning.tribalt.agency\/index.php?rest_route=\/wp\/v2\/media\/3671"}],"wp:attachment":[{"href":"https:\/\/rrunning.tribalt.agency\/index.php?rest_route=%2Fwp%2Fv2%2Fmedia&parent=3674"}],"wp:term":[{"taxonomy":"pwb-brand","embeddable":true,"href":"https:\/\/rrunning.tribalt.agency\/index.php?rest_route=%2Fwp%2Fv2%2Fpwb-brand&post=3674"},{"taxonomy":"product_brand","embeddable":true,"href":"https:\/\/rrunning.tribalt.agency\/index.php?rest_route=%2Fwp%2Fv2%2Fproduct_brand&post=3674"},{"taxonomy":"product_cat","embeddable":true,"href":"https:\/\/rrunning.tribalt.agency\/index.php?rest_route=%2Fwp%2Fv2%2Fproduct_cat&post=3674"},{"taxonomy":"product_tag","embeddable":true,"href":"https:\/\/rrunning.tribalt.agency\/index.php?rest_route=%2Fwp%2Fv2%2Fproduct_tag&post=3674"}],"curies":[{"name":"wp","href":"https:\/\/api.w.org\/{rel}","templated":true}]}}