{"id":3670,"date":"2025-09-17T15:57:55","date_gmt":"2025-09-17T13:57:55","guid":{"rendered":"https:\/\/rrunning.tribalt.agency\/?post_type=product&#038;p=3670"},"modified":"2025-09-17T15:59:15","modified_gmt":"2025-09-17T13:59:15","slug":"lampe-frontale-kiska-3","status":"publish","type":"product","link":"https:\/\/rrunning.tribalt.agency\/?product=lampe-frontale-kiska-3","title":{"rendered":"Lampe frontale KISKA 3"},"content":{"rendered":"<h2>Le mod\u00e8le le plus polyvalent de la gamme outdoor<\/h2>\n<p>D\u00e9velopp\u00e9e pour la pratique d'activit\u00e9s exigeantes (ultra trail, bikepacking...) n\u00e9cessitant un \u00e9clairage technique en milieu engag\u00e9, la KISKA 3 poss\u00e8de 3 largeurs de faisceaux mix\u00e9es (large + moyen + \u00e9troit).<\/p>\n<p>Elle d\u00e9tient\u00a0le meilleur rapport poids puissance autonomie ! Jusqu'\u00e0 1200 lumens de puissance dans 89 grammes d'aluminium.<\/p>\n<p>Son format compact et sa l\u00e9g\u00e8ret\u00e9 procurent un tr\u00e8s grand confort.<\/p>\n","protected":false},"excerpt":{"rendered":"<p>Le mod\u00e8le le plus polyvalent de la gamme outdoor D\u00e9velopp\u00e9e pour la pratique d'activit\u00e9s exigeantes (ultra trail, bikepacking...) n\u00e9cessitant un \u00e9clairage technique en milieu engag\u00e9, la KISKA 3 poss\u00e8de 3 largeurs de faisceaux mix\u00e9es (large + moyen + \u00e9troit). Elle d\u00e9tient\u00a0le meilleur rapport poids puissance autonomie ! Jusqu'\u00e0 1200 lumens de puissance dans 89 grammes [&hellip;]<\/p>\n","protected":false},"featured_media":3671,"template":"","meta":[],"pwb-brand":[161],"product_brand":[],"product_cat":[30],"product_tag":[],"class_list":{"0":"post-3670","1":"product","2":"type-product","3":"status-publish","4":"has-post-thumbnail","6":"pwb-brand-stoots","7":"product_cat-frontales","9":"first","10":"instock","11":"shipping-taxable","12":"purchasable","13":"product-type-simple"},"brands":[{"id":161,"name":"STOOTS","slug":"stoots"}],"_links":{"self":[{"href":"https:\/\/rrunning.tribalt.agency\/index.php?rest_route=\/wp\/v2\/product\/3670","targetHints":{"allow":["GET"]}}],"collection":[{"href":"https:\/\/rrunning.tribalt.agency\/index.php?rest_route=\/wp\/v2\/product"}],"about":[{"href":"https:\/\/rrunning.tribalt.agency\/index.php?rest_route=\/wp\/v2\/types\/product"}],"wp:featuredmedia":[{"embeddable":true,"href":"https:\/\/rrunning.tribalt.agency\/index.php?rest_route=\/wp\/v2\/media\/3671"}],"wp:attachment":[{"href":"https:\/\/rrunning.tribalt.agency\/index.php?rest_route=%2Fwp%2Fv2%2Fmedia&parent=3670"}],"wp:term":[{"taxonomy":"pwb-brand","embeddable":true,"href":"https:\/\/rrunning.tribalt.agency\/index.php?rest_route=%2Fwp%2Fv2%2Fpwb-brand&post=3670"},{"taxonomy":"product_brand","embeddable":true,"href":"https:\/\/rrunning.tribalt.agency\/index.php?rest_route=%2Fwp%2Fv2%2Fproduct_brand&post=3670"},{"taxonomy":"product_cat","embeddable":true,"href":"https:\/\/rrunning.tribalt.agency\/index.php?rest_route=%2Fwp%2Fv2%2Fproduct_cat&post=3670"},{"taxonomy":"product_tag","embeddable":true,"href":"https:\/\/rrunning.tribalt.agency\/index.php?rest_route=%2Fwp%2Fv2%2Fproduct_tag&post=3670"}],"curies":[{"name":"wp","href":"https:\/\/api.w.org\/{rel}","templated":true}]}}