{"id":3666,"date":"2025-09-17T15:54:45","date_gmt":"2025-09-17T13:54:45","guid":{"rendered":"https:\/\/rrunning.tribalt.agency\/?post_type=product&#038;p=3666"},"modified":"2025-09-17T15:59:50","modified_gmt":"2025-09-17T13:59:50","slug":"lampe-frontale-hekla-3","status":"publish","type":"product","link":"https:\/\/rrunning.tribalt.agency\/?product=lampe-frontale-hekla-3","title":{"rendered":"Lampe frontale HEKLA 3"},"content":{"rendered":"<h2>Le mod\u00e8le le plus compact et l\u00e9ger<\/h2>\n<p><strong>Notre HEKLA 3 est une lampe frontale haute performance vous offrant jusqu'\u00e0 850 lumens de puissance.<\/strong><\/p>\n<p><strong>Mod\u00e8le polyvalent par excellence, son format compact et sa l\u00e9g\u00e8ret\u00e9 procurent un tr\u00e8s grand confort pour vos sorties trekking, running,...<\/strong><\/p>\n<p><img decoding=\"async\" src=\"https:\/\/www.stootsconcept.fr\/img\/cms\/Description%20Courte%20Produit\/pochette-min.png\" alt=\"Composition pochette\" width=\"30\" height=\"30\" \/>\u00a0Livr\u00e9e avec une pochette de rangement, une batterie easyLock 18, un c\u00e2ble de recharge, un support en alu easyLock 18 et une sangle frontale.<\/p>\n","protected":false},"excerpt":{"rendered":"<p>Le mod\u00e8le le plus compact et l\u00e9ger Notre HEKLA 3 est une lampe frontale haute performance vous offrant jusqu'\u00e0 850 lumens de puissance. Mod\u00e8le polyvalent par excellence, son format compact et sa l\u00e9g\u00e8ret\u00e9 procurent un tr\u00e8s grand confort pour vos sorties trekking, running,... \u00a0Livr\u00e9e avec une pochette de rangement, une batterie easyLock 18, un c\u00e2ble [&hellip;]<\/p>\n","protected":false},"featured_media":3667,"template":"","meta":[],"pwb-brand":[161],"product_brand":[],"product_cat":[30],"product_tag":[],"class_list":{"0":"post-3666","1":"product","2":"type-product","3":"status-publish","4":"has-post-thumbnail","6":"pwb-brand-stoots","7":"product_cat-frontales","9":"first","10":"instock","11":"shipping-taxable","12":"purchasable","13":"product-type-simple"},"brands":[{"id":161,"name":"STOOTS","slug":"stoots"}],"_links":{"self":[{"href":"https:\/\/rrunning.tribalt.agency\/index.php?rest_route=\/wp\/v2\/product\/3666","targetHints":{"allow":["GET"]}}],"collection":[{"href":"https:\/\/rrunning.tribalt.agency\/index.php?rest_route=\/wp\/v2\/product"}],"about":[{"href":"https:\/\/rrunning.tribalt.agency\/index.php?rest_route=\/wp\/v2\/types\/product"}],"wp:featuredmedia":[{"embeddable":true,"href":"https:\/\/rrunning.tribalt.agency\/index.php?rest_route=\/wp\/v2\/media\/3667"}],"wp:attachment":[{"href":"https:\/\/rrunning.tribalt.agency\/index.php?rest_route=%2Fwp%2Fv2%2Fmedia&parent=3666"}],"wp:term":[{"taxonomy":"pwb-brand","embeddable":true,"href":"https:\/\/rrunning.tribalt.agency\/index.php?rest_route=%2Fwp%2Fv2%2Fpwb-brand&post=3666"},{"taxonomy":"product_brand","embeddable":true,"href":"https:\/\/rrunning.tribalt.agency\/index.php?rest_route=%2Fwp%2Fv2%2Fproduct_brand&post=3666"},{"taxonomy":"product_cat","embeddable":true,"href":"https:\/\/rrunning.tribalt.agency\/index.php?rest_route=%2Fwp%2Fv2%2Fproduct_cat&post=3666"},{"taxonomy":"product_tag","embeddable":true,"href":"https:\/\/rrunning.tribalt.agency\/index.php?rest_route=%2Fwp%2Fv2%2Fproduct_tag&post=3666"}],"curies":[{"name":"wp","href":"https:\/\/api.w.org\/{rel}","templated":true}]}}