{"id":3661,"date":"2025-09-17T15:53:41","date_gmt":"2025-09-17T13:53:41","guid":{"rendered":"https:\/\/rrunning.tribalt.agency\/?post_type=product&#038;p=3661"},"modified":"2025-09-17T15:54:29","modified_gmt":"2025-09-17T13:54:29","slug":"lampe-frontale-misti-3","status":"publish","type":"product","link":"https:\/\/rrunning.tribalt.agency\/?product=lampe-frontale-misti-3","title":{"rendered":"Lampe frontale MISTI 3"},"content":{"rendered":"<h2>La lampe de secours ultra-l\u00e9g\u00e8re easyLock 18<\/h2>\n<p><b>Notre MISTI 3 a \u00e9t\u00e9 d\u00e9velopp\u00e9e pour accompagner votre lampe principale easyLock 18 (HEKLA 3, KISKA 3, OPALO 3) dans vos sorties.<\/b><\/p>\n<p><b>Cette\u00a0lampe est\u00a0ultra-compacte mais d\u00e9livre un faisceau large et agr\u00e9able de 250 lumens max.<\/b><\/p>\n<p><b>Son mode rouge fixe et clignotant permet \u00e9galement de l'utiliser en lampe arri\u00e8re de v\u00e9lo.<\/b><\/p>\n<p><b>Ce mini bloc d'aluminium se visse sur votre batterie easyLock 18 comme un bouchon en rendant le tout parfaitement \u00e9tanche.<\/b><\/p>\n<p><img decoding=\"async\" src=\"https:\/\/www.stootsconcept.fr\/img\/cms\/Description%20Courte%20Produit\/pochette-min.png\" alt=\"Composition pochette\" width=\"30\" height=\"30\" \/> La lampe est vendue uniquement avec une notice et un porte-cl\u00e9s (pas de batterie, support, sangle ou chargeur)<\/p>\n","protected":false},"excerpt":{"rendered":"<p>La lampe de secours ultra-l\u00e9g\u00e8re easyLock 18 Notre MISTI 3 a \u00e9t\u00e9 d\u00e9velopp\u00e9e pour accompagner votre lampe principale easyLock 18 (HEKLA 3, KISKA 3, OPALO 3) dans vos sorties. Cette\u00a0lampe est\u00a0ultra-compacte mais d\u00e9livre un faisceau large et agr\u00e9able de 250 lumens max. Son mode rouge fixe et clignotant permet \u00e9galement de l'utiliser en lampe arri\u00e8re [&hellip;]<\/p>\n","protected":false},"featured_media":3662,"template":"","meta":[],"pwb-brand":[161],"product_brand":[],"product_cat":[30],"product_tag":[],"class_list":{"0":"post-3661","1":"product","2":"type-product","3":"status-publish","4":"has-post-thumbnail","6":"pwb-brand-stoots","7":"product_cat-frontales","9":"first","10":"instock","11":"shipping-taxable","12":"purchasable","13":"product-type-simple"},"brands":[{"id":161,"name":"STOOTS","slug":"stoots"}],"_links":{"self":[{"href":"https:\/\/rrunning.tribalt.agency\/index.php?rest_route=\/wp\/v2\/product\/3661","targetHints":{"allow":["GET"]}}],"collection":[{"href":"https:\/\/rrunning.tribalt.agency\/index.php?rest_route=\/wp\/v2\/product"}],"about":[{"href":"https:\/\/rrunning.tribalt.agency\/index.php?rest_route=\/wp\/v2\/types\/product"}],"wp:featuredmedia":[{"embeddable":true,"href":"https:\/\/rrunning.tribalt.agency\/index.php?rest_route=\/wp\/v2\/media\/3662"}],"wp:attachment":[{"href":"https:\/\/rrunning.tribalt.agency\/index.php?rest_route=%2Fwp%2Fv2%2Fmedia&parent=3661"}],"wp:term":[{"taxonomy":"pwb-brand","embeddable":true,"href":"https:\/\/rrunning.tribalt.agency\/index.php?rest_route=%2Fwp%2Fv2%2Fpwb-brand&post=3661"},{"taxonomy":"product_brand","embeddable":true,"href":"https:\/\/rrunning.tribalt.agency\/index.php?rest_route=%2Fwp%2Fv2%2Fproduct_brand&post=3661"},{"taxonomy":"product_cat","embeddable":true,"href":"https:\/\/rrunning.tribalt.agency\/index.php?rest_route=%2Fwp%2Fv2%2Fproduct_cat&post=3661"},{"taxonomy":"product_tag","embeddable":true,"href":"https:\/\/rrunning.tribalt.agency\/index.php?rest_route=%2Fwp%2Fv2%2Fproduct_tag&post=3661"}],"curies":[{"name":"wp","href":"https:\/\/api.w.org\/{rel}","templated":true}]}}