{"id":3650,"date":"2025-09-16T18:24:48","date_gmt":"2025-09-16T16:24:48","guid":{"rendered":"https:\/\/rrunning.tribalt.agency\/?post_type=product&#038;p=3650"},"modified":"2025-09-16T18:26:09","modified_gmt":"2025-09-16T16:26:09","slug":"5-panel-light-cap-aurora","status":"publish","type":"product","link":"https:\/\/rrunning.tribalt.agency\/?product=5-panel-light-cap-aurora","title":{"rendered":"5 Panel Light Cap Aurora"},"content":{"rendered":"<dl class=\"attributes m-0\">\n<dt class=\"attr-title\">\n<div class=\"c-product-description__description\" data-v-e5ef54cc=\"\">\n<p>Pour les sorties ensoleill\u00e9es, optez pour la casquette\u00a0<strong>5 Panel Light Cap<\/strong>\u00a0Aurora Black\/Aurora\u00a0de la marque\u00a0<strong>Compressport<\/strong>.<\/p>\n<p>Sa\u00a0<strong>visi\u00e8re courb\u00e9e<\/strong>\u00a0vous prot\u00e8ge du soleil. Dot\u00e9e d'un\u00a0<strong>syst\u00e8me de r\u00e9glage<\/strong>\u00a0sur l'arri\u00e8re, cette casquette s'adaptera facilement \u00e0 votre t\u00eate. Tr\u00e8s\u00a0<strong>l\u00e9g\u00e8re<\/strong>, elle se fera vite oublier et ses propri\u00e9t\u00e9s thermor\u00e9gulatrices vous aident \u00e0 rester au sec et au frais. Facilement pliable, elle se range rapidement dans une poche ou dans un sac lorsque le temps s'assombrit.<\/p>\n<\/div>\n<\/dt>\n<\/dl>\n","protected":false},"excerpt":{"rendered":"<p>Pour les sorties ensoleill\u00e9es, optez pour la casquette\u00a05 Panel Light Cap\u00a0Aurora Black\/Aurora\u00a0de la marque\u00a0Compressport. Sa\u00a0visi\u00e8re courb\u00e9e\u00a0vous prot\u00e8ge du soleil. Dot\u00e9e d'un\u00a0syst\u00e8me de r\u00e9glage\u00a0sur l'arri\u00e8re, cette casquette s'adaptera facilement \u00e0 votre t\u00eate. Tr\u00e8s\u00a0l\u00e9g\u00e8re, elle se fera vite oublier et ses propri\u00e9t\u00e9s thermor\u00e9gulatrices vous aident \u00e0 rester au sec et au frais. Facilement pliable, elle se range [&hellip;]<\/p>\n","protected":false},"featured_media":3651,"template":"","meta":[],"pwb-brand":[97],"product_brand":[],"product_cat":[26],"product_tag":[],"class_list":{"0":"post-3650","1":"product","2":"type-product","3":"status-publish","4":"has-post-thumbnail","6":"pwb-brand-compressport","7":"product_cat-casquettes-visieres","9":"first","10":"instock","11":"shipping-taxable","12":"purchasable","13":"product-type-simple"},"brands":[{"id":97,"name":"COMPRESSPORT","slug":"compressport"}],"_links":{"self":[{"href":"https:\/\/rrunning.tribalt.agency\/index.php?rest_route=\/wp\/v2\/product\/3650","targetHints":{"allow":["GET"]}}],"collection":[{"href":"https:\/\/rrunning.tribalt.agency\/index.php?rest_route=\/wp\/v2\/product"}],"about":[{"href":"https:\/\/rrunning.tribalt.agency\/index.php?rest_route=\/wp\/v2\/types\/product"}],"wp:featuredmedia":[{"embeddable":true,"href":"https:\/\/rrunning.tribalt.agency\/index.php?rest_route=\/wp\/v2\/media\/3651"}],"wp:attachment":[{"href":"https:\/\/rrunning.tribalt.agency\/index.php?rest_route=%2Fwp%2Fv2%2Fmedia&parent=3650"}],"wp:term":[{"taxonomy":"pwb-brand","embeddable":true,"href":"https:\/\/rrunning.tribalt.agency\/index.php?rest_route=%2Fwp%2Fv2%2Fpwb-brand&post=3650"},{"taxonomy":"product_brand","embeddable":true,"href":"https:\/\/rrunning.tribalt.agency\/index.php?rest_route=%2Fwp%2Fv2%2Fproduct_brand&post=3650"},{"taxonomy":"product_cat","embeddable":true,"href":"https:\/\/rrunning.tribalt.agency\/index.php?rest_route=%2Fwp%2Fv2%2Fproduct_cat&post=3650"},{"taxonomy":"product_tag","embeddable":true,"href":"https:\/\/rrunning.tribalt.agency\/index.php?rest_route=%2Fwp%2Fv2%2Fproduct_tag&post=3650"}],"curies":[{"name":"wp","href":"https:\/\/api.w.org\/{rel}","templated":true}]}}