{"id":3648,"date":"2025-09-16T18:23:50","date_gmt":"2025-09-16T16:23:50","guid":{"rendered":"https:\/\/rrunning.tribalt.agency\/?post_type=product&#038;p=3648"},"modified":"2025-09-16T18:24:07","modified_gmt":"2025-09-16T16:24:07","slug":"womens-performance-short-aurora","status":"publish","type":"product","link":"https:\/\/rrunning.tribalt.agency\/?product=womens-performance-short-aurora","title":{"rendered":"Women's Performance Short Aurora"},"content":{"rendered":"<dl class=\"attributes m-0\">\n<dt class=\"attr-title\">Domaine d'utilisation:\u00a0course sur route, trail running, exercice physique<\/dt>\n<dt class=\"attr-title\">Mat\u00e9riau principal:\u00a093% polyamide, 7% \u00e9lasthanne<\/dt>\n<dt class=\"attr-title\">Short int\u00e9rieur:\u00a070% polyamide, 30% \u00e9lasthanne<\/dt>\n<dt class=\"attr-title\">Type de mat\u00e9riau:\u00a0fibres synth\u00e9tiques<\/dt>\n<dt class=\"attr-title\">Propri\u00e9t\u00e9s du mat\u00e9riau:\u00a0respirant, s\u00e8che rapidement, stretch<\/dt>\n<dt class=\"attr-title\">Fermeture:\u00a0cordon de serrage<\/dt>\n<dt class=\"attr-title\">Poches:\u00a01 poche arri\u00e8re zipp\u00e9e<\/dt>\n<dt class=\"attr-title\">Poids:\u00a095 g<\/dt>\n<dt class=\"attr-title\">Taille de r\u00e9f\u00e9rence:\u00a0en taille moyenne<\/dt>\n<dt class=\"attr-title\">Coupe:\u00a0normale<\/dt>\n<dt class=\"attr-title\">Caract\u00e9ristiques:\u00a0taille \u00e9lastique, avec slip int\u00e9rieur, d\u00e9tails r\u00e9fl\u00e9chissants<\/dt>\n<\/dl>\n","protected":false},"excerpt":{"rendered":"<p>Domaine d'utilisation:\u00a0course sur route, trail running, exercice physique Mat\u00e9riau principal:\u00a093% polyamide, 7% \u00e9lasthanne Short int\u00e9rieur:\u00a070% polyamide, 30% \u00e9lasthanne Type de mat\u00e9riau:\u00a0fibres synth\u00e9tiques Propri\u00e9t\u00e9s du mat\u00e9riau:\u00a0respirant, s\u00e8che rapidement, stretch Fermeture:\u00a0cordon de serrage Poches:\u00a01 poche arri\u00e8re zipp\u00e9e Poids:\u00a095 g Taille de r\u00e9f\u00e9rence:\u00a0en taille moyenne Coupe:\u00a0normale Caract\u00e9ristiques:\u00a0taille \u00e9lastique, avec slip int\u00e9rieur, d\u00e9tails r\u00e9fl\u00e9chissants<\/p>\n","protected":false},"featured_media":3649,"template":"","meta":[],"pwb-brand":[97],"product_brand":[],"product_cat":[49],"product_tag":[],"class_list":{"0":"post-3648","1":"product","2":"type-product","3":"status-publish","4":"has-post-thumbnail","6":"pwb-brand-compressport","7":"product_cat-bas","9":"first","10":"instock","11":"shipping-taxable","12":"purchasable","13":"product-type-simple"},"brands":[{"id":97,"name":"COMPRESSPORT","slug":"compressport"}],"_links":{"self":[{"href":"https:\/\/rrunning.tribalt.agency\/index.php?rest_route=\/wp\/v2\/product\/3648","targetHints":{"allow":["GET"]}}],"collection":[{"href":"https:\/\/rrunning.tribalt.agency\/index.php?rest_route=\/wp\/v2\/product"}],"about":[{"href":"https:\/\/rrunning.tribalt.agency\/index.php?rest_route=\/wp\/v2\/types\/product"}],"wp:featuredmedia":[{"embeddable":true,"href":"https:\/\/rrunning.tribalt.agency\/index.php?rest_route=\/wp\/v2\/media\/3649"}],"wp:attachment":[{"href":"https:\/\/rrunning.tribalt.agency\/index.php?rest_route=%2Fwp%2Fv2%2Fmedia&parent=3648"}],"wp:term":[{"taxonomy":"pwb-brand","embeddable":true,"href":"https:\/\/rrunning.tribalt.agency\/index.php?rest_route=%2Fwp%2Fv2%2Fpwb-brand&post=3648"},{"taxonomy":"product_brand","embeddable":true,"href":"https:\/\/rrunning.tribalt.agency\/index.php?rest_route=%2Fwp%2Fv2%2Fproduct_brand&post=3648"},{"taxonomy":"product_cat","embeddable":true,"href":"https:\/\/rrunning.tribalt.agency\/index.php?rest_route=%2Fwp%2Fv2%2Fproduct_cat&post=3648"},{"taxonomy":"product_tag","embeddable":true,"href":"https:\/\/rrunning.tribalt.agency\/index.php?rest_route=%2Fwp%2Fv2%2Fproduct_tag&post=3648"}],"curies":[{"name":"wp","href":"https:\/\/api.w.org\/{rel}","templated":true}]}}