{"id":3645,"date":"2025-09-16T18:18:26","date_gmt":"2025-09-16T16:18:26","guid":{"rendered":"https:\/\/rrunning.tribalt.agency\/?post_type=product&#038;p=3645"},"modified":"2025-09-16T18:21:51","modified_gmt":"2025-09-16T16:21:51","slug":"hurricane-windproof-jacket-m-aurora-black-aurora","status":"publish","type":"product","link":"https:\/\/rrunning.tribalt.agency\/?product=hurricane-windproof-jacket-m-aurora-black-aurora","title":{"rendered":"Hurricane Windproof Jacket M Aurora Black\/Aurora"},"content":{"rendered":"<p>La\u00a0<strong>Hurricane Windproof Jacket<\/strong>\u00a0Aurora Black\/Aurora\u00a0pour homme de la marque\u00a0<strong>Compressport<\/strong>\u00a0est une veste \u00e0 porter en toutes saisons lors de vos sorties trail\/running.<\/p>\n<p>D\u00e9velopp\u00e9e sp\u00e9cifiquement pour apporter une protection exceptionnelle contre le vent, cette veste\u00a0<strong>ultra-l\u00e9g\u00e8re<\/strong>\u00a0int\u00e8gre sur le devant un tissu tafta qui offre une protection ultime contre les vents forts pour vous garder au chaud. Le tissu du dos et des manches est dot\u00e9 de la technologie\u00a0On\/Off\u00a0: des alv\u00e9oles intelligentes s'ouvrent pour une\u00a0<strong>respirabilit\u00e9<\/strong>\u00a0optimale afin de garder de vous garder au sec.<\/p>\n<p>La coupe est parfaitement ajust\u00e9e pour \u00e9viter tout battement g\u00eanant. Gr\u00e2ce \u00e0 son effet stretch\u00a04-Way, cette veste vous conf\u00e8re une totale\u00a0<strong>libert\u00e9 de mouvement<\/strong>. Une poche sur la poitrine vous permet de garder l'essentiel \u00e0 port\u00e9e de main.\u00a0<strong>Compressible<\/strong>, cette veste se replie dans cette m\u00eame poche. Enfin, les d\u00e9tails r\u00e9fl\u00e9chissants sont indispensables pour rester visible et en s\u00e9curit\u00e9 lorsque la luminosit\u00e9 est faible.<\/p>\n","protected":false},"excerpt":{"rendered":"<p>La\u00a0Hurricane Windproof Jacket\u00a0Aurora Black\/Aurora\u00a0pour homme de la marque\u00a0Compressport\u00a0est une veste \u00e0 porter en toutes saisons lors de vos sorties trail\/running. D\u00e9velopp\u00e9e sp\u00e9cifiquement pour apporter une protection exceptionnelle contre le vent, cette veste\u00a0ultra-l\u00e9g\u00e8re\u00a0int\u00e8gre sur le devant un tissu tafta qui offre une protection ultime contre les vents forts pour vous garder au chaud. Le tissu du [&hellip;]<\/p>\n","protected":false},"featured_media":3646,"template":"","meta":[],"pwb-brand":[97],"product_brand":[],"product_cat":[50],"product_tag":[],"class_list":{"0":"post-3645","1":"product","2":"type-product","3":"status-publish","4":"has-post-thumbnail","6":"pwb-brand-compressport","7":"product_cat-vestes","9":"first","10":"instock","11":"shipping-taxable","12":"purchasable","13":"product-type-simple"},"brands":[{"id":97,"name":"COMPRESSPORT","slug":"compressport"}],"_links":{"self":[{"href":"https:\/\/rrunning.tribalt.agency\/index.php?rest_route=\/wp\/v2\/product\/3645","targetHints":{"allow":["GET"]}}],"collection":[{"href":"https:\/\/rrunning.tribalt.agency\/index.php?rest_route=\/wp\/v2\/product"}],"about":[{"href":"https:\/\/rrunning.tribalt.agency\/index.php?rest_route=\/wp\/v2\/types\/product"}],"wp:featuredmedia":[{"embeddable":true,"href":"https:\/\/rrunning.tribalt.agency\/index.php?rest_route=\/wp\/v2\/media\/3646"}],"wp:attachment":[{"href":"https:\/\/rrunning.tribalt.agency\/index.php?rest_route=%2Fwp%2Fv2%2Fmedia&parent=3645"}],"wp:term":[{"taxonomy":"pwb-brand","embeddable":true,"href":"https:\/\/rrunning.tribalt.agency\/index.php?rest_route=%2Fwp%2Fv2%2Fpwb-brand&post=3645"},{"taxonomy":"product_brand","embeddable":true,"href":"https:\/\/rrunning.tribalt.agency\/index.php?rest_route=%2Fwp%2Fv2%2Fproduct_brand&post=3645"},{"taxonomy":"product_cat","embeddable":true,"href":"https:\/\/rrunning.tribalt.agency\/index.php?rest_route=%2Fwp%2Fv2%2Fproduct_cat&post=3645"},{"taxonomy":"product_tag","embeddable":true,"href":"https:\/\/rrunning.tribalt.agency\/index.php?rest_route=%2Fwp%2Fv2%2Fproduct_tag&post=3645"}],"curies":[{"name":"wp","href":"https:\/\/api.w.org\/{rel}","templated":true}]}}