{"id":3643,"date":"2025-09-16T18:07:36","date_gmt":"2025-09-16T16:07:36","guid":{"rendered":"https:\/\/rrunning.tribalt.agency\/?post_type=product&#038;p=3643"},"modified":"2025-09-16T18:09:04","modified_gmt":"2025-09-16T16:09:04","slug":"ultralight-compression-socks-mid-cut-homme","status":"publish","type":"product","link":"https:\/\/rrunning.tribalt.agency\/?product=ultralight-compression-socks-mid-cut-homme","title":{"rendered":"ULTRALIGHT COMPRESSION SOCKS - MID CUT HOMME"},"content":{"rendered":"<h2>Chaussettes de compression mi-hautes pour des performances \u00e9lev\u00e9es avec un poids r\u00e9duit<\/h2>\n<p>Les CEP Core Run Ultralight Mid Cut Compression Socks offrent les meilleures performances pour un poids minimal. Fabriqu\u00e9es en Allemagne \u00e0 l'aide d'un processus de tricotage circulaire, elles offrent des zones d'activation et de soutien contr\u00f4l\u00e9es avec pr\u00e9cision, avec des avantages tels qu'une meilleure stabilisation des articulations et des muscles et une coupe ajust\u00e9e qui prot\u00e8ge contre les frottements et les ampoules pendant la course. Les zones en mesh, les canaux de circulation d'air profil\u00e9s et le tissu d'\u00e9vacuation de l'humidit\u00e9 permettent d'optimiser la r\u00e9gulation de la chaleur et de l'humidit\u00e9, tandis que les zones anatomiques d'absorption des chocs et le rembourrage antid\u00e9rapant en 3D assurent le confort et un meilleur contr\u00f4le.<\/p>\n","protected":false},"excerpt":{"rendered":"<p>Chaussettes de compression mi-hautes pour des performances \u00e9lev\u00e9es avec un poids r\u00e9duit Les CEP Core Run Ultralight Mid Cut Compression Socks offrent les meilleures performances pour un poids minimal. Fabriqu\u00e9es en Allemagne \u00e0 l'aide d'un processus de tricotage circulaire, elles offrent des zones d'activation et de soutien contr\u00f4l\u00e9es avec pr\u00e9cision, avec des avantages tels qu'une [&hellip;]<\/p>\n","protected":false},"featured_media":3644,"template":"","meta":[],"pwb-brand":[95],"product_brand":[],"product_cat":[28],"product_tag":[],"class_list":{"0":"post-3643","1":"product","2":"type-product","3":"status-publish","4":"has-post-thumbnail","6":"pwb-brand-cep","7":"product_cat-chaussettes","9":"first","10":"instock","11":"shipping-taxable","12":"purchasable","13":"product-type-simple"},"brands":[{"id":95,"name":"CEP","slug":"cep"}],"_links":{"self":[{"href":"https:\/\/rrunning.tribalt.agency\/index.php?rest_route=\/wp\/v2\/product\/3643","targetHints":{"allow":["GET"]}}],"collection":[{"href":"https:\/\/rrunning.tribalt.agency\/index.php?rest_route=\/wp\/v2\/product"}],"about":[{"href":"https:\/\/rrunning.tribalt.agency\/index.php?rest_route=\/wp\/v2\/types\/product"}],"wp:featuredmedia":[{"embeddable":true,"href":"https:\/\/rrunning.tribalt.agency\/index.php?rest_route=\/wp\/v2\/media\/3644"}],"wp:attachment":[{"href":"https:\/\/rrunning.tribalt.agency\/index.php?rest_route=%2Fwp%2Fv2%2Fmedia&parent=3643"}],"wp:term":[{"taxonomy":"pwb-brand","embeddable":true,"href":"https:\/\/rrunning.tribalt.agency\/index.php?rest_route=%2Fwp%2Fv2%2Fpwb-brand&post=3643"},{"taxonomy":"product_brand","embeddable":true,"href":"https:\/\/rrunning.tribalt.agency\/index.php?rest_route=%2Fwp%2Fv2%2Fproduct_brand&post=3643"},{"taxonomy":"product_cat","embeddable":true,"href":"https:\/\/rrunning.tribalt.agency\/index.php?rest_route=%2Fwp%2Fv2%2Fproduct_cat&post=3643"},{"taxonomy":"product_tag","embeddable":true,"href":"https:\/\/rrunning.tribalt.agency\/index.php?rest_route=%2Fwp%2Fv2%2Fproduct_tag&post=3643"}],"curies":[{"name":"wp","href":"https:\/\/api.w.org\/{rel}","templated":true}]}}