{"id":3639,"date":"2025-09-16T18:04:49","date_gmt":"2025-09-16T16:04:49","guid":{"rendered":"https:\/\/rrunning.tribalt.agency\/?post_type=product&#038;p=3639"},"modified":"2025-09-16T18:05:51","modified_gmt":"2025-09-16T16:05:51","slug":"the-run-socks-mid-cut-femme","status":"publish","type":"product","link":"https:\/\/rrunning.tribalt.agency\/?product=the-run-socks-mid-cut-femme","title":{"rendered":"THE RUN SOCKS - MID CUT FEMME"},"content":{"rendered":"<ul class=\"selling-points\">\n<li>Ces chaussettes de course mi-hautes stimulent vos articulations en profondeur, stabilisent vos appuis et diminuent les risques de blessures.<\/li>\n<li>Combin\u00e9e \u00e0 un m\u00e9lange innovant de fibres, la technologie \u00ab medi compression \u00bb assurant une tenue ajust\u00e9e sans plis permet d\u2019\u00e9viter les ampoules.<\/li>\n<li>Les zones rembourr\u00e9es au niveau du pied amortissent efficacement les chocs, cr\u00e9ent un microclimat agr\u00e9able au niveau du pied et prot\u00e8gent ainsi vos articulations.<\/li>\n<\/ul>\n","protected":false},"excerpt":{"rendered":"<p>Ces chaussettes de course mi-hautes stimulent vos articulations en profondeur, stabilisent vos appuis et diminuent les risques de blessures. Combin\u00e9e \u00e0 un m\u00e9lange innovant de fibres, la technologie \u00ab medi compression \u00bb assurant une tenue ajust\u00e9e sans plis permet d\u2019\u00e9viter les ampoules. Les zones rembourr\u00e9es au niveau du pied amortissent efficacement les chocs, cr\u00e9ent un [&hellip;]<\/p>\n","protected":false},"featured_media":3640,"template":"","meta":[],"pwb-brand":[95],"product_brand":[],"product_cat":[28],"product_tag":[],"class_list":{"0":"post-3639","1":"product","2":"type-product","3":"status-publish","4":"has-post-thumbnail","6":"pwb-brand-cep","7":"product_cat-chaussettes","9":"first","10":"instock","11":"shipping-taxable","12":"purchasable","13":"product-type-simple"},"brands":[{"id":95,"name":"CEP","slug":"cep"}],"_links":{"self":[{"href":"https:\/\/rrunning.tribalt.agency\/index.php?rest_route=\/wp\/v2\/product\/3639","targetHints":{"allow":["GET"]}}],"collection":[{"href":"https:\/\/rrunning.tribalt.agency\/index.php?rest_route=\/wp\/v2\/product"}],"about":[{"href":"https:\/\/rrunning.tribalt.agency\/index.php?rest_route=\/wp\/v2\/types\/product"}],"wp:featuredmedia":[{"embeddable":true,"href":"https:\/\/rrunning.tribalt.agency\/index.php?rest_route=\/wp\/v2\/media\/3640"}],"wp:attachment":[{"href":"https:\/\/rrunning.tribalt.agency\/index.php?rest_route=%2Fwp%2Fv2%2Fmedia&parent=3639"}],"wp:term":[{"taxonomy":"pwb-brand","embeddable":true,"href":"https:\/\/rrunning.tribalt.agency\/index.php?rest_route=%2Fwp%2Fv2%2Fpwb-brand&post=3639"},{"taxonomy":"product_brand","embeddable":true,"href":"https:\/\/rrunning.tribalt.agency\/index.php?rest_route=%2Fwp%2Fv2%2Fproduct_brand&post=3639"},{"taxonomy":"product_cat","embeddable":true,"href":"https:\/\/rrunning.tribalt.agency\/index.php?rest_route=%2Fwp%2Fv2%2Fproduct_cat&post=3639"},{"taxonomy":"product_tag","embeddable":true,"href":"https:\/\/rrunning.tribalt.agency\/index.php?rest_route=%2Fwp%2Fv2%2Fproduct_tag&post=3639"}],"curies":[{"name":"wp","href":"https:\/\/api.w.org\/{rel}","templated":true}]}}