{"id":3633,"date":"2025-09-16T17:59:40","date_gmt":"2025-09-16T15:59:40","guid":{"rendered":"https:\/\/rrunning.tribalt.agency\/?post_type=product&#038;p=3633"},"modified":"2025-09-16T18:02:29","modified_gmt":"2025-09-16T16:02:29","slug":"run-socks-low-cut-copie","status":"publish","type":"product","link":"https:\/\/rrunning.tribalt.agency\/?product=run-socks-low-cut-copie","title":{"rendered":"RUN SOCKS LOW CUT HOMME"},"content":{"rendered":"<ul class=\"selling-points\">\n<li>Plus de confort : le m\u00e9lange de fibres \u00e9prouv\u00e9 et la forme anatomique assurent un ajustement sans plis qui r\u00e9duit la formation d\u2019ampoules.<\/li>\n<li>Gr\u00e2ce \u00e0 la medi compression, les chaussettes de course ne bougent pas et ne glissent pas.<\/li>\n<li>Le profil de pression stimulant renforce la stabilit\u00e9 et r\u00e9duit le risque de blessure au niveau de la cheville.<\/li>\n<\/ul>\n","protected":false},"excerpt":{"rendered":"<p>Plus de confort : le m\u00e9lange de fibres \u00e9prouv\u00e9 et la forme anatomique assurent un ajustement sans plis qui r\u00e9duit la formation d\u2019ampoules. Gr\u00e2ce \u00e0 la medi compression, les chaussettes de course ne bougent pas et ne glissent pas. Le profil de pression stimulant renforce la stabilit\u00e9 et r\u00e9duit le risque de blessure au niveau [&hellip;]<\/p>\n","protected":false},"featured_media":3634,"template":"","meta":[],"pwb-brand":[95],"product_brand":[],"product_cat":[28],"product_tag":[],"class_list":{"0":"post-3633","1":"product","2":"type-product","3":"status-publish","4":"has-post-thumbnail","6":"pwb-brand-cep","7":"product_cat-chaussettes","9":"first","10":"instock","11":"shipping-taxable","12":"purchasable","13":"product-type-simple"},"brands":[{"id":95,"name":"CEP","slug":"cep"}],"_links":{"self":[{"href":"https:\/\/rrunning.tribalt.agency\/index.php?rest_route=\/wp\/v2\/product\/3633","targetHints":{"allow":["GET"]}}],"collection":[{"href":"https:\/\/rrunning.tribalt.agency\/index.php?rest_route=\/wp\/v2\/product"}],"about":[{"href":"https:\/\/rrunning.tribalt.agency\/index.php?rest_route=\/wp\/v2\/types\/product"}],"wp:featuredmedia":[{"embeddable":true,"href":"https:\/\/rrunning.tribalt.agency\/index.php?rest_route=\/wp\/v2\/media\/3634"}],"wp:attachment":[{"href":"https:\/\/rrunning.tribalt.agency\/index.php?rest_route=%2Fwp%2Fv2%2Fmedia&parent=3633"}],"wp:term":[{"taxonomy":"pwb-brand","embeddable":true,"href":"https:\/\/rrunning.tribalt.agency\/index.php?rest_route=%2Fwp%2Fv2%2Fpwb-brand&post=3633"},{"taxonomy":"product_brand","embeddable":true,"href":"https:\/\/rrunning.tribalt.agency\/index.php?rest_route=%2Fwp%2Fv2%2Fproduct_brand&post=3633"},{"taxonomy":"product_cat","embeddable":true,"href":"https:\/\/rrunning.tribalt.agency\/index.php?rest_route=%2Fwp%2Fv2%2Fproduct_cat&post=3633"},{"taxonomy":"product_tag","embeddable":true,"href":"https:\/\/rrunning.tribalt.agency\/index.php?rest_route=%2Fwp%2Fv2%2Fproduct_tag&post=3633"}],"curies":[{"name":"wp","href":"https:\/\/api.w.org\/{rel}","templated":true}]}}