{"id":3625,"date":"2025-09-07T10:10:28","date_gmt":"2025-09-07T08:10:28","guid":{"rendered":"https:\/\/rrunning.tribalt.agency\/?post_type=product&#038;p=3625"},"modified":"2025-09-16T19:25:00","modified_gmt":"2025-09-16T17:25:00","slug":"x-plore-cans-holder","status":"publish","type":"product","link":"https:\/\/rrunning.tribalt.agency\/?product=x-plore-cans-holder","title":{"rendered":"X-PLORE CANS HOLDER"},"content":{"rendered":"<p>La ceinture X-PLORE cans holder double est con\u00e7ue pour offrir confort et praticit\u00e9 aux sportifs. Avec son syst\u00e8me brevet\u00e9 de double porte-bidon 600ml et ses multiples poches r\u00e9sistantes \u00e0 l\u2019eau, elle est id\u00e9ale pour les activit\u00e9s ext\u00e9rieures o\u00f9 l\u2019hydratation et l\u2019organisation sont essentielles.<\/p>\n<h4><strong>Caract\u00e9ristiques principales de l\u2019X-PLORE cans holder :<\/strong><\/h4>\n<ul>\n<li><strong>Double porte-bidon 600ml brevet\u00e9<\/strong>\u00a0: Syst\u00e8me innovant pour transporter vos gourdes en toute s\u00e9curit\u00e9 et avec un acc\u00e8s rapide.<\/li>\n<li><strong>Poche centrale zipp\u00e9e r\u00e9sistante \u00e0 l\u2019eau<\/strong>\u00a0: Pour garder vos effets personnels \u00e0 l\u2019abri de l\u2019humidit\u00e9.<\/li>\n<li><strong>Poche centrale extensible<\/strong>\u00a0: Pratique pour ranger des objets suppl\u00e9mentaires, offrant plus de flexibilit\u00e9 de rangement.<\/li>\n<li><strong>Double sangle de r\u00e9glage<\/strong>\u00a0: Permet un ajustement parfait de la ceinture pour un maintien optimal.<\/li>\n<li><strong>\u00c9l\u00e9ments r\u00e9fl\u00e9chissants<\/strong>\u00a0: Pour une meilleure visibilit\u00e9 en conditions de faible luminosit\u00e9.<\/li>\n<\/ul>\n<h4><strong>Mat\u00e9riaux et conception :<\/strong><\/h4>\n<ul>\n<li><strong>Tissu mesh 3D recycl\u00e9<\/strong>\u00a0: Respirant, non abrasif et respectueux de l\u2019environnement pour un confort accru.<\/li>\n<li><strong>Tissu Ripstop renforc\u00e9<\/strong>\u00a0: R\u00e9sistant \u00e0 l\u2019eau (3000mm) et \u00e0 l\u2019abrasion, pour une durabilit\u00e9 maximale et une protection contre les intemp\u00e9ries.<\/li>\n<\/ul>\n<p>&nbsp;<\/p>\n<p><strong>Taille unique,\u00a0<\/strong>la ceinture est dot\u00e9e d\u2019une double sangle de r\u00e9glage.<\/p>\n<p><strong>Couleur disponible :\u00a0<\/strong>Gris clair et noir<\/p>\n","protected":false},"excerpt":{"rendered":"<p>La ceinture X-PLORE cans holder double est con\u00e7ue pour offrir confort et praticit\u00e9 aux sportifs. Avec son syst\u00e8me brevet\u00e9 de double porte-bidon 600ml et ses multiples poches r\u00e9sistantes \u00e0 l\u2019eau, elle est id\u00e9ale pour les activit\u00e9s ext\u00e9rieures o\u00f9 l\u2019hydratation et l\u2019organisation sont essentielles. Caract\u00e9ristiques principales de l\u2019X-PLORE cans holder : Double porte-bidon 600ml brevet\u00e9\u00a0: Syst\u00e8me [&hellip;]<\/p>\n","protected":false},"featured_media":3626,"template":"","meta":[],"pwb-brand":[153],"product_brand":[],"product_cat":[34],"product_tag":[],"class_list":{"0":"post-3625","1":"product","2":"type-product","3":"status-publish","4":"has-post-thumbnail","6":"pwb-brand-oxsitis","7":"product_cat-sac-dhydratation-poche-a-eau","9":"first","10":"instock","11":"shipping-taxable","12":"purchasable","13":"product-type-simple"},"brands":[{"id":153,"name":"OXSITIS","slug":"oxsitis"}],"_links":{"self":[{"href":"https:\/\/rrunning.tribalt.agency\/index.php?rest_route=\/wp\/v2\/product\/3625","targetHints":{"allow":["GET"]}}],"collection":[{"href":"https:\/\/rrunning.tribalt.agency\/index.php?rest_route=\/wp\/v2\/product"}],"about":[{"href":"https:\/\/rrunning.tribalt.agency\/index.php?rest_route=\/wp\/v2\/types\/product"}],"wp:featuredmedia":[{"embeddable":true,"href":"https:\/\/rrunning.tribalt.agency\/index.php?rest_route=\/wp\/v2\/media\/3626"}],"wp:attachment":[{"href":"https:\/\/rrunning.tribalt.agency\/index.php?rest_route=%2Fwp%2Fv2%2Fmedia&parent=3625"}],"wp:term":[{"taxonomy":"pwb-brand","embeddable":true,"href":"https:\/\/rrunning.tribalt.agency\/index.php?rest_route=%2Fwp%2Fv2%2Fpwb-brand&post=3625"},{"taxonomy":"product_brand","embeddable":true,"href":"https:\/\/rrunning.tribalt.agency\/index.php?rest_route=%2Fwp%2Fv2%2Fproduct_brand&post=3625"},{"taxonomy":"product_cat","embeddable":true,"href":"https:\/\/rrunning.tribalt.agency\/index.php?rest_route=%2Fwp%2Fv2%2Fproduct_cat&post=3625"},{"taxonomy":"product_tag","embeddable":true,"href":"https:\/\/rrunning.tribalt.agency\/index.php?rest_route=%2Fwp%2Fv2%2Fproduct_tag&post=3625"}],"curies":[{"name":"wp","href":"https:\/\/api.w.org\/{rel}","templated":true}]}}