{"id":3620,"date":"2025-09-07T10:01:03","date_gmt":"2025-09-07T08:01:03","guid":{"rendered":"https:\/\/rrunning.tribalt.agency\/?post_type=product&#038;p=3620"},"modified":"2025-09-16T19:25:22","modified_gmt":"2025-09-16T17:25:22","slug":"spectre-10-black","status":"publish","type":"product","link":"https:\/\/rrunning.tribalt.agency\/?product=spectre-10-black","title":{"rendered":"SPECTRE 10 BLACK"},"content":{"rendered":"<p>Le\u00a0<strong>sac d\u2019hydratation Spectre 10<\/strong>\u00a0est l\u2019alli\u00e9 id\u00e9al pour vos\u00a0<strong>trails longue distance<\/strong>. Con\u00e7u pour allier\u00a0<strong>performance<\/strong>,\u00a0<strong>confort<\/strong>\u00a0et\u00a0<strong>polyvalence<\/strong>? Il vous accompagne dans toutes vos aventures en\u00a0<strong>outdoor<\/strong>.<\/p>\n<h4>Caract\u00e9ristiques :<\/h4>\n<ul>\n<li><strong>Technologies<\/strong>\u00a0:\n<ul>\n<li><strong>Mesh 3D \u00e0 structure ouverte<\/strong>\u00a0: favorise la circulation de l\u2019air et facilite la thermor\u00e9gulation, quelles que soient les conditions.<\/li>\n<li><strong>Tissu softshell (2K Schmerber)<\/strong>\u00a0: r\u00e9sistant \u00e0 l\u2019eau et d\u00e9perlant, pour garder vos affaires au sec.<\/li>\n<li><strong>Zip r\u00e9sistant \u00e0 l\u2019eau<\/strong>\u00a0: Assure la s\u00e9curit\u00e9 de vos effets personnels.<\/li>\n<\/ul>\n<\/li>\n<li><strong>Capacit\u00e9 de rangement<\/strong>\u00a0:\n<ul>\n<li><strong>Compartiments multiples<\/strong>\u00a0: emportez tout le mat\u00e9riel indispensable pour vos sorties trail.<\/li>\n<li><strong>Poche carquois extensible<\/strong>\u00a0: favorise la stabilit\u00e9 du sac et permet le portage de b\u00e2tons 3 brins, avec un acc\u00e8s facile \u00e0 votre \u00e9quipement.<\/li>\n<\/ul>\n<\/li>\n<li><strong>Syst\u00e8me de r\u00e9glage<\/strong>\u00a0:\n<ul>\n<li><strong>R\u00e9glage lat\u00e9ral avec velcro inject\u00e9<\/strong>\u00a0: non abrasif et de qualit\u00e9 m\u00e9dicale, il permet un ajustement pr\u00e8s du corps.<\/li>\n<li><strong>Acc\u00e8s pratique<\/strong>\u00a0: velcro d\u00e9tachable offrant un acc\u00e8s aux poches arri\u00e8re sans avoir \u00e0 enlever le gilet.<\/li>\n<\/ul>\n<\/li>\n<\/ul>\n<h4><strong>S\u00e9curit\u00e9 et confort :\u00a0<\/strong><\/h4>\n<ul>\n<li><strong>Compartiment arri\u00e8re zipp\u00e9<\/strong>\u00a0: R\u00e9sistant \u00e0 l\u2019eau avec plusieurs poches filet.<\/li>\n<li><strong>Poches zipp\u00e9es \u00e0 l\u2019avant<\/strong>\u00a0: r\u00e9sistantes \u00e0 l\u2019eau pour garder vos accessoires au sec.<\/li>\n<li><strong>Poches extensibles ajour\u00e9es<\/strong>\u00a0: situ\u00e9es \u00e0 l\u2019avant et \u00e0 l\u2019arri\u00e8re pour un acc\u00e8s rapide \u00e0 votre mat\u00e9riel.<\/li>\n<li><strong>Syst\u00e8me de serrage ventral et pectoral<\/strong>\u00a0: pour une meilleure stabilit\u00e9 pendant vos courses.<\/li>\n<li><strong>El\u00e9ments r\u00e9fl\u00e9chissants<\/strong>\u00a0: assurent une meilleure visibilit\u00e9 lors de vos sorties nocturnes.<\/li>\n<\/ul>\n<p>Le Spectre 10 L est livr\u00e9 avec les deux\u00a0flasks 500 ml.<\/p>\n<p>Sur le m\u00eame mod\u00e8le retrouvez le\u00a0<strong>Spectre 10 L Women<\/strong>, con\u00e7u pour la morphologie f\u00e9minine.<\/p>\n","protected":false},"excerpt":{"rendered":"<p>Le\u00a0sac d\u2019hydratation Spectre 10\u00a0est l\u2019alli\u00e9 id\u00e9al pour vos\u00a0trails longue distance. Con\u00e7u pour allier\u00a0performance,\u00a0confort\u00a0et\u00a0polyvalence? Il vous accompagne dans toutes vos aventures en\u00a0outdoor. Caract\u00e9ristiques : Technologies\u00a0: Mesh 3D \u00e0 structure ouverte\u00a0: favorise la circulation de l\u2019air et facilite la thermor\u00e9gulation, quelles que soient les conditions. Tissu softshell (2K Schmerber)\u00a0: r\u00e9sistant \u00e0 l\u2019eau et d\u00e9perlant, pour garder vos [&hellip;]<\/p>\n","protected":false},"featured_media":3621,"template":"","meta":[],"pwb-brand":[153],"product_brand":[],"product_cat":[34],"product_tag":[],"class_list":{"0":"post-3620","1":"product","2":"type-product","3":"status-publish","4":"has-post-thumbnail","6":"pwb-brand-oxsitis","7":"product_cat-sac-dhydratation-poche-a-eau","9":"first","10":"instock","11":"shipping-taxable","12":"purchasable","13":"product-type-simple"},"brands":[{"id":153,"name":"OXSITIS","slug":"oxsitis"}],"_links":{"self":[{"href":"https:\/\/rrunning.tribalt.agency\/index.php?rest_route=\/wp\/v2\/product\/3620","targetHints":{"allow":["GET"]}}],"collection":[{"href":"https:\/\/rrunning.tribalt.agency\/index.php?rest_route=\/wp\/v2\/product"}],"about":[{"href":"https:\/\/rrunning.tribalt.agency\/index.php?rest_route=\/wp\/v2\/types\/product"}],"wp:featuredmedia":[{"embeddable":true,"href":"https:\/\/rrunning.tribalt.agency\/index.php?rest_route=\/wp\/v2\/media\/3621"}],"wp:attachment":[{"href":"https:\/\/rrunning.tribalt.agency\/index.php?rest_route=%2Fwp%2Fv2%2Fmedia&parent=3620"}],"wp:term":[{"taxonomy":"pwb-brand","embeddable":true,"href":"https:\/\/rrunning.tribalt.agency\/index.php?rest_route=%2Fwp%2Fv2%2Fpwb-brand&post=3620"},{"taxonomy":"product_brand","embeddable":true,"href":"https:\/\/rrunning.tribalt.agency\/index.php?rest_route=%2Fwp%2Fv2%2Fproduct_brand&post=3620"},{"taxonomy":"product_cat","embeddable":true,"href":"https:\/\/rrunning.tribalt.agency\/index.php?rest_route=%2Fwp%2Fv2%2Fproduct_cat&post=3620"},{"taxonomy":"product_tag","embeddable":true,"href":"https:\/\/rrunning.tribalt.agency\/index.php?rest_route=%2Fwp%2Fv2%2Fproduct_tag&post=3620"}],"curies":[{"name":"wp","href":"https:\/\/api.w.org\/{rel}","templated":true}]}}