{"id":3617,"date":"2025-09-07T09:53:19","date_gmt":"2025-09-07T07:53:19","guid":{"rendered":"https:\/\/rrunning.tribalt.agency\/?post_type=product&#038;p=3617"},"modified":"2025-09-07T10:00:00","modified_gmt":"2025-09-07T08:00:00","slug":"soft-flask-250-ml","status":"publish","type":"product","link":"https:\/\/rrunning.tribalt.agency\/?product=soft-flask-250-ml","title":{"rendered":"SOFT FLASK 250 ML"},"content":{"rendered":"<p class=\"\" data-start=\"120\" data-end=\"379\">La Soft Flask Oxsitis 250 ml est l\u2019accessoire indispensable pour tous vos sports outdoor, et plus particuli\u00e8rement pour le trail running. Con\u00e7ue pour \u00eatre pratique et l\u00e9g\u00e8re, elle est id\u00e9ale pour vous hydrater lors de vos sessions sportives.<\/p>\n<h4 data-start=\"381\" data-end=\"417\"><strong data-start=\"381\" data-end=\"415\">Caract\u00e9ristiques principales de la soft flask 250 ml :<\/strong><\/h4>\n<ul>\n<li data-start=\"420\" data-end=\"443\"><strong data-start=\"420\" data-end=\"432\">Capacit\u00e9<\/strong>\u00a0: 250 ml<\/li>\n<li data-start=\"420\" data-end=\"443\"><strong data-start=\"446\" data-end=\"458\">Mat\u00e9riau<\/strong>\u00a0: Sans PVC, sans Bisph\u00e9nol A (BPA), sans phtalates<\/li>\n<li data-start=\"514\" data-end=\"542\"><strong data-start=\"514\" data-end=\"525\">Couleur<\/strong>\u00a0: Transparente<\/li>\n<li data-start=\"545\" data-end=\"666\"><strong data-start=\"545\" data-end=\"573\">Design compact et souple<\/strong>\u00a0: Se plie enti\u00e8rement une fois vide pour un encombrement r\u00e9duit, facilement transportable.<\/li>\n<li data-start=\"669\" data-end=\"808\"><strong data-start=\"669\" data-end=\"712\">Bouchon ergonomique avec Valve Blaster\u2122<\/strong>\u00a0: Offre un haut d\u00e9bit de boisson pour une hydratation rapide et efficace, garanti anti-fuite.<\/li>\n<li data-start=\"811\" data-end=\"899\"><strong data-start=\"811\" data-end=\"827\">Format id\u00e9al<\/strong>\u00a0: Petit et l\u00e9ger, se glisse facilement dans vos poches ou porte-bidons.<\/li>\n<\/ul>\n<h4 data-start=\"901\" data-end=\"918\"><strong data-start=\"901\" data-end=\"916\">Avantages :<\/strong><\/h4>\n<ul>\n<li data-start=\"921\" data-end=\"1067\"><strong data-start=\"921\" data-end=\"938\">Gain de place<\/strong>\u00a0: Gr\u00e2ce \u00e0 son design flexible, elle se compacte lorsqu\u2019elle est vide, ce qui permet de l\u2019emporter partout sans prise de place.<\/li>\n<li data-start=\"1070\" data-end=\"1215\"><strong data-start=\"1070\" data-end=\"1096\">Pratique et hygi\u00e9nique<\/strong>\u00a0: La valve Blaster\u2122 garantit un flux rapide tout en emp\u00eachant toute fuite, pour une utilisation facile en mouvement.<\/li>\n<li data-start=\"1218\" data-end=\"1348\"><strong data-start=\"1218\" data-end=\"1247\">\u00c9cologique et sans danger<\/strong>\u00a0: Con\u00e7ue sans mat\u00e9riaux nocifs, cette flask est respectueuse de votre sant\u00e9 et de l\u2019environnement.<\/li>\n<li data-start=\"1351\" data-end=\"1496\"><strong data-start=\"1351\" data-end=\"1376\">Confort d\u2019utilisation<\/strong>\u00a0: Son format compact et son bouchon ergonomique assurent une prise en main agr\u00e9able, m\u00eame pendant les efforts intenses.<\/li>\n<\/ul>\n<h4><strong data-start=\"1498\" data-end=\"1515\">Id\u00e9ale pour :<\/strong><\/h4>\n<ul>\n<li data-start=\"1520\" data-end=\"1535\">Trail running<\/li>\n<li data-start=\"1538\" data-end=\"1549\">Randonn\u00e9e<\/li>\n<li data-start=\"1552\" data-end=\"1579\">Sports outdoor en g\u00e9n\u00e9ral<\/li>\n<li data-start=\"1582\" data-end=\"1604\">S\u00e9ances d\u2019entra\u00eenement<\/li>\n<\/ul>\n<p><strong data-start=\"1606\" data-end=\"1650\">Hydratez-vous facilement et efficacement<\/strong>\u00a0avec la Soft Flask Oxsitis, l\u2019accessoire l\u00e9ger et pratique qui vous accompagne dans toutes vos aventures sportives !<\/p>\n","protected":false},"excerpt":{"rendered":"<p>La Soft Flask Oxsitis 250 ml est l\u2019accessoire indispensable pour tous vos sports outdoor, et plus particuli\u00e8rement pour le trail running. Con\u00e7ue pour \u00eatre pratique et l\u00e9g\u00e8re, elle est id\u00e9ale pour vous hydrater lors de vos sessions sportives. Caract\u00e9ristiques principales de la soft flask 250 ml : Capacit\u00e9\u00a0: 250 ml Mat\u00e9riau\u00a0: Sans PVC, sans Bisph\u00e9nol [&hellip;]<\/p>\n","protected":false},"featured_media":3614,"template":"","meta":[],"pwb-brand":[153],"product_brand":[],"product_cat":[34],"product_tag":[],"class_list":{"0":"post-3617","1":"product","2":"type-product","3":"status-publish","4":"has-post-thumbnail","6":"pwb-brand-oxsitis","7":"product_cat-sac-dhydratation-poche-a-eau","9":"first","10":"instock","11":"shipping-taxable","12":"purchasable","13":"product-type-simple"},"brands":[{"id":153,"name":"OXSITIS","slug":"oxsitis"}],"_links":{"self":[{"href":"https:\/\/rrunning.tribalt.agency\/index.php?rest_route=\/wp\/v2\/product\/3617","targetHints":{"allow":["GET"]}}],"collection":[{"href":"https:\/\/rrunning.tribalt.agency\/index.php?rest_route=\/wp\/v2\/product"}],"about":[{"href":"https:\/\/rrunning.tribalt.agency\/index.php?rest_route=\/wp\/v2\/types\/product"}],"wp:featuredmedia":[{"embeddable":true,"href":"https:\/\/rrunning.tribalt.agency\/index.php?rest_route=\/wp\/v2\/media\/3614"}],"wp:attachment":[{"href":"https:\/\/rrunning.tribalt.agency\/index.php?rest_route=%2Fwp%2Fv2%2Fmedia&parent=3617"}],"wp:term":[{"taxonomy":"pwb-brand","embeddable":true,"href":"https:\/\/rrunning.tribalt.agency\/index.php?rest_route=%2Fwp%2Fv2%2Fpwb-brand&post=3617"},{"taxonomy":"product_brand","embeddable":true,"href":"https:\/\/rrunning.tribalt.agency\/index.php?rest_route=%2Fwp%2Fv2%2Fproduct_brand&post=3617"},{"taxonomy":"product_cat","embeddable":true,"href":"https:\/\/rrunning.tribalt.agency\/index.php?rest_route=%2Fwp%2Fv2%2Fproduct_cat&post=3617"},{"taxonomy":"product_tag","embeddable":true,"href":"https:\/\/rrunning.tribalt.agency\/index.php?rest_route=%2Fwp%2Fv2%2Fproduct_tag&post=3617"}],"curies":[{"name":"wp","href":"https:\/\/api.w.org\/{rel}","templated":true}]}}