{"id":3616,"date":"2025-09-07T09:48:37","date_gmt":"2025-09-07T07:48:37","guid":{"rendered":"https:\/\/rrunning.tribalt.agency\/?post_type=product&#038;p=3616"},"modified":"2025-09-16T19:25:43","modified_gmt":"2025-09-16T17:25:43","slug":"race-cup","status":"publish","type":"product","link":"https:\/\/rrunning.tribalt.agency\/?product=race-cup","title":{"rendered":"RACE CUP"},"content":{"rendered":"<p class=\"\" data-start=\"158\" data-end=\"612\">La\u00a0<strong data-start=\"179\" data-end=\"191\">Race Cup<\/strong>\u00a0est un gobelet innovant. Con\u00e7u sp\u00e9cialement pour les ravitaillements en course. Sa\u00a0<strong data-start=\"275\" data-end=\"302\">forme souple et pliable<\/strong>\u00a0permet de le ranger facilement dans une petite poche de votre \u00e9quipement, offrant une praticit\u00e9 maximale. Gr\u00e2ce \u00e0 ses\u00a0<strong data-start=\"421\" data-end=\"440\">deux languettes<\/strong>\u00a0situ\u00e9es sur la partie sup\u00e9rieure, ce gobelet est simple \u00e0 utiliser pendant la course. Il peut \u00e9galement \u00eatre facilement attach\u00e9 \u00e0 votre sac ou v\u00eatement pour le transporter.<\/p>\n<p class=\"\" data-start=\"614\" data-end=\"636\"><strong data-start=\"614\" data-end=\"636\">Caract\u00e9ristiques :<\/strong><\/p>\n<ul data-start=\"637\" data-end=\"1100\">\n<li class=\"\" data-start=\"637\" data-end=\"730\">\n<p class=\"\" data-start=\"639\" data-end=\"730\"><strong data-start=\"639\" data-end=\"653\">Capacit\u00e9 :<\/strong>\u00a0200 ml \/ 6,7 fl oz \u2013 un volume id\u00e9al pour boire pendant vos ravitaillements.<\/p>\n<\/li>\n<li class=\"\" data-start=\"731\" data-end=\"814\">\n<p class=\"\" data-start=\"733\" data-end=\"814\"><strong data-start=\"733\" data-end=\"746\">Mati\u00e8re :<\/strong>\u00a0R\u00e9utilisable, inodore, et sans impact sur le go\u00fbt de votre boisson.<\/p>\n<\/li>\n<li class=\"\" data-start=\"815\" data-end=\"938\">\n<p class=\"\" data-start=\"817\" data-end=\"938\"><strong data-start=\"817\" data-end=\"833\">\u00c9cologique :<\/strong>\u00a0100 % recyclable, sans PVC, sans phtalates, et sans Bisph\u00e9nol A, pour un impact environnemental minimal.<\/p>\n<\/li>\n<li class=\"\" data-start=\"939\" data-end=\"1015\">\n<p class=\"\" data-start=\"941\" data-end=\"1015\"><strong data-start=\"941\" data-end=\"964\">Souple et pliable :<\/strong>\u00a0Facile \u00e0 ranger dans une poche ou un petit espace.<\/p>\n<\/li>\n<li class=\"\" data-start=\"1016\" data-end=\"1100\">\n<p class=\"\" data-start=\"1018\" data-end=\"1100\"><strong data-start=\"1018\" data-end=\"1032\">Pratique :<\/strong>\u00a0Languettes pour une prise en main facile et un transport simplifi\u00e9.<\/p>\n<\/li>\n<\/ul>\n<p data-start=\"1102\" data-end=\"1418\"><strong data-start=\"1094\" data-end=\"1121\">Facilit\u00e9 de Transport :<\/strong>\u00a0Gr\u00e2ce \u00e0 sa conception souple et compacte, la\u00a0<strong data-start=\"1167\" data-end=\"1179\">Race Cup<\/strong>\u00a0se glisse facilement dans une poche de veste ou de pantalon, ou encore dans l\u2019un des compartiments de vos sacs ou ceintures. Tr\u00e8s l\u00e9g\u00e8re et prenant peu de place, elle est l\u2019accessoire parfait pour les coureurs qui cherchent \u00e0 optimiser leur mat\u00e9riel sans encombrement.<\/p>\n<p class=\"\" data-start=\"1102\" data-end=\"1418\"><strong data-start=\"1102\" data-end=\"1136\">Un Accessoire Incontournable :<\/strong>\u00a0La\u00a0<strong data-start=\"1140\" data-end=\"1152\">Race Cup<\/strong>\u00a0est un accessoire essentiel pour tous les coureurs soucieux de leur impact \u00e9cologique. De plus, elle fait souvent partie du mat\u00e9riel\u00a0<strong data-start=\"1286\" data-end=\"1300\">recommand\u00e9<\/strong>\u00a0voire\u00a0<strong data-start=\"1307\" data-end=\"1322\">obligatoire<\/strong>\u00a0lors des \u00e9v\u00e9nements sportifs pour respecter les initiatives \u00e9co-responsables des organisateurs.<\/p>\n","protected":false},"excerpt":{"rendered":"<p>La\u00a0Race Cup\u00a0est un gobelet innovant. Con\u00e7u sp\u00e9cialement pour les ravitaillements en course. Sa\u00a0forme souple et pliable\u00a0permet de le ranger facilement dans une petite poche de votre \u00e9quipement, offrant une praticit\u00e9 maximale. Gr\u00e2ce \u00e0 ses\u00a0deux languettes\u00a0situ\u00e9es sur la partie sup\u00e9rieure, ce gobelet est simple \u00e0 utiliser pendant la course. Il peut \u00e9galement \u00eatre facilement attach\u00e9 \u00e0 [&hellip;]<\/p>\n","protected":false},"featured_media":3619,"template":"","meta":[],"pwb-brand":[153],"product_brand":[],"product_cat":[34],"product_tag":[],"class_list":{"0":"post-3616","1":"product","2":"type-product","3":"status-publish","4":"has-post-thumbnail","6":"pwb-brand-oxsitis","7":"product_cat-sac-dhydratation-poche-a-eau","9":"first","10":"instock","11":"shipping-taxable","12":"purchasable","13":"product-type-simple"},"brands":[{"id":153,"name":"OXSITIS","slug":"oxsitis"}],"_links":{"self":[{"href":"https:\/\/rrunning.tribalt.agency\/index.php?rest_route=\/wp\/v2\/product\/3616","targetHints":{"allow":["GET"]}}],"collection":[{"href":"https:\/\/rrunning.tribalt.agency\/index.php?rest_route=\/wp\/v2\/product"}],"about":[{"href":"https:\/\/rrunning.tribalt.agency\/index.php?rest_route=\/wp\/v2\/types\/product"}],"wp:featuredmedia":[{"embeddable":true,"href":"https:\/\/rrunning.tribalt.agency\/index.php?rest_route=\/wp\/v2\/media\/3619"}],"wp:attachment":[{"href":"https:\/\/rrunning.tribalt.agency\/index.php?rest_route=%2Fwp%2Fv2%2Fmedia&parent=3616"}],"wp:term":[{"taxonomy":"pwb-brand","embeddable":true,"href":"https:\/\/rrunning.tribalt.agency\/index.php?rest_route=%2Fwp%2Fv2%2Fpwb-brand&post=3616"},{"taxonomy":"product_brand","embeddable":true,"href":"https:\/\/rrunning.tribalt.agency\/index.php?rest_route=%2Fwp%2Fv2%2Fproduct_brand&post=3616"},{"taxonomy":"product_cat","embeddable":true,"href":"https:\/\/rrunning.tribalt.agency\/index.php?rest_route=%2Fwp%2Fv2%2Fproduct_cat&post=3616"},{"taxonomy":"product_tag","embeddable":true,"href":"https:\/\/rrunning.tribalt.agency\/index.php?rest_route=%2Fwp%2Fv2%2Fproduct_tag&post=3616"}],"curies":[{"name":"wp","href":"https:\/\/api.w.org\/{rel}","templated":true}]}}