{"id":3609,"date":"2025-09-07T09:43:28","date_gmt":"2025-09-07T07:43:28","guid":{"rendered":"https:\/\/rrunning.tribalt.agency\/?post_type=product&#038;p=3609"},"modified":"2025-09-07T09:48:07","modified_gmt":"2025-09-07T07:48:07","slug":"manchettes","status":"publish","type":"product","link":"https:\/\/rrunning.tribalt.agency\/?product=manchettes","title":{"rendered":"MANCHETTES"},"content":{"rendered":"<p>D\u00e9couvrez nos\u00a0<strong>manchettes<\/strong>, con\u00e7ues pour vous offrir une\u00a0<strong>protection optimale contre le vent<\/strong>\u00a0et le\u00a0<strong>froid<\/strong>\u00a0lors de vos sorties en ext\u00e9rieur.\u00a0<strong>Leger<\/strong>\u00a0et\u00a0<strong>respirant<\/strong>, ce produit est parfait pour les\u00a0<strong>transitions de saison.\u00a0<\/strong>Ainsi, elles vous permettent de rester \u00e0 l\u2019aise sans compromettre votre style.<\/p>\n<p>La\u00a0<strong>mati\u00e8re extensible<\/strong>\u00a0s\u2019adapte \u00e0 toutes les morphologies, garantissant un\u00a0<strong>ajustement personnalis\u00e9<\/strong>\u00a0pour chaque sportifs. Id\u00e9ales pour les\u00a0<strong>sorties course \u00e0 pied<\/strong>,\u00a0<strong>trail<\/strong>\u00a0ou simplement en\u00a0<strong>randonn\u00e9e<\/strong>, ces\u00a0<strong>manchettes.\u00a0<\/strong>Elles vous prot\u00e8geront du froid et vous offriront une\u00a0<strong>libert\u00e9 de mouvement<\/strong>\u00a0incomparable.<\/p>\n<p>Pour une\u00a0<strong>stabilit\u00e9 maximale<\/strong>, nos manchettes sont dot\u00e9es de bandes antiglisse au niveau des biceps. Gr\u00e2ce \u00e0 une bande en silicone de maintien, elles restent bien en place. Cela vous permettra de rester concentr\u00e9 sur votre activit\u00e9 sans craindre qu\u2019elles glissent ou se d\u00e9placent.<\/p>\n<p>&nbsp;<\/p>\n<p>En plus de leur fonctionnalit\u00e9, elles sont con\u00e7ues pour assurer une\u00a0<strong>protection thermique<\/strong>\u00a0efficace. Elles vous gardent au chaud sans vous surcharger, parfait pour les journ\u00e9es fraiches de mi-saison. Leur\u00a0<strong>l\u00e9g\u00e8ret\u00e9<\/strong>\u00a0et leur\u00a0<strong>respirabilit\u00e9<\/strong>\u00a0en font un accessoire indispensable pour les sportifs qui souhaitent rester performants tout en \u00e9tant prot\u00e9g\u00e9s des temp\u00e9ratures hivernales.<\/p>\n<p>En choisissant nos manchettes, vous optez pour un\u00a0<strong>produit<\/strong>\u00a0\u00e0 la fois\u00a0<strong>\u00e9thique<\/strong>\u00a0et\u00a0<strong>performant<\/strong>, qui vous accompagnera dans toutes vos activit\u00e9s.<\/p>\n","protected":false},"excerpt":{"rendered":"<p>D\u00e9couvrez nos\u00a0manchettes, con\u00e7ues pour vous offrir une\u00a0protection optimale contre le vent\u00a0et le\u00a0froid\u00a0lors de vos sorties en ext\u00e9rieur.\u00a0Leger\u00a0et\u00a0respirant, ce produit est parfait pour les\u00a0transitions de saison.\u00a0Ainsi, elles vous permettent de rester \u00e0 l\u2019aise sans compromettre votre style. La\u00a0mati\u00e8re extensible\u00a0s\u2019adapte \u00e0 toutes les morphologies, garantissant un\u00a0ajustement personnalis\u00e9\u00a0pour chaque sportifs. Id\u00e9ales pour les\u00a0sorties course \u00e0 pied,\u00a0trail\u00a0ou simplement en\u00a0randonn\u00e9e, [&hellip;]<\/p>\n","protected":false},"featured_media":3610,"template":"","meta":[],"pwb-brand":[153],"product_brand":[],"product_cat":[32],"product_tag":[],"class_list":{"0":"post-3609","1":"product","2":"type-product","3":"status-publish","4":"has-post-thumbnail","6":"pwb-brand-oxsitis","7":"product_cat-manchons","9":"first","10":"instock","11":"shipping-taxable","12":"purchasable","13":"product-type-simple"},"brands":[{"id":153,"name":"OXSITIS","slug":"oxsitis"}],"_links":{"self":[{"href":"https:\/\/rrunning.tribalt.agency\/index.php?rest_route=\/wp\/v2\/product\/3609","targetHints":{"allow":["GET"]}}],"collection":[{"href":"https:\/\/rrunning.tribalt.agency\/index.php?rest_route=\/wp\/v2\/product"}],"about":[{"href":"https:\/\/rrunning.tribalt.agency\/index.php?rest_route=\/wp\/v2\/types\/product"}],"wp:featuredmedia":[{"embeddable":true,"href":"https:\/\/rrunning.tribalt.agency\/index.php?rest_route=\/wp\/v2\/media\/3610"}],"wp:attachment":[{"href":"https:\/\/rrunning.tribalt.agency\/index.php?rest_route=%2Fwp%2Fv2%2Fmedia&parent=3609"}],"wp:term":[{"taxonomy":"pwb-brand","embeddable":true,"href":"https:\/\/rrunning.tribalt.agency\/index.php?rest_route=%2Fwp%2Fv2%2Fpwb-brand&post=3609"},{"taxonomy":"product_brand","embeddable":true,"href":"https:\/\/rrunning.tribalt.agency\/index.php?rest_route=%2Fwp%2Fv2%2Fproduct_brand&post=3609"},{"taxonomy":"product_cat","embeddable":true,"href":"https:\/\/rrunning.tribalt.agency\/index.php?rest_route=%2Fwp%2Fv2%2Fproduct_cat&post=3609"},{"taxonomy":"product_tag","embeddable":true,"href":"https:\/\/rrunning.tribalt.agency\/index.php?rest_route=%2Fwp%2Fv2%2Fproduct_tag&post=3609"}],"curies":[{"name":"wp","href":"https:\/\/api.w.org\/{rel}","templated":true}]}}