{"id":3602,"date":"2025-09-07T09:30:45","date_gmt":"2025-09-07T07:30:45","guid":{"rendered":"https:\/\/rrunning.tribalt.agency\/?post_type=product&#038;p=3602"},"modified":"2025-09-07T09:34:39","modified_gmt":"2025-09-07T07:34:39","slug":"kit-pipettes","status":"publish","type":"product","link":"https:\/\/rrunning.tribalt.agency\/?product=kit-pipettes","title":{"rendered":"KIT PIPETTES"},"content":{"rendered":"<p class=\"\" data-start=\"232\" data-end=\"605\">Am\u00e9liorez votre confort d\u2019hydratation en course avec le\u00a0<strong data-start=\"288\" data-end=\"321\">Kit Pipettes Flask by Oxsitis<\/strong>, un accessoire indispensable pour tous les adeptes de trail, running ou randonn\u00e9e. Sp\u00e9cialement con\u00e7u pour s\u2019adapter aux\u00a0Flasks 500 ml by Oxsitis, ce kit vous permet de boire sans effort, sans sortir votre flasque de la poche frontale de votre sac ou gilet d\u2019hydratation.<\/p>\n<ul data-start=\"1109\" data-end=\"1489\">\n<li data-start=\"1109\" data-end=\"1226\">\n<p data-start=\"1111\" data-end=\"1226\"><strong data-start=\"1111\" data-end=\"1137\">Tube flexible de 13 cm<\/strong>\u00a0: parfait pour boire facilement en mouvement, ajustable en longueur selon vos besoins. En effet, le tube peut se d\u00e9clipser pour \u00eatre coup\u00e9 \u00e0 la hauteur souhait\u00e9e.<\/p>\n<\/li>\n<li data-start=\"1227\" data-end=\"1350\">\n<p data-start=\"1229\" data-end=\"1350\"><strong data-start=\"1229\" data-end=\"1254\">Bouchon \u00e0 vis \u00e9tanche<\/strong>\u00a0: con\u00e7u exclusivement pour les flaks Oxsitis 500 ml, il assure une compatibilit\u00e9 parfaite. La prise est optimis\u00e9e pour une meilleure pr\u00e9hension lors de l\u2019ouverture du pas de vis.<\/p>\n<\/li>\n<li data-start=\"1351\" data-end=\"1489\">\n<p data-start=\"1353\" data-end=\"1489\"><strong data-start=\"1353\" data-end=\"1388\">Valve droite en silicone souple<\/strong>\u00a0: confortable en bouche, hygi\u00e9nique et r\u00e9sistante, elle garantit une aspiration fluide sans fuite.<\/p>\n<\/li>\n<\/ul>\n<ul data-start=\"1531\" data-end=\"1879\">\n<li data-start=\"1531\" data-end=\"1605\">\n<p data-start=\"1533\" data-end=\"1605\">\u2705\u00a0<strong data-start=\"1535\" data-end=\"1560\">Hydratation facilit\u00e9e<\/strong>\u00a0: buvez en courant sans sortir la flasque.<\/p>\n<\/li>\n<li data-start=\"1606\" data-end=\"1694\">\n<p data-start=\"1608\" data-end=\"1694\">\u2705\u00a0<strong data-start=\"1610\" data-end=\"1629\">Confort maximal<\/strong>\u00a0: tube flexible et valve souple pour une utilisation agr\u00e9able.<\/p>\n<\/li>\n<li data-start=\"1695\" data-end=\"1780\">\n<p data-start=\"1697\" data-end=\"1780\">\u2705\u00a0<strong data-start=\"1699\" data-end=\"1723\">Mat\u00e9riaux de qualit\u00e9<\/strong>\u00a0: sans BPA, r\u00e9sistants et adapt\u00e9s \u00e0 un usage intensif.<\/p>\n<\/li>\n<li data-start=\"1781\" data-end=\"1879\">\n<p data-start=\"1783\" data-end=\"1879\">\u2705\u00a0<strong data-start=\"1785\" data-end=\"1805\">Nettoyage facile<\/strong>\u00a0: chaque \u00e9l\u00e9ment est d\u00e9montable pour un entretien rapide et hygi\u00e9nique.<\/p>\n<\/li>\n<\/ul>\n<p data-start=\"1902\" data-end=\"2016\">\u26a0\ufe0f\u00a0Uniquement compatible avec les\u00a0<strong data-start=\"1936\" data-end=\"1971\">Flasks 500 ml Oxsitis<\/strong>. Non adapt\u00e9 aux autres formats ou marques.<\/p>\n<p data-start=\"2049\" data-end=\"2334\">L\u00e9ger, pratique et durable, le\u00a0<strong data-start=\"2080\" data-end=\"2110\">kit pipettes flask Oxsitis<\/strong>\u00a0devient rapidement un indispensable pour tous les sportifs en qu\u00eate de performance et de confort. Il vous permet de rester concentr\u00e9 sur votre effort, sans contrainte, et garantit une\u00a0hydratation optimale\u00a0\u00e0 chaque sortie.<\/p>\n","protected":false},"excerpt":{"rendered":"<p>Am\u00e9liorez votre confort d\u2019hydratation en course avec le\u00a0Kit Pipettes Flask by Oxsitis, un accessoire indispensable pour tous les adeptes de trail, running ou randonn\u00e9e. Sp\u00e9cialement con\u00e7u pour s\u2019adapter aux\u00a0Flasks 500 ml by Oxsitis, ce kit vous permet de boire sans effort, sans sortir votre flasque de la poche frontale de votre sac ou gilet d\u2019hydratation. [&hellip;]<\/p>\n","protected":false},"featured_media":3603,"template":"","meta":[],"pwb-brand":[153],"product_brand":[],"product_cat":[154],"product_tag":[],"class_list":{"0":"post-3602","1":"product","2":"type-product","3":"status-publish","4":"has-post-thumbnail","6":"pwb-brand-oxsitis","7":"product_cat-accessoires-accessoires","9":"first","10":"instock","11":"shipping-taxable","12":"purchasable","13":"product-type-simple"},"brands":[{"id":153,"name":"OXSITIS","slug":"oxsitis"}],"_links":{"self":[{"href":"https:\/\/rrunning.tribalt.agency\/index.php?rest_route=\/wp\/v2\/product\/3602","targetHints":{"allow":["GET"]}}],"collection":[{"href":"https:\/\/rrunning.tribalt.agency\/index.php?rest_route=\/wp\/v2\/product"}],"about":[{"href":"https:\/\/rrunning.tribalt.agency\/index.php?rest_route=\/wp\/v2\/types\/product"}],"wp:featuredmedia":[{"embeddable":true,"href":"https:\/\/rrunning.tribalt.agency\/index.php?rest_route=\/wp\/v2\/media\/3603"}],"wp:attachment":[{"href":"https:\/\/rrunning.tribalt.agency\/index.php?rest_route=%2Fwp%2Fv2%2Fmedia&parent=3602"}],"wp:term":[{"taxonomy":"pwb-brand","embeddable":true,"href":"https:\/\/rrunning.tribalt.agency\/index.php?rest_route=%2Fwp%2Fv2%2Fpwb-brand&post=3602"},{"taxonomy":"product_brand","embeddable":true,"href":"https:\/\/rrunning.tribalt.agency\/index.php?rest_route=%2Fwp%2Fv2%2Fproduct_brand&post=3602"},{"taxonomy":"product_cat","embeddable":true,"href":"https:\/\/rrunning.tribalt.agency\/index.php?rest_route=%2Fwp%2Fv2%2Fproduct_cat&post=3602"},{"taxonomy":"product_tag","embeddable":true,"href":"https:\/\/rrunning.tribalt.agency\/index.php?rest_route=%2Fwp%2Fv2%2Fproduct_tag&post=3602"}],"curies":[{"name":"wp","href":"https:\/\/api.w.org\/{rel}","templated":true}]}}