{"id":3596,"date":"2025-09-07T09:27:25","date_gmt":"2025-09-07T07:27:25","guid":{"rendered":"https:\/\/rrunning.tribalt.agency\/?post_type=product&#038;p=3596"},"modified":"2025-09-16T19:25:50","modified_gmt":"2025-09-16T17:25:50","slug":"gravity-5-bleu","status":"publish","type":"product","link":"https:\/\/rrunning.tribalt.agency\/?product=gravity-5-bleu","title":{"rendered":"GRAVITY 5 BLEU"},"content":{"rendered":"<p>A la recherche d\u2019un\u00a0<strong>gilet de trail polyvalent<\/strong>\u00a0et\u00a0<strong>respirant<\/strong>\u00a0? Le\u00a0<strong>Gravity 5 L<\/strong>\u00a0est le choix incontournable pour les pratiquants en qu\u00eate de\u00a0<strong>confort<\/strong>,\u00a0<strong>polyvalence<\/strong>\u00a0et\u00a0<strong>l\u00e9g\u00e8ret\u00e9<\/strong>. Con\u00e7u pour les passionn\u00e9s de trail, il combine\u00a0<strong>performance<\/strong>\u00a0et\u00a0<strong>fonctionnalit\u00e9<\/strong>.<\/p>\n<h4>Caract\u00e9ristiques principales :<\/h4>\n<ul>\n<li><strong>Poids<\/strong>\u00a0: 150 g<\/li>\n<li><strong>Volume<\/strong>\u00a0: 5 litres<\/li>\n<li><strong>Mat\u00e9riaux<\/strong>\u00a0: mesh 3D \u00e0 structure ouverte pour une respirabilit\u00e9 optimale,<\/li>\n<li><strong>Accessoires inclus<\/strong>\u00a0: 2\u00a0flasks 500ml<\/li>\n<li><strong>Compatible avec<\/strong>\u00a0:\u00a0poche \u00e0 eau 2 litres\u00a0(<em>non incluse<\/em>)<\/li>\n<\/ul>\n<h4>D\u00e9tails techniques :<\/h4>\n<ul>\n<li><strong>Respirabilit\u00e9<\/strong>\u00a0: le mesh 3D favorise la circulation de l\u2019air et la thermor\u00e9gulation. Assure un confort accru lors de vos activit\u00e9s,<\/li>\n<li><strong>Capacit\u00e9 de rangement<\/strong>\u00a0: 6 poches de rangement, dont :\n<ul>\n<li>1 poche zipp\u00e9e en bas de sac r\u00e9sistante \u00e0 l\u2019eau<\/li>\n<li>Poches extensibles \u00e0 l\u2019avant pour un acc\u00e8s facile \u00e0 vos \u00e9quipements<\/li>\n<\/ul>\n<\/li>\n<li><strong>Syst\u00e8me de r\u00e9glage<\/strong>\u00a0:\n<ul>\n<li>Syst\u00e8me de r\u00e9glage lat\u00e9ral avec velcro inject\u00e9 non abrasif, de qualit\u00e9 m\u00e9dicale pour un ajustement personnalis\u00e9,<\/li>\n<li>Velcro d\u00e9tachable pour un acc\u00e8s rapide aux poches arri\u00e8re sans retirer le gilet ! Il suffit de le tourner autour de vous sans le retirer enti\u00e8rement.<\/li>\n<\/ul>\n<\/li>\n<li><strong>S\u00e9curit\u00e9<\/strong>\u00a0: El\u00e9ments r\u00e9fl\u00e9chissants pour une meilleure visibilit\u00e9 lors des courses nocturnes,<\/li>\n<\/ul>\n<h4>Conception :<\/h4>\n<p>Le Gravity 5 est con\u00e7u avec des tissus :<\/p>\n<ul>\n<li><strong>Tissu mesh 3D tr\u00e8s r\u00e9sistant<\/strong>\u00a0avec s\u00e9chage rapide<\/li>\n<li><strong>Tissu extensible ajour\u00e9<\/strong>\u00a0pour un confort optimal<\/li>\n<\/ul>\n<p>Le syst\u00e8me de\u00a0<strong>serrage ventral<\/strong>\u00a0et\u00a0<strong>pectoral<\/strong>\u00a0permet un\u00a0<strong>maintien s\u00fbr<\/strong>, adapt\u00e9 \u00e0 tous vos mouvements.<\/p>\n<p>Ce\u00a0<strong>gilet de trail<\/strong>\u00a0qui allie\u00a0<strong>l\u00e9g\u00e8ret\u00e9<\/strong>,\u00a0<strong>confort<\/strong>\u00a0et\u00a0<strong>praticit\u00e9<\/strong>. Id\u00e9al pour les\u00a0<strong>trails courts et longs<\/strong>.<\/p>\n<p>&nbsp;<\/p>\n","protected":false},"excerpt":{"rendered":"<p>A la recherche d\u2019un\u00a0gilet de trail polyvalent\u00a0et\u00a0respirant\u00a0? Le\u00a0Gravity 5 L\u00a0est le choix incontournable pour les pratiquants en qu\u00eate de\u00a0confort,\u00a0polyvalence\u00a0et\u00a0l\u00e9g\u00e8ret\u00e9. Con\u00e7u pour les passionn\u00e9s de trail, il combine\u00a0performance\u00a0et\u00a0fonctionnalit\u00e9. Caract\u00e9ristiques principales : Poids\u00a0: 150 g Volume\u00a0: 5 litres Mat\u00e9riaux\u00a0: mesh 3D \u00e0 structure ouverte pour une respirabilit\u00e9 optimale, Accessoires inclus\u00a0: 2\u00a0flasks 500ml Compatible avec\u00a0:\u00a0poche \u00e0 eau 2 [&hellip;]<\/p>\n","protected":false},"featured_media":3597,"template":"","meta":[],"pwb-brand":[153],"product_brand":[],"product_cat":[34],"product_tag":[],"class_list":{"0":"post-3596","1":"product","2":"type-product","3":"status-publish","4":"has-post-thumbnail","6":"pwb-brand-oxsitis","7":"product_cat-sac-dhydratation-poche-a-eau","9":"first","10":"instock","11":"shipping-taxable","12":"purchasable","13":"product-type-simple"},"brands":[{"id":153,"name":"OXSITIS","slug":"oxsitis"}],"_links":{"self":[{"href":"https:\/\/rrunning.tribalt.agency\/index.php?rest_route=\/wp\/v2\/product\/3596","targetHints":{"allow":["GET"]}}],"collection":[{"href":"https:\/\/rrunning.tribalt.agency\/index.php?rest_route=\/wp\/v2\/product"}],"about":[{"href":"https:\/\/rrunning.tribalt.agency\/index.php?rest_route=\/wp\/v2\/types\/product"}],"wp:featuredmedia":[{"embeddable":true,"href":"https:\/\/rrunning.tribalt.agency\/index.php?rest_route=\/wp\/v2\/media\/3597"}],"wp:attachment":[{"href":"https:\/\/rrunning.tribalt.agency\/index.php?rest_route=%2Fwp%2Fv2%2Fmedia&parent=3596"}],"wp:term":[{"taxonomy":"pwb-brand","embeddable":true,"href":"https:\/\/rrunning.tribalt.agency\/index.php?rest_route=%2Fwp%2Fv2%2Fpwb-brand&post=3596"},{"taxonomy":"product_brand","embeddable":true,"href":"https:\/\/rrunning.tribalt.agency\/index.php?rest_route=%2Fwp%2Fv2%2Fproduct_brand&post=3596"},{"taxonomy":"product_cat","embeddable":true,"href":"https:\/\/rrunning.tribalt.agency\/index.php?rest_route=%2Fwp%2Fv2%2Fproduct_cat&post=3596"},{"taxonomy":"product_tag","embeddable":true,"href":"https:\/\/rrunning.tribalt.agency\/index.php?rest_route=%2Fwp%2Fv2%2Fproduct_tag&post=3596"}],"curies":[{"name":"wp","href":"https:\/\/api.w.org\/{rel}","templated":true}]}}