{"id":3590,"date":"2025-09-07T09:10:40","date_gmt":"2025-09-07T07:10:40","guid":{"rendered":"https:\/\/rrunning.tribalt.agency\/?post_type=product&#038;p=3590"},"modified":"2025-09-16T19:26:30","modified_gmt":"2025-09-16T17:26:30","slug":"ghost-8-femme-2","status":"publish","type":"product","link":"https:\/\/rrunning.tribalt.agency\/?product=ghost-8-femme-2","title":{"rendered":"GHOST 8 femme"},"content":{"rendered":"<p>Le gilet d\u2019hydratation GHOST 8 W est con\u00e7u pour les sportives qui recherchent un \u00e9quipement minimaliste, confortable et pratique. Avec ses mat\u00e9riaux recycl\u00e9s et sa conception innovante, il offre un excellent compromis entre performance et confort. Il est \u00e9galement adapt\u00e9 \u00e0 la morphologie des femmes. En effet il poss\u00e8de des bretelles redessin\u00e9es pour \u00e9viter les frottements au niveau du cou et de la nuque. Ainsi,\u00a0 il \u00e9pouse parfaitement la clavicule. De plus, les flasques sont positionn\u00e9es pour ne pas reposer sur la poitrine, garantissant un confort optimal pendant votre course.<\/p>\n<h4><strong>Caract\u00e9ristiques principales du GHOST 8 W :<\/strong><\/h4>\n<ul>\n<li><strong>Capacit\u00e9<\/strong>\u00a0: 8 litres, id\u00e9al pour transporter vos essentiels en toute l\u00e9g\u00e8ret\u00e9.<\/li>\n<li><strong>Construction minimaliste<\/strong>\u00a0: Design simple et fonctionnel, avec des coutures thermocoll\u00e9es pour plus de durabilit\u00e9.<\/li>\n<li><strong>Syst\u00e8me de serrage ajustable<\/strong>\u00a0: Serrage ventral et pectoral minimaliste, r\u00e9glable en hauteur pour un ajustement parfait.<\/li>\n<li><strong>Poches de rangement<\/strong>\u00a0: Nombreuses poches, r\u00e9sistantes \u00e0 l\u2019eau pour prot\u00e9ger vos objets de la pluie.<\/li>\n<li><strong>Poche carquois<\/strong>\u00a0: Poche extensible pour un rangement rapide et pratique, id\u00e9ale pour ranger une veste.<\/li>\n<li><strong>Syst\u00e8me porte-b\u00e2tons<\/strong>\u00a0: poche arri\u00e8re horizontale siliconn\u00e9e.<\/li>\n<li><strong>Porte-dossard magn\u00e9tique<\/strong>\u00a0: Permet de fixer facilement un dossard lors de vos courses.<\/li>\n<\/ul>\n<p><strong>Mat\u00e9riaux et conception :<\/strong><\/p>\n<ul>\n<li><strong>Tissu mesh ultralight<\/strong>\u00a0: Tr\u00e8s respirant et \u00e0 s\u00e9chage rapide pour un confort optimal lors d\u2019activit\u00e9s intenses.<\/li>\n<li><strong>Tissu stretch ajour\u00e9 recycl\u00e9<\/strong>\u00a0: Confortable, extensible et fabriqu\u00e9 \u00e0 partir de mat\u00e9riaux recycl\u00e9s pour un impact environnemental r\u00e9duit.<\/li>\n<li><strong>Coutures thermocoll\u00e9es<\/strong>\u00a0: Pour une construction plus l\u00e9g\u00e8re et r\u00e9sistante.<\/li>\n<\/ul>\n<p><strong>\u00c9l\u00e9ments de s\u00e9curit\u00e9 :<\/strong><\/p>\n<ul>\n<li><strong>\u00c9l\u00e9ments r\u00e9fl\u00e9chissants<\/strong>\u00a0: Pour une visibilit\u00e9 accrue lors de vos sorties en conditions de faible luminosit\u00e9.<\/li>\n<\/ul>\n<p><strong>Dimensions :<\/strong><\/p>\n<ul>\n<li><strong>Capacit\u00e9<\/strong>\u00a0: 8L<\/li>\n<li><strong>Tailles disponibles<\/strong>\u00a0S,M et L.<\/li>\n<li><strong>Femme<\/strong><\/li>\n<\/ul>\n","protected":false},"excerpt":{"rendered":"<p>Le gilet d\u2019hydratation GHOST 8 W est con\u00e7u pour les sportives qui recherchent un \u00e9quipement minimaliste, confortable et pratique. Avec ses mat\u00e9riaux recycl\u00e9s et sa conception innovante, il offre un excellent compromis entre performance et confort. Il est \u00e9galement adapt\u00e9 \u00e0 la morphologie des femmes. En effet il poss\u00e8de des bretelles redessin\u00e9es pour \u00e9viter les [&hellip;]<\/p>\n","protected":false},"featured_media":3576,"template":"","meta":[],"pwb-brand":[153],"product_brand":[],"product_cat":[34],"product_tag":[],"class_list":{"0":"post-3590","1":"product","2":"type-product","3":"status-publish","4":"has-post-thumbnail","6":"pwb-brand-oxsitis","7":"product_cat-sac-dhydratation-poche-a-eau","9":"first","10":"instock","11":"shipping-taxable","12":"purchasable","13":"product-type-simple"},"brands":[{"id":153,"name":"OXSITIS","slug":"oxsitis"}],"_links":{"self":[{"href":"https:\/\/rrunning.tribalt.agency\/index.php?rest_route=\/wp\/v2\/product\/3590","targetHints":{"allow":["GET"]}}],"collection":[{"href":"https:\/\/rrunning.tribalt.agency\/index.php?rest_route=\/wp\/v2\/product"}],"about":[{"href":"https:\/\/rrunning.tribalt.agency\/index.php?rest_route=\/wp\/v2\/types\/product"}],"wp:featuredmedia":[{"embeddable":true,"href":"https:\/\/rrunning.tribalt.agency\/index.php?rest_route=\/wp\/v2\/media\/3576"}],"wp:attachment":[{"href":"https:\/\/rrunning.tribalt.agency\/index.php?rest_route=%2Fwp%2Fv2%2Fmedia&parent=3590"}],"wp:term":[{"taxonomy":"pwb-brand","embeddable":true,"href":"https:\/\/rrunning.tribalt.agency\/index.php?rest_route=%2Fwp%2Fv2%2Fpwb-brand&post=3590"},{"taxonomy":"product_brand","embeddable":true,"href":"https:\/\/rrunning.tribalt.agency\/index.php?rest_route=%2Fwp%2Fv2%2Fproduct_brand&post=3590"},{"taxonomy":"product_cat","embeddable":true,"href":"https:\/\/rrunning.tribalt.agency\/index.php?rest_route=%2Fwp%2Fv2%2Fproduct_cat&post=3590"},{"taxonomy":"product_tag","embeddable":true,"href":"https:\/\/rrunning.tribalt.agency\/index.php?rest_route=%2Fwp%2Fv2%2Fproduct_tag&post=3590"}],"curies":[{"name":"wp","href":"https:\/\/api.w.org\/{rel}","templated":true}]}}